{"id":2,"date":"2015-12-22T07:07:04","date_gmt":"2015-12-22T06:07:04","guid":{"rendered":"http:\/\/xdast.abcde.biz\/wordpress\/?page_id=2"},"modified":"2025-10-30T11:10:57","modified_gmt":"2025-10-30T10:10:57","slug":"hinweise","status":"publish","type":"page","link":"https:\/\/www.atelier-e-six.de\/wordpress\/hinweise\/","title":{"rendered":"Klavierunterricht"},"content":{"rendered":"<h5><span style=\"color: #120945;\">Ich arbeite hauptberuflich als freiberufliche<br \/>\n<span style=\"color: #0000ff;\"><a style=\"color: #0000ff;\" href=\"https:\/\/klavierunterricht-st-wendel.de\" target=\"_blank\" rel=\"noopener noreferrer\">Klavierlehrerin <\/a><\/span>in St.Wendel Oberlinxweiler <\/span><\/h5>\n<h5><span style=\"color: #120945;\">und nebenberuflich als freischaffende K\u00fcnstlerin.<\/span><\/h5>\n<p>&nbsp;<\/p>\n<p><span style=\"color: #120945;\">Unter <\/span><\/p>\n<p><span style=\"color: #0000ff;\"><a style=\"color: #0000ff;\" href=\"https:\/\/klavierunterricht-st-wendel.de\" target=\"_blank\" rel=\"noopener noreferrer\">https:\/\/klavierunterricht-st-wendel.de<\/a><\/span><\/p>\n<p><span style=\"color: #120945;\">k\u00f6nnen Sie sich ein Bild von meiner<br \/>\nk\u00fcnstlerischen Arbeit und von mir machen.<\/span><\/p>\n<p><span style=\"color: #120945;\">Auf Pinterest bin ich zu finden unter<\/span><\/p>\n<p><span style=\"color: #0000ff;\"> <a style=\"color: #0000ff;\" href=\"https:\/\/www.pinterest.de\/AtelierESix\/\">https:\/\/www.pinterest.de\/AtelierESix<\/a><\/span><\/p>\n<p><span style=\"color: #120945;\">Seit Januar 2019 habe ich \u00fcber 2000<br \/>\ndigitale Illustrationen ( &#8220;digital art &#8220;) erstellt,<br \/>\ndie auf Shutterstock erh\u00e4ltlich sind:<\/span><\/p>\n<p><a style=\"color: #120945;\" href=\"https:\/\/www.shutterstock.com\/de\/g\/elisabeth+six\" target=\"_blank\" rel=\"noopener noreferrer\"><span style=\"color: #0000ff;\">https:\/\/www.shutterstock.com\/de\/g\/elisabeth+six<\/span><\/a><\/p>\n<p><span style=\"color: #120945;\">Meinen Youtube-Channel finden Sie unter<br \/>\n<a style=\"color: #120945;\" href=\"https:\/\/www.youtube.com\/c\/ElisabethSix\" target=\"_blank\" rel=\"noopener noreferrer\"><span style=\"color: #0000ff;\">https:\/\/www.youtube.com\/c\/ElisabethSix<\/span><\/a><\/span><\/p>\n<p>und<\/p>\n<p><a href=\"https:\/\/www.youtube.com\/channel\/UChGdairOY5gvMUjI35KiVCg\" target=\"_blank\" rel=\"noopener noreferrer\">https:\/\/www.youtube.com\/channel\/UChGdairOY5gvMUjI35KiVCg<\/a><\/p>\n<p>&nbsp;<\/p>\n<p><a href=\"https:\/\/www.atelier-e-six.de\/wordpress\/wp-content\/uploads\/2015\/12\/IMG_20170417_101743.jpg\"><img loading=\"lazy\" decoding=\"async\" class=\"aligncenter size-medium wp-image-420\" src=\"https:\/\/www.atelier-e-six.de\/wordpress\/wp-content\/uploads\/2015\/12\/IMG_20170417_101743-220x300.jpg\" alt=\"\" width=\"220\" height=\"300\" srcset=\"https:\/\/www.atelier-e-six.de\/wordpress\/wp-content\/uploads\/2015\/12\/IMG_20170417_101743-220x300.jpg 220w, https:\/\/www.atelier-e-six.de\/wordpress\/wp-content\/uploads\/2015\/12\/IMG_20170417_101743-600x819.jpg 600w, https:\/\/www.atelier-e-six.de\/wordpress\/wp-content\/uploads\/2015\/12\/IMG_20170417_101743-768x1049.jpg 768w, https:\/\/www.atelier-e-six.de\/wordpress\/wp-content\/uploads\/2015\/12\/IMG_20170417_101743-750x1024.jpg 750w, https:\/\/www.atelier-e-six.de\/wordpress\/wp-content\/uploads\/2015\/12\/IMG_20170417_101743.jpg 1135w\" sizes=\"auto, (max-width: 220px) 100vw, 220px\" \/><\/a><\/p>\n<p>&nbsp;<\/p>\n<p>Bei offenen Fragen erreichen Sie mich \u00fcber das Kontaktformular oder telefonisch.<\/p>\n<p>Ich antworte innerhalb von 48 Stunden oder ich rufe Sie innerhalb von 48 Stunden zur\u00fcck.<\/p>\n<blockquote><p><form method=\"post\" id=\"cntctfrm_contact_form\" class=\"cntctfrm_contact_form cntctfrm_one_column cntctfrm_ltr cntctfrm_width_default\" action=\"\/wordpress\/wp-json\/wp\/v2\/pages\/2#cntctfrm_contact_form\" enctype=\"multipart\/form-data\"><div id=\"cntctfrm_first_column\" class=\"cntctfrm_column\"><div class=\"cntctfrm_field_wrap cntctfrm_field_name_wrap\"namecontact><div class=\"cntctfrm_label cntctfrm_label_name\">\n\t\t\t\t\t\t\t\t\t\t<label for=\"cntctfrm_contact_name\">Name: <span class=\"required\">*<\/span><\/label><\/div><div class=\"cntctfrm_input cntctfrm_input_name\">\n\t\t\t\t\t\t\t\t\t\t<input namecontact class=\"text\" type=\"text\" size=\"40\" value=\"\" name=\"cntctfrm_contact_name\" id=\"cntctfrm_contact_name\" \/><\/div><\/div><div class=\"cntctfrm_field_wrap cntctfrm_field_email_wrap\"email><div class=\"cntctfrm_label cntctfrm_label_email\">\n\t\t\t\t\t\t\t\t\t\t<label for=\"cntctfrm_contact_email\">E-Mail Adresse:: <span class=\"required\">*<\/span><\/label>\n\t\t\t\t\t\t\t\t\t<\/div><div class=\"cntctfrm_input cntctfrm_input_email\">\n\t\t\t\t\t\t\t\t\t\t<input email class=\"text\" type=\"text\" size=\"40\" value=\"\" name=\"cntctfrm_contact_email\" id=\"cntctfrm_contact_email\" \/><\/div><\/div><div class=\"cntctfrm_field_wrap cntctfrm_field_subject_wrap\"subject><div class=\"cntctfrm_label cntctfrm_label_subject\">\n\t\t\t\t\t\t\t\t\t\t<label for=\"cntctfrm_contact_subject\">Betreff: <span class=\"required\">*<\/span><\/label>\n\t\t\t\t\t\t\t\t\t<\/div><div class=\"cntctfrm_input cntctfrm_input_subject\">\n\t\t\t\t\t\t\t\t\t<input subjectclass=\"text\" type=\"text\" size=\"40\" value=\"\" name=\"cntctfrm_contact_subject\" id=\"cntctfrm_contact_subject\" \/><\/div><\/div><div class=\"cntctfrm_field_wrap cntctfrm_field_message_wrap\"message><div class=\"cntctfrm_label cntctfrm_label_message\">\n\t\t\t\t\t\t\t\t\t<label for=\"cntctfrm_contact_message\">Inhalt: <span class=\"required\">*<\/span><\/label>\n\t\t\t\t\t\t\t\t<\/div><div class=\"cntctfrm_input cntctfrm_input_message\">\n\t\t\t\t\t\t\t\t\t<textarea message rows=\"5\" cols=\"30\" name=\"cntctfrm_contact_message\" id=\"cntctfrm_contact_message\"><\/textarea><\/div><\/div><div class=\"cntctfrm_field_wrap cntctfrm_field_attachment_wrap\"><div class=\"cntctfrm_checkbox cntctfrm_checkbox_send_copy\">\n\t\t\t\t\t\t\t\t\t\t<input type=\"checkbox\" value=\"1\" name=\"cntctfrm_contact_send_copy\" id=\"cntctfrm_contact_send_copy\" \/>\n\t\t\t\t\t\t\t\t\t\t<label for=\"cntctfrm_contact_send_copy\">Kopie an mich senden<\/label><\/div><\/div><\/div><div class=\"clear\"><\/div><div class=\"cntctfrm_submit_wrap\"><div id=\"cntctfrm_submit_first_column\" class=\"cntctfrm_column\"><div class=\"cntctfrm_input cntctfrm_input_submit\"><input type=\"hidden\" value=\"send\" name=\"cntctfrm_contact_action\">\n\t\t\t\t\t\t\t<input type=\"hidden\" value=\"default\" name=\"cntctfrm_language\">\n\t\t\t\t\t\t\t<input type=\"hidden\" value=\"1\" name=\"cntctfrm_form_submited\">\n\t\t\t\t\t\t\t<input type=\"hidden\" value=\"cntctfrm_options\" name=\"cntctfrm_options_name\">\n\t\t\t\t\t\t\t<input type=\"submit\" value=\"Senden\" class=\"cntctfrm_contact_submit\" \/>\n\t\t\t\t\t\t<\/div><\/div><div id=\"cntctfrm_submit_second_column\" class=\"cntctfrm_column\"><\/div><div class=\"clear\"><\/div>\n\t\t\t<\/div>\n\t\t\t<\/form><!--more--><\/p><\/blockquote>\n<h2><form method=\"post\" id=\"cntctfrm_contact_form_2\" class=\"cntctfrm_contact_form cntctfrm_one_column cntctfrm_ltr cntctfrm_width_default\" action=\"\/wordpress\/wp-json\/wp\/v2\/pages\/2#cntctfrm_contact_form_2\" enctype=\"multipart\/form-data\"><div id=\"cntctfrm_first_column\" class=\"cntctfrm_column\"><div class=\"cntctfrm_field_wrap cntctfrm_field_name_wrap\"namecontact><div class=\"cntctfrm_label cntctfrm_label_name\">\n\t\t\t\t\t\t\t\t\t\t<label for=\"cntctfrm_contact_name_2\">Name: <span class=\"required\">*<\/span><\/label><\/div><div class=\"cntctfrm_input cntctfrm_input_name\">\n\t\t\t\t\t\t\t\t\t\t<input namecontact class=\"text\" type=\"text\" size=\"40\" value=\"\" name=\"cntctfrm_contact_name\" id=\"cntctfrm_contact_name_2\" \/><\/div><\/div><div class=\"cntctfrm_field_wrap cntctfrm_field_email_wrap\"email><div class=\"cntctfrm_label cntctfrm_label_email\">\n\t\t\t\t\t\t\t\t\t\t<label for=\"cntctfrm_contact_email_2\">E-Mail Adresse:: <span class=\"required\">*<\/span><\/label>\n\t\t\t\t\t\t\t\t\t<\/div><div class=\"cntctfrm_input cntctfrm_input_email\">\n\t\t\t\t\t\t\t\t\t\t<input email class=\"text\" type=\"text\" size=\"40\" value=\"\" name=\"cntctfrm_contact_email\" id=\"cntctfrm_contact_email_2\" \/><\/div><\/div><div class=\"cntctfrm_field_wrap cntctfrm_field_subject_wrap\"subject><div class=\"cntctfrm_label cntctfrm_label_subject\">\n\t\t\t\t\t\t\t\t\t\t<label for=\"cntctfrm_contact_subject_2\">Betreff: <span class=\"required\">*<\/span><\/label>\n\t\t\t\t\t\t\t\t\t<\/div><div class=\"cntctfrm_input cntctfrm_input_subject\">\n\t\t\t\t\t\t\t\t\t<input subjectclass=\"text\" type=\"text\" size=\"40\" value=\"\" name=\"cntctfrm_contact_subject\" id=\"cntctfrm_contact_subject_2\" \/><\/div><\/div><div class=\"cntctfrm_field_wrap cntctfrm_field_message_wrap\"message><div class=\"cntctfrm_label cntctfrm_label_message\">\n\t\t\t\t\t\t\t\t\t<label for=\"cntctfrm_contact_message_2\">Inhalt: <span class=\"required\">*<\/span><\/label>\n\t\t\t\t\t\t\t\t<\/div><div class=\"cntctfrm_input cntctfrm_input_message\">\n\t\t\t\t\t\t\t\t\t<textarea message rows=\"5\" cols=\"30\" name=\"cntctfrm_contact_message\" id=\"cntctfrm_contact_message_2\"><\/textarea><\/div><\/div><div class=\"cntctfrm_field_wrap cntctfrm_field_attachment_wrap\"><div class=\"cntctfrm_checkbox cntctfrm_checkbox_send_copy\">\n\t\t\t\t\t\t\t\t\t\t<input type=\"checkbox\" value=\"1\" name=\"cntctfrm_contact_send_copy\" id=\"cntctfrm_contact_send_copy\" \/>\n\t\t\t\t\t\t\t\t\t\t<label for=\"cntctfrm_contact_send_copy\">Kopie an mich senden<\/label><\/div><\/div><\/div><div class=\"clear\"><\/div><div class=\"cntctfrm_submit_wrap\"><div id=\"cntctfrm_submit_first_column\" class=\"cntctfrm_column\"><div class=\"cntctfrm_input cntctfrm_input_submit\"><input type=\"hidden\" value=\"send\" name=\"cntctfrm_contact_action\">\n\t\t\t\t\t\t\t<input type=\"hidden\" value=\"default\" name=\"cntctfrm_language\">\n\t\t\t\t\t\t\t<input type=\"hidden\" value=\"2\" name=\"cntctfrm_form_submited\">\n\t\t\t\t\t\t\t<input type=\"hidden\" value=\"cntctfrm_options\" name=\"cntctfrm_options_name\">\n\t\t\t\t\t\t\t<input type=\"submit\" value=\"Senden\" class=\"cntctfrm_contact_submit\" \/>\n\t\t\t\t\t\t<\/div><\/div><div id=\"cntctfrm_submit_second_column\" class=\"cntctfrm_column\"><\/div><div class=\"clear\"><\/div>\n\t\t\t<\/div>\n\t\t\t<\/form><\/h2>\n<h3><span style=\"color: #003366;\">Copyright:<\/span><u><\/u><u><\/u><\/h3>\n<h3><span style=\"color: #003366;\">Nach Erwerb eines meiner Gem\u00e4lde wird das Copyright weiterhin mir zustehen und die Bilder werden zuk\u00fcnftig oder weiterhin auf meiner Webpr\u00e4senz ver\u00f6ffentlicht bleiben.<\/span><\/h3>\n<h2><span style=\"color: #ff0000;\">F\u00fcr Ver\u00f6ffenlichungen im privaten oder beruflichen Umfeld, beispielsweise im Hintergund eines Posts oder einer Fotografie ben\u00f6tigen Sie <strong>keine <\/strong>Einverst\u00e4ndniserkl\u00e4rung von mir!&nbsp;<\/span><\/h2>\n<p>F\u00fcr die von mir sehr gern gesehene Weitergabe von Fotos meiner Gem\u00e4lde in sozialen Netzwerken und allen anderen Internetseiten (Resharing) muss der Copyright-Hinweis \u00a9Elisabeth Six oder \u00a9www.atelier-e-six.de oder mein Name im Post oder als Link enthalten sein.&nbsp;<\/p>\n<p>&nbsp;<\/p>\n<h3><span style=\"color: #003366;\">Die gewerbliche Nutzung ohne schriftliche Einverst\u00e4ndniserkl\u00e4rung ist untersagt.&nbsp;<\/span><span style=\"color: #003366;\">&nbsp;<\/span><\/h3>\n<h3><span style=\"color: #003366;\"><b>Kopieren, Reproduzieren und Ausdrucken oder Ver\u00f6ffentlichung dieser Bilder ist nur mit ausdr\u00fccklicher Genehmigung von Elisabeth Six erlaubt.<\/b><\/span><\/h3>\n<h3><span style=\"color: #003366;\">Zuwiderhandlungen sind Urheberrechtsverletzungen und werden zur Strafanzeige gebracht insbesondere bei gewerblicher Nutzung.<\/span><\/h3>\n<p>&nbsp;<\/p>\n<p>Selbstverst\u00e4ndlich ist es auch&nbsp; erlaubt, wenn die Bilder beispielsweise in einem Internetauftritt beim Darstellen der R\u00e4ume zu sehen sind. Es geht vor allem um die gewerbliche&nbsp; Nutzung mit Gewinnabsicht, also Reproduktion und Verkauf als Druck oder Poster und um Verbreitung von Fotos der Gem\u00e4lde in Reinkultur ohne Namensnennung oder Copyright-Hinweis, was strengstens untersagt ist.&nbsp; Ich werde Ihnen gerne gegebenenfalls vor einem geplanten Internetauftritt eine schriftliche Erlaubnis zukommen lassen. Ein anderer Aspekt besteht darin, dass ich Fotos der Bilder weiterhin auf meiner Website und anderen Plattformen ver\u00f6ffentlichen werde. Das Copyright ist sozusagen eine rechtliche Absicherung der Dokumentation meines Lebenswerks und ein Schutz vor unerlaubter Reproduktion.&nbsp; Nebenbei bemerkt freue ich mich immer sehr, wenn meine K\u00e4ufer mir Fotos der Bilder in der neuen Umgebung zuschicken und \u00fcber jegliche R\u00fcckmeldung und \u00fcber die Verbreitung in sozialen Netzwerken.<\/p>\n<p>Falls weitere Fragen offen stehen, k\u00f6nnen Sie mich gerne kontaktieren.&nbsp;<\/p>\n<p>&nbsp;<\/p>\n<p>&nbsp;<\/p>\n<p>&nbsp;<\/p>\n<p><img decoding=\"async\" src=\"https:\/\/www.it-recht-kanzlei.de\/logo\/6._Logo_Juristisch_betreut_durch_ITRecht_Kanzlei.png?i=307e0-16f62-39c6-907c-1\" alt=\"Vertreten durch die IT-Recht Kanzlei\"><\/p>\n","protected":false},"excerpt":{"rendered":"<p>Ich arbeite hauptberuflich als freiberufliche Klavierlehrerin in St.Wendel Oberlinxweiler und nebenberuflich als freischaffende K\u00fcnstlerin. &nbsp; Unter https:\/\/klavierunterricht-st-wendel.de k\u00f6nnen Sie sich ein Bild von meiner k\u00fcnstlerischen Arbeit und von mir machen. Auf Pinterest bin ich zu finden unter https:\/\/www.pinterest.de\/AtelierESix Seit Januar 2019 habe ich \u00fcber 2000 digitale Illustrationen ( &#8220;digital art<\/p>\n","protected":false},"author":1,"featured_media":0,"parent":0,"menu_order":0,"comment_status":"closed","ping_status":"open","template":"template-fullwidth.php","meta":{"ngg_post_thumbnail":0,"footnotes":""},"class_list":["post-2","page","type-page","status-publish","hentry"],"_links":{"self":[{"href":"https:\/\/www.atelier-e-six.de\/wordpress\/wp-json\/wp\/v2\/pages\/2","targetHints":{"allow":["GET"]}}],"collection":[{"href":"https:\/\/www.atelier-e-six.de\/wordpress\/wp-json\/wp\/v2\/pages"}],"about":[{"href":"https:\/\/www.atelier-e-six.de\/wordpress\/wp-json\/wp\/v2\/types\/page"}],"author":[{"embeddable":true,"href":"https:\/\/www.atelier-e-six.de\/wordpress\/wp-json\/wp\/v2\/users\/1"}],"replies":[{"embeddable":true,"href":"https:\/\/www.atelier-e-six.de\/wordpress\/wp-json\/wp\/v2\/comments?post=2"}],"version-history":[{"count":51,"href":"https:\/\/www.atelier-e-six.de\/wordpress\/wp-json\/wp\/v2\/pages\/2\/revisions"}],"predecessor-version":[{"id":304216,"href":"https:\/\/www.atelier-e-six.de\/wordpress\/wp-json\/wp\/v2\/pages\/2\/revisions\/304216"}],"wp:attachment":[{"href":"https:\/\/www.atelier-e-six.de\/wordpress\/wp-json\/wp\/v2\/media?parent=2"}],"curies":[{"name":"wp","href":"https:\/\/api.w.org\/{rel}","templated":true}]}}