{"id":130315,"date":"2021-02-03T16:39:04","date_gmt":"2021-02-03T15:39:04","guid":{"rendered":"https:\/\/www.atelier-e-six.de\/wordpress\/?post_type=product&#038;p=130315"},"modified":"2022-07-12T21:04:13","modified_gmt":"2022-07-12T19:04:13","slug":"oelbild-50-x-50-cm-12","status":"publish","type":"product","link":"https:\/\/www.atelier-e-six.de\/wordpress\/produkt\/oelbild-50-x-50-cm-12\/","title":{"rendered":"\u00d6lbild 50 x 50 cm"},"content":{"rendered":"<p dir=\"ltr\" style=\"text-align: center;\">\u00d6lgem\u00e4lde von Elisabeth Six 50 mal 50 cm&nbsp; auf Leinwand Keilrahmen<\/p>\n<p><a href=\"https:\/\/www.atelier-e-six.de\/wordpress\/wp-content\/uploads\/2020\/11\/20nov7.jpg\"><img loading=\"lazy\" decoding=\"async\" class=\"size-large wp-image-114442 aligncenter\" src=\"https:\/\/www.atelier-e-six.de\/wordpress\/wp-content\/uploads\/2020\/11\/20nov7-1024x1004.jpg\" alt=\"\" width=\"780\" height=\"765\" srcset=\"https:\/\/www.atelier-e-six.de\/wordpress\/wp-content\/uploads\/2020\/11\/20nov7-1024x1004.jpg 1024w, https:\/\/www.atelier-e-six.de\/wordpress\/wp-content\/uploads\/2020\/11\/20nov7-300x294.jpg 300w, https:\/\/www.atelier-e-six.de\/wordpress\/wp-content\/uploads\/2020\/11\/20nov7-768x753.jpg 768w, https:\/\/www.atelier-e-six.de\/wordpress\/wp-content\/uploads\/2020\/11\/20nov7-600x588.jpg 600w\" sizes=\"auto, (max-width: 780px) 100vw, 780px\" \/><\/a><\/p>\n<p dir=\"ltr\" style=\"text-align: center;\"><a href=\"https:\/\/www.atelier-e-six.de\/wordpress\/wp-content\/uploads\/2020\/11\/IMG_20201128_150023.jpg\"><img loading=\"lazy\" decoding=\"async\" class=\"aligncenter size-large wp-image-114440\" src=\"https:\/\/www.atelier-e-six.de\/wordpress\/wp-content\/uploads\/2020\/11\/IMG_20201128_150023-768x1024.jpg\" alt=\"\" width=\"768\" height=\"1024\" srcset=\"https:\/\/www.atelier-e-six.de\/wordpress\/wp-content\/uploads\/2020\/11\/IMG_20201128_150023-768x1024.jpg 768w, https:\/\/www.atelier-e-six.de\/wordpress\/wp-content\/uploads\/2020\/11\/IMG_20201128_150023-225x300.jpg 225w, https:\/\/www.atelier-e-six.de\/wordpress\/wp-content\/uploads\/2020\/11\/IMG_20201128_150023-600x800.jpg 600w\" sizes=\"auto, (max-width: 768px) 100vw, 768px\" \/><\/a><\/p>\n<p dir=\"ltr\" style=\"text-align: center;\"><a href=\"https:\/\/www.atelier-e-six.de\/wordpress\/wp-content\/uploads\/2020\/11\/IMG_20201128_150114.jpg\"><img loading=\"lazy\" decoding=\"async\" class=\"aligncenter size-large wp-image-114441\" src=\"https:\/\/www.atelier-e-six.de\/wordpress\/wp-content\/uploads\/2020\/11\/IMG_20201128_150114-1024x768.jpg\" alt=\"\" width=\"780\" height=\"585\" srcset=\"https:\/\/www.atelier-e-six.de\/wordpress\/wp-content\/uploads\/2020\/11\/IMG_20201128_150114-1024x768.jpg 1024w, https:\/\/www.atelier-e-six.de\/wordpress\/wp-content\/uploads\/2020\/11\/IMG_20201128_150114-300x225.jpg 300w, https:\/\/www.atelier-e-six.de\/wordpress\/wp-content\/uploads\/2020\/11\/IMG_20201128_150114-768x576.jpg 768w, https:\/\/www.atelier-e-six.de\/wordpress\/wp-content\/uploads\/2020\/11\/IMG_20201128_150114-600x450.jpg 600w\" sizes=\"auto, (max-width: 780px) 100vw, 780px\" \/><\/a><\/p>\n<p><a href=\"https:\/\/www.atelier-e-six.de\/wordpress\/wp-content\/uploads\/2020\/11\/20nov7.jpg\"><img loading=\"lazy\" decoding=\"async\" class=\"size-large wp-image-114442 aligncenter\" src=\"https:\/\/www.atelier-e-six.de\/wordpress\/wp-content\/uploads\/2020\/11\/20nov7-1024x1004.jpg\" alt=\"\" width=\"780\" height=\"765\" srcset=\"https:\/\/www.atelier-e-six.de\/wordpress\/wp-content\/uploads\/2020\/11\/20nov7-1024x1004.jpg 1024w, https:\/\/www.atelier-e-six.de\/wordpress\/wp-content\/uploads\/2020\/11\/20nov7-300x294.jpg 300w, https:\/\/www.atelier-e-six.de\/wordpress\/wp-content\/uploads\/2020\/11\/20nov7-768x753.jpg 768w, https:\/\/www.atelier-e-six.de\/wordpress\/wp-content\/uploads\/2020\/11\/20nov7-600x588.jpg 600w\" sizes=\"auto, (max-width: 780px) 100vw, 780px\" \/><\/a><\/p>\n<p><a href=\"https:\/\/www.atelier-e-six.de\/wordpress\/wp-content\/uploads\/2020\/11\/IMG_20201127_211049.jpg\"><img loading=\"lazy\" decoding=\"async\" class=\"size-large wp-image-114443 aligncenter\" src=\"https:\/\/www.atelier-e-six.de\/wordpress\/wp-content\/uploads\/2020\/11\/IMG_20201127_211049-1024x999.jpg\" alt=\"\" width=\"780\" height=\"761\" srcset=\"https:\/\/www.atelier-e-six.de\/wordpress\/wp-content\/uploads\/2020\/11\/IMG_20201127_211049-1024x999.jpg 1024w, https:\/\/www.atelier-e-six.de\/wordpress\/wp-content\/uploads\/2020\/11\/IMG_20201127_211049-300x293.jpg 300w, https:\/\/www.atelier-e-six.de\/wordpress\/wp-content\/uploads\/2020\/11\/IMG_20201127_211049-768x749.jpg 768w, https:\/\/www.atelier-e-six.de\/wordpress\/wp-content\/uploads\/2020\/11\/IMG_20201127_211049-600x585.jpg 600w\" sizes=\"auto, (max-width: 780px) 100vw, 780px\" \/><\/a><\/p>\n<p dir=\"ltr\" style=\"text-align: center;\">Das Gem\u00e4lde wurde von mir auf Leinwand Keilrahmen handgefertigt in meinem Atelier.<\/p>\n<p dir=\"ltr\" style=\"text-align: center;\">&nbsp;<\/p>\n<p dir=\"ltr\" style=\"text-align: center;\">R\u00fcckseitig mit Signatur, vollem Namen, Websitevermerk, Copyright-Hinweis und Entstehungsjahr versehen. Vorderseitige Signatur auf Wunsch.<\/p>\n<p dir=\"ltr\" style=\"text-align: center;\">Sie erhalten das abgebildete Originalgem\u00e4lde mit auf Wunsch zus\u00e4tzlich unmittelbar&nbsp; vor dem Versand angebrachter vorderseitiger Signatur.<\/p>\n<p dir=\"ltr\" style=\"text-align: center;\">Jedes Gem\u00e4lde wird vor dem Versand mit frischem Abschlussfirnis versehen.<\/p>\n<p dir=\"ltr\" style=\"text-align: center;\">Die Gem\u00e4lde werden&nbsp; weiterhin oder zuk\u00fcnftig auf meiner Website www.atelier-e-six.de und www.elisabethsix.de ver\u00f6ffentlicht bleiben.<\/p>\n<p dir=\"ltr\" style=\"text-align: center;\">COPYRIGHT E.SIX<\/p>\n","protected":false},"excerpt":{"rendered":"<p>\u00d6lgem\u00e4lde von Elisabeth Six 50 mal 50 cm&nbsp; auf Leinwand Keilrahmen Das Gem\u00e4lde wurde von mir auf Leinwand Keilrahmen handgefertigt in meinem Atelier. &nbsp; R\u00fcckseitig mit Signatur, vollem Namen, Websitevermerk, Copyright-Hinweis und Entstehungsjahr versehen. Vorderseitige Signatur auf Wunsch. Sie erhalten das abgebildete Originalgem\u00e4lde mit auf Wunsch zus\u00e4tzlich unmittelbar&nbsp; vor dem<\/p>\n","protected":false},"featured_media":114442,"comment_status":"closed","ping_status":"closed","template":"","meta":{"ngg_post_thumbnail":0},"product_cat":[82,65,7],"product_tag":[79,76],"class_list":["post-130315","product","type-product","status-publish","has-post-thumbnail","hentry","product_cat-201-e-500-e","product_cat-50-x-50-cm","product_cat-oelgemaelde","product_tag-abstract-art","product_tag-elisabeth-six"],"_links":{"self":[{"href":"https:\/\/www.atelier-e-six.de\/wordpress\/wp-json\/wp\/v2\/product\/130315","targetHints":{"allow":["GET"]}}],"collection":[{"href":"https:\/\/www.atelier-e-six.de\/wordpress\/wp-json\/wp\/v2\/product"}],"about":[{"href":"https:\/\/www.atelier-e-six.de\/wordpress\/wp-json\/wp\/v2\/types\/product"}],"replies":[{"embeddable":true,"href":"https:\/\/www.atelier-e-six.de\/wordpress\/wp-json\/wp\/v2\/comments?post=130315"}],"wp:featuredmedia":[{"embeddable":true,"href":"https:\/\/www.atelier-e-six.de\/wordpress\/wp-json\/wp\/v2\/media\/114442"}],"wp:attachment":[{"href":"https:\/\/www.atelier-e-six.de\/wordpress\/wp-json\/wp\/v2\/media?parent=130315"}],"wp:term":[{"taxonomy":"product_cat","embeddable":true,"href":"https:\/\/www.atelier-e-six.de\/wordpress\/wp-json\/wp\/v2\/product_cat?post=130315"},{"taxonomy":"product_tag","embeddable":true,"href":"https:\/\/www.atelier-e-six.de\/wordpress\/wp-json\/wp\/v2\/product_tag?post=130315"}],"curies":[{"name":"wp","href":"https:\/\/api.w.org\/{rel}","templated":true}]}}