{"id":130316,"date":"2021-02-03T16:40:34","date_gmt":"2021-02-03T15:40:34","guid":{"rendered":"https:\/\/www.atelier-e-six.de\/wordpress\/?post_type=product&#038;p=130316"},"modified":"2022-07-12T21:04:01","modified_gmt":"2022-07-12T19:04:01","slug":"oelbild-50-x-50-cm-7","status":"publish","type":"product","link":"https:\/\/www.atelier-e-six.de\/wordpress\/produkt\/oelbild-50-x-50-cm-7\/","title":{"rendered":"\u00d6lbild 50 x 50 cm"},"content":{"rendered":"<p dir=\"ltr\" style=\"text-align: center;\">\u00d6lgem\u00e4lde von Elisabeth Six 50 mal 50 cm&nbsp; auf Leinwand Keilrahmen<\/p>\n<p dir=\"ltr\" style=\"text-align: center;\"><a href=\"https:\/\/www.atelier-e-six.de\/wordpress\/wp-content\/uploads\/2020\/12\/IMG_20201231_143047.jpg\"><img loading=\"lazy\" decoding=\"async\" class=\"aligncenter size-large wp-image-121880\" src=\"https:\/\/www.atelier-e-six.de\/wordpress\/wp-content\/uploads\/2020\/12\/IMG_20201231_143047-1019x1024.jpg\" alt=\"\" width=\"780\" height=\"784\" srcset=\"https:\/\/www.atelier-e-six.de\/wordpress\/wp-content\/uploads\/2020\/12\/IMG_20201231_143047-1019x1024.jpg 1019w, https:\/\/www.atelier-e-six.de\/wordpress\/wp-content\/uploads\/2020\/12\/IMG_20201231_143047-150x150.jpg 150w, https:\/\/www.atelier-e-six.de\/wordpress\/wp-content\/uploads\/2020\/12\/IMG_20201231_143047-298x300.jpg 298w, https:\/\/www.atelier-e-six.de\/wordpress\/wp-content\/uploads\/2020\/12\/IMG_20201231_143047-768x772.jpg 768w, https:\/\/www.atelier-e-six.de\/wordpress\/wp-content\/uploads\/2020\/12\/IMG_20201231_143047-600x603.jpg 600w, https:\/\/www.atelier-e-six.de\/wordpress\/wp-content\/uploads\/2020\/12\/IMG_20201231_143047-100x100.jpg 100w\" sizes=\"auto, (max-width: 780px) 100vw, 780px\" \/><\/a><\/p>\n<p><a href=\"https:\/\/www.atelier-e-six.de\/wordpress\/wp-content\/uploads\/2020\/12\/IMG_20201231_134253.jpg\"><img loading=\"lazy\" decoding=\"async\" class=\"size-large wp-image-121879 aligncenter\" src=\"https:\/\/www.atelier-e-six.de\/wordpress\/wp-content\/uploads\/2020\/12\/IMG_20201231_134253-1024x1010.jpg\" alt=\"\" width=\"780\" height=\"769\" srcset=\"https:\/\/www.atelier-e-six.de\/wordpress\/wp-content\/uploads\/2020\/12\/IMG_20201231_134253-1024x1010.jpg 1024w, https:\/\/www.atelier-e-six.de\/wordpress\/wp-content\/uploads\/2020\/12\/IMG_20201231_134253-300x296.jpg 300w, https:\/\/www.atelier-e-six.de\/wordpress\/wp-content\/uploads\/2020\/12\/IMG_20201231_134253-768x758.jpg 768w, https:\/\/www.atelier-e-six.de\/wordpress\/wp-content\/uploads\/2020\/12\/IMG_20201231_134253-600x592.jpg 600w, https:\/\/www.atelier-e-six.de\/wordpress\/wp-content\/uploads\/2020\/12\/IMG_20201231_134253-100x100.jpg 100w\" sizes=\"auto, (max-width: 780px) 100vw, 780px\" \/><\/a><\/p>\n<p dir=\"ltr\" style=\"text-align: center;\">&nbsp;<\/p>\n<p dir=\"ltr\" style=\"text-align: center;\"><a href=\"https:\/\/www.atelier-e-six.de\/wordpress\/wp-content\/uploads\/2020\/12\/IMG_20201231_133700.jpg\"><img loading=\"lazy\" decoding=\"async\" class=\"aligncenter size-large wp-image-121876\" src=\"https:\/\/www.atelier-e-six.de\/wordpress\/wp-content\/uploads\/2020\/12\/IMG_20201231_133700-1024x768.jpg\" alt=\"\" width=\"780\" height=\"585\" srcset=\"https:\/\/www.atelier-e-six.de\/wordpress\/wp-content\/uploads\/2020\/12\/IMG_20201231_133700-1024x768.jpg 1024w, https:\/\/www.atelier-e-six.de\/wordpress\/wp-content\/uploads\/2020\/12\/IMG_20201231_133700-300x225.jpg 300w, https:\/\/www.atelier-e-six.de\/wordpress\/wp-content\/uploads\/2020\/12\/IMG_20201231_133700-768x576.jpg 768w, https:\/\/www.atelier-e-six.de\/wordpress\/wp-content\/uploads\/2020\/12\/IMG_20201231_133700-600x450.jpg 600w\" sizes=\"auto, (max-width: 780px) 100vw, 780px\" \/><\/a><\/p>\n<p dir=\"ltr\" style=\"text-align: center;\"><a href=\"https:\/\/www.atelier-e-six.de\/wordpress\/wp-content\/uploads\/2020\/12\/IMG_20201231_133704.jpg\"><img loading=\"lazy\" decoding=\"async\" class=\"aligncenter size-large wp-image-121877\" src=\"https:\/\/www.atelier-e-six.de\/wordpress\/wp-content\/uploads\/2020\/12\/IMG_20201231_133704-1024x768.jpg\" alt=\"\" width=\"780\" height=\"585\" srcset=\"https:\/\/www.atelier-e-six.de\/wordpress\/wp-content\/uploads\/2020\/12\/IMG_20201231_133704-1024x768.jpg 1024w, https:\/\/www.atelier-e-six.de\/wordpress\/wp-content\/uploads\/2020\/12\/IMG_20201231_133704-300x225.jpg 300w, https:\/\/www.atelier-e-six.de\/wordpress\/wp-content\/uploads\/2020\/12\/IMG_20201231_133704-768x576.jpg 768w, https:\/\/www.atelier-e-six.de\/wordpress\/wp-content\/uploads\/2020\/12\/IMG_20201231_133704-600x450.jpg 600w\" sizes=\"auto, (max-width: 780px) 100vw, 780px\" \/><\/a><\/p>\n<p dir=\"ltr\" style=\"text-align: center;\"><a href=\"https:\/\/www.atelier-e-six.de\/wordpress\/wp-content\/uploads\/2020\/12\/IMG_20201231_133708.jpg\"><img loading=\"lazy\" decoding=\"async\" class=\"aligncenter size-large wp-image-121878\" src=\"https:\/\/www.atelier-e-six.de\/wordpress\/wp-content\/uploads\/2020\/12\/IMG_20201231_133708-1024x768.jpg\" alt=\"\" width=\"780\" height=\"585\" srcset=\"https:\/\/www.atelier-e-six.de\/wordpress\/wp-content\/uploads\/2020\/12\/IMG_20201231_133708-1024x768.jpg 1024w, https:\/\/www.atelier-e-six.de\/wordpress\/wp-content\/uploads\/2020\/12\/IMG_20201231_133708-300x225.jpg 300w, https:\/\/www.atelier-e-six.de\/wordpress\/wp-content\/uploads\/2020\/12\/IMG_20201231_133708-768x576.jpg 768w, https:\/\/www.atelier-e-six.de\/wordpress\/wp-content\/uploads\/2020\/12\/IMG_20201231_133708-600x450.jpg 600w\" sizes=\"auto, (max-width: 780px) 100vw, 780px\" \/><\/a><\/p>\n<p dir=\"ltr\" style=\"text-align: center;\">&nbsp;<\/p>\n<p dir=\"ltr\" style=\"text-align: center;\">Das Gem\u00e4lde wurde von mir auf Leinwand Keilrahmen handgefertigt in meinem Atelier.<\/p>\n<p dir=\"ltr\" style=\"text-align: center;\">R\u00fcckseitig mit Signatur, vollem Namen, Websitevermerk, Copyright-Hinweis und Entstehungsjahr versehen. Vorderseitige Signatur auf Wunsch.<\/p>\n<p dir=\"ltr\" style=\"text-align: center;\">Sie erhalten das abgebildete Originalgem\u00e4lde mit auf Wunsch zus\u00e4tzlich unmittelbar&nbsp; vor dem Versand angebrachter vorderseitiger Signatur.<\/p>\n<p dir=\"ltr\" style=\"text-align: center;\">Jedes Gem\u00e4lde wird vor dem Versand mit frischem Abschlussfirnis versehen.<\/p>\n<p dir=\"ltr\" style=\"text-align: center;\">Die Gem\u00e4lde werden&nbsp; weiterhin oder zuk\u00fcnftig auf meiner Website www.atelier-e-six.de und www.elisabethsix.de ver\u00f6ffentlicht bleiben.<\/p>\n<p dir=\"ltr\" style=\"text-align: center;\">COPYRIGHT E.SIX<\/p>\n","protected":false},"excerpt":{"rendered":"<p>\u00d6lgem\u00e4lde von Elisabeth Six 50 mal 50 cm&nbsp; auf Leinwand Keilrahmen &nbsp; &nbsp; Das Gem\u00e4lde wurde von mir auf Leinwand Keilrahmen handgefertigt in meinem Atelier. R\u00fcckseitig mit Signatur, vollem Namen, Websitevermerk, Copyright-Hinweis und Entstehungsjahr versehen. Vorderseitige Signatur auf Wunsch. Sie erhalten das abgebildete Originalgem\u00e4lde mit auf Wunsch zus\u00e4tzlich unmittelbar&nbsp; vor<\/p>\n","protected":false},"featured_media":121880,"comment_status":"closed","ping_status":"closed","template":"","meta":{"ngg_post_thumbnail":0},"product_cat":[82,65,7],"product_tag":[79,76],"class_list":["post-130316","product","type-product","status-publish","has-post-thumbnail","hentry","product_cat-201-e-500-e","product_cat-50-x-50-cm","product_cat-oelgemaelde","product_tag-abstract-art","product_tag-elisabeth-six"],"_links":{"self":[{"href":"https:\/\/www.atelier-e-six.de\/wordpress\/wp-json\/wp\/v2\/product\/130316","targetHints":{"allow":["GET"]}}],"collection":[{"href":"https:\/\/www.atelier-e-six.de\/wordpress\/wp-json\/wp\/v2\/product"}],"about":[{"href":"https:\/\/www.atelier-e-six.de\/wordpress\/wp-json\/wp\/v2\/types\/product"}],"replies":[{"embeddable":true,"href":"https:\/\/www.atelier-e-six.de\/wordpress\/wp-json\/wp\/v2\/comments?post=130316"}],"wp:featuredmedia":[{"embeddable":true,"href":"https:\/\/www.atelier-e-six.de\/wordpress\/wp-json\/wp\/v2\/media\/121880"}],"wp:attachment":[{"href":"https:\/\/www.atelier-e-six.de\/wordpress\/wp-json\/wp\/v2\/media?parent=130316"}],"wp:term":[{"taxonomy":"product_cat","embeddable":true,"href":"https:\/\/www.atelier-e-six.de\/wordpress\/wp-json\/wp\/v2\/product_cat?post=130316"},{"taxonomy":"product_tag","embeddable":true,"href":"https:\/\/www.atelier-e-six.de\/wordpress\/wp-json\/wp\/v2\/product_tag?post=130316"}],"curies":[{"name":"wp","href":"https:\/\/api.w.org\/{rel}","templated":true}]}}