{"id":130317,"date":"2021-02-03T16:41:47","date_gmt":"2021-02-03T15:41:47","guid":{"rendered":"https:\/\/www.atelier-e-six.de\/wordpress\/?post_type=product&#038;p=130317"},"modified":"2021-02-03T16:42:30","modified_gmt":"2021-02-03T15:42:30","slug":"acrylbild-70-x-100-cm-3","status":"publish","type":"product","link":"https:\/\/www.atelier-e-six.de\/wordpress\/produkt\/acrylbild-70-x-100-cm-3\/","title":{"rendered":"Acrylbild 70 x 100 cm"},"content":{"rendered":"<p style=\"text-align: center;\">Acrylgem\u00e4ld<span style=\"font-size: 1.0625rem;\">e von Elisabeth Six 70 mal 100 cm &nbsp;auf Leinwand Keilrahmen<\/span><\/p>\n<p style=\"text-align: center;\"><a href=\"https:\/\/www.atelier-e-six.de\/wordpress\/wp-content\/uploads\/2021\/01\/2021-01-22-19-49-30.jpg\"><img loading=\"lazy\" decoding=\"async\" class=\"aligncenter size-large wp-image-126979\" src=\"https:\/\/www.atelier-e-six.de\/wordpress\/wp-content\/uploads\/2021\/01\/2021-01-22-19-49-30-1024x707.jpg\" alt=\"\" width=\"780\" height=\"539\" srcset=\"https:\/\/www.atelier-e-six.de\/wordpress\/wp-content\/uploads\/2021\/01\/2021-01-22-19-49-30-1024x707.jpg 1024w, https:\/\/www.atelier-e-six.de\/wordpress\/wp-content\/uploads\/2021\/01\/2021-01-22-19-49-30-300x207.jpg 300w, https:\/\/www.atelier-e-six.de\/wordpress\/wp-content\/uploads\/2021\/01\/2021-01-22-19-49-30-768x530.jpg 768w, https:\/\/www.atelier-e-six.de\/wordpress\/wp-content\/uploads\/2021\/01\/2021-01-22-19-49-30-600x414.jpg 600w, https:\/\/www.atelier-e-six.de\/wordpress\/wp-content\/uploads\/2021\/01\/2021-01-22-19-49-30.jpg 1565w\" sizes=\"auto, (max-width: 780px) 100vw, 780px\" \/><\/a><\/p>\n<p style=\"text-align: center;\">&nbsp;<\/p>\n<p style=\"text-align: center;\"><a href=\"https:\/\/www.atelier-e-six.de\/wordpress\/wp-content\/uploads\/2021\/01\/IMG_20210122_141308.jpg\"><img loading=\"lazy\" decoding=\"async\" class=\"aligncenter size-large wp-image-126980\" src=\"https:\/\/www.atelier-e-six.de\/wordpress\/wp-content\/uploads\/2021\/01\/IMG_20210122_141308-768x1024.jpg\" alt=\"\" width=\"768\" height=\"1024\" srcset=\"https:\/\/www.atelier-e-six.de\/wordpress\/wp-content\/uploads\/2021\/01\/IMG_20210122_141308-768x1024.jpg 768w, https:\/\/www.atelier-e-six.de\/wordpress\/wp-content\/uploads\/2021\/01\/IMG_20210122_141308-225x300.jpg 225w, https:\/\/www.atelier-e-six.de\/wordpress\/wp-content\/uploads\/2021\/01\/IMG_20210122_141308-600x800.jpg 600w\" sizes=\"auto, (max-width: 768px) 100vw, 768px\" \/><\/a><\/p>\n<p style=\"text-align: center;\"><a href=\"https:\/\/www.atelier-e-six.de\/wordpress\/wp-content\/uploads\/2021\/01\/IMG_20210122_141310.jpg\"><img loading=\"lazy\" decoding=\"async\" class=\"aligncenter size-large wp-image-126978\" src=\"https:\/\/www.atelier-e-six.de\/wordpress\/wp-content\/uploads\/2021\/01\/IMG_20210122_141310-768x1024.jpg\" alt=\"\" width=\"768\" height=\"1024\" srcset=\"https:\/\/www.atelier-e-six.de\/wordpress\/wp-content\/uploads\/2021\/01\/IMG_20210122_141310-768x1024.jpg 768w, https:\/\/www.atelier-e-six.de\/wordpress\/wp-content\/uploads\/2021\/01\/IMG_20210122_141310-225x300.jpg 225w, https:\/\/www.atelier-e-six.de\/wordpress\/wp-content\/uploads\/2021\/01\/IMG_20210122_141310-600x800.jpg 600w\" sizes=\"auto, (max-width: 768px) 100vw, 768px\" \/><\/a><\/p>\n<p style=\"text-align: center;\"><a href=\"https:\/\/www.atelier-e-six.de\/wordpress\/wp-content\/uploads\/2021\/01\/2021-01-22-19-54-46.jpg\"><img loading=\"lazy\" decoding=\"async\" class=\"aligncenter size-large wp-image-126981\" src=\"https:\/\/www.atelier-e-six.de\/wordpress\/wp-content\/uploads\/2021\/01\/2021-01-22-19-54-46-1024x770.jpg\" alt=\"\" width=\"780\" height=\"587\" srcset=\"https:\/\/www.atelier-e-six.de\/wordpress\/wp-content\/uploads\/2021\/01\/2021-01-22-19-54-46-1024x770.jpg 1024w, https:\/\/www.atelier-e-six.de\/wordpress\/wp-content\/uploads\/2021\/01\/2021-01-22-19-54-46-300x225.jpg 300w, https:\/\/www.atelier-e-six.de\/wordpress\/wp-content\/uploads\/2021\/01\/2021-01-22-19-54-46-768x577.jpg 768w, https:\/\/www.atelier-e-six.de\/wordpress\/wp-content\/uploads\/2021\/01\/2021-01-22-19-54-46-600x451.jpg 600w, https:\/\/www.atelier-e-six.de\/wordpress\/wp-content\/uploads\/2021\/01\/2021-01-22-19-54-46.jpg 1437w\" sizes=\"auto, (max-width: 780px) 100vw, 780px\" \/><\/a><\/p>\n<p style=\"text-align: center;\"><a href=\"https:\/\/www.atelier-e-six.de\/wordpress\/wp-content\/uploads\/2021\/01\/IMG_20210122_182930.jpg\"><img loading=\"lazy\" decoding=\"async\" class=\"aligncenter size-large wp-image-126982\" src=\"https:\/\/www.atelier-e-six.de\/wordpress\/wp-content\/uploads\/2021\/01\/IMG_20210122_182930-700x1024.jpg\" alt=\"\" width=\"700\" height=\"1024\" srcset=\"https:\/\/www.atelier-e-six.de\/wordpress\/wp-content\/uploads\/2021\/01\/IMG_20210122_182930-700x1024.jpg 700w, https:\/\/www.atelier-e-six.de\/wordpress\/wp-content\/uploads\/2021\/01\/IMG_20210122_182930-205x300.jpg 205w, https:\/\/www.atelier-e-six.de\/wordpress\/wp-content\/uploads\/2021\/01\/IMG_20210122_182930-768x1124.jpg 768w, https:\/\/www.atelier-e-six.de\/wordpress\/wp-content\/uploads\/2021\/01\/IMG_20210122_182930-600x878.jpg 600w\" sizes=\"auto, (max-width: 700px) 100vw, 700px\" \/><\/a><\/p>\n<p style=\"text-align: center;\">&nbsp;<\/p>\n<p style=\"text-align: center;\">Gem\u00e4lde wurde von mir auf Leinwand Keilrahmen handgefertigt in meinem Atelier.&nbsp;&nbsp;<\/p>\n<p style=\"text-align: center;\">R\u00fcckseitig mit <span style=\"font-size: 1.0625rem; text-align: center;\">Signatur, vollem Namen, Websitevermerk, Copyright-Hinweis und Entstehungsjahr versehen. Vorderseitige Signatur auf Wunsch.&nbsp; Sie erhalten das abgebildete Originalgem\u00e4lde mit auf Wunsch zus\u00e4tzlich unmittelbar &nbsp;vor dem Versand angebrachter vorderseitiger Signatur. Die Gem\u00e4lde werden &nbsp;weiterhin oder zuk\u00fcnftig auf meiner Website www.atelier-e-six.de und www.elisabethsix.de ver\u00f6ffentlicht bleiben. COPYRIGHT E.SIX<\/span><\/p>\n","protected":false},"excerpt":{"rendered":"<p>Acrylgem\u00e4lde von Elisabeth Six 70 mal 100 cm &nbsp;auf Leinwand Keilrahmen &nbsp; &nbsp; Gem\u00e4lde wurde von mir auf Leinwand Keilrahmen handgefertigt in meinem Atelier.&nbsp;&nbsp; R\u00fcckseitig mit Signatur, vollem Namen, Websitevermerk, Copyright-Hinweis und Entstehungsjahr versehen. Vorderseitige Signatur auf Wunsch.&nbsp; Sie erhalten das abgebildete Originalgem\u00e4lde mit auf Wunsch zus\u00e4tzlich unmittelbar &nbsp;vor dem<\/p>\n","protected":false},"featured_media":126981,"comment_status":"closed","ping_status":"closed","template":"","meta":{"ngg_post_thumbnail":0},"product_cat":[70,179,8],"product_tag":[],"class_list":["post-130317","product","type-product","status-publish","has-post-thumbnail","hentry","product_cat-101-e-200-e","product_cat-70-x-100-cm","product_cat-acrylgemaelde"],"_links":{"self":[{"href":"https:\/\/www.atelier-e-six.de\/wordpress\/wp-json\/wp\/v2\/product\/130317","targetHints":{"allow":["GET"]}}],"collection":[{"href":"https:\/\/www.atelier-e-six.de\/wordpress\/wp-json\/wp\/v2\/product"}],"about":[{"href":"https:\/\/www.atelier-e-six.de\/wordpress\/wp-json\/wp\/v2\/types\/product"}],"replies":[{"embeddable":true,"href":"https:\/\/www.atelier-e-six.de\/wordpress\/wp-json\/wp\/v2\/comments?post=130317"}],"wp:featuredmedia":[{"embeddable":true,"href":"https:\/\/www.atelier-e-six.de\/wordpress\/wp-json\/wp\/v2\/media\/126981"}],"wp:attachment":[{"href":"https:\/\/www.atelier-e-six.de\/wordpress\/wp-json\/wp\/v2\/media?parent=130317"}],"wp:term":[{"taxonomy":"product_cat","embeddable":true,"href":"https:\/\/www.atelier-e-six.de\/wordpress\/wp-json\/wp\/v2\/product_cat?post=130317"},{"taxonomy":"product_tag","embeddable":true,"href":"https:\/\/www.atelier-e-six.de\/wordpress\/wp-json\/wp\/v2\/product_tag?post=130317"}],"curies":[{"name":"wp","href":"https:\/\/api.w.org\/{rel}","templated":true}]}}