{"id":130318,"date":"2021-02-03T16:42:13","date_gmt":"2021-02-03T15:42:13","guid":{"rendered":"https:\/\/www.atelier-e-six.de\/wordpress\/?post_type=product&#038;p=130318"},"modified":"2021-10-28T12:43:22","modified_gmt":"2021-10-28T10:43:22","slug":"acrylbild-80-x-100-cm-12","status":"publish","type":"product","link":"https:\/\/www.atelier-e-six.de\/wordpress\/produkt\/acrylbild-80-x-100-cm-12\/","title":{"rendered":"\u00d6lbild 80 x 100 cm &#8211; verkauft"},"content":{"rendered":"<p style=\"text-align: center;\">\u00d6lgem\u00e4ld<span style=\"font-size: 1.0625rem;\">e von Elisabeth Six 80 mal 100 cm &nbsp;auf Leinwand Keilrahmen<\/span><\/p>\n<p style=\"text-align: center;\"><a href=\"https:\/\/www.atelier-e-six.de\/wordpress\/wp-content\/uploads\/2021\/01\/21jan7.jpg\"><img loading=\"lazy\" decoding=\"async\" class=\"aligncenter size-large wp-image-129370\" src=\"https:\/\/www.atelier-e-six.de\/wordpress\/wp-content\/uploads\/2021\/01\/21jan7-1024x816.jpg\" alt=\"\" width=\"780\" height=\"622\" srcset=\"https:\/\/www.atelier-e-six.de\/wordpress\/wp-content\/uploads\/2021\/01\/21jan7-1024x816.jpg 1024w, https:\/\/www.atelier-e-six.de\/wordpress\/wp-content\/uploads\/2021\/01\/21jan7-300x239.jpg 300w, https:\/\/www.atelier-e-six.de\/wordpress\/wp-content\/uploads\/2021\/01\/21jan7-768x612.jpg 768w, https:\/\/www.atelier-e-six.de\/wordpress\/wp-content\/uploads\/2021\/01\/21jan7-600x478.jpg 600w\" sizes=\"auto, (max-width: 780px) 100vw, 780px\" \/><\/a><\/p>\n<p style=\"text-align: center;\"><a href=\"https:\/\/www.atelier-e-six.de\/wordpress\/wp-content\/uploads\/2021\/01\/IMG_20210130_182124.jpg\"><img loading=\"lazy\" decoding=\"async\" class=\"aligncenter size-large wp-image-129371\" src=\"https:\/\/www.atelier-e-six.de\/wordpress\/wp-content\/uploads\/2021\/01\/IMG_20210130_182124-1024x768.jpg\" alt=\"\" width=\"780\" height=\"585\" srcset=\"https:\/\/www.atelier-e-six.de\/wordpress\/wp-content\/uploads\/2021\/01\/IMG_20210130_182124-1024x768.jpg 1024w, https:\/\/www.atelier-e-six.de\/wordpress\/wp-content\/uploads\/2021\/01\/IMG_20210130_182124-300x225.jpg 300w, https:\/\/www.atelier-e-six.de\/wordpress\/wp-content\/uploads\/2021\/01\/IMG_20210130_182124-768x576.jpg 768w, https:\/\/www.atelier-e-six.de\/wordpress\/wp-content\/uploads\/2021\/01\/IMG_20210130_182124-600x450.jpg 600w\" sizes=\"auto, (max-width: 780px) 100vw, 780px\" \/><\/a><\/p>\n<p style=\"text-align: center;\"><a href=\"https:\/\/www.atelier-e-six.de\/wordpress\/wp-content\/uploads\/2021\/01\/IMG_20210130_182129.jpg\"><img loading=\"lazy\" decoding=\"async\" class=\"aligncenter size-large wp-image-129372\" src=\"https:\/\/www.atelier-e-six.de\/wordpress\/wp-content\/uploads\/2021\/01\/IMG_20210130_182129-1024x768.jpg\" alt=\"\" width=\"780\" height=\"585\" srcset=\"https:\/\/www.atelier-e-six.de\/wordpress\/wp-content\/uploads\/2021\/01\/IMG_20210130_182129-1024x768.jpg 1024w, https:\/\/www.atelier-e-six.de\/wordpress\/wp-content\/uploads\/2021\/01\/IMG_20210130_182129-300x225.jpg 300w, https:\/\/www.atelier-e-six.de\/wordpress\/wp-content\/uploads\/2021\/01\/IMG_20210130_182129-768x576.jpg 768w, https:\/\/www.atelier-e-six.de\/wordpress\/wp-content\/uploads\/2021\/01\/IMG_20210130_182129-600x450.jpg 600w\" sizes=\"auto, (max-width: 780px) 100vw, 780px\" \/><\/a><\/p>\n<p style=\"text-align: center;\"><a href=\"https:\/\/www.atelier-e-six.de\/wordpress\/wp-content\/uploads\/2021\/01\/IMG_20210130_182136.jpg\"><img loading=\"lazy\" decoding=\"async\" class=\"aligncenter size-large wp-image-129373\" src=\"https:\/\/www.atelier-e-six.de\/wordpress\/wp-content\/uploads\/2021\/01\/IMG_20210130_182136-1024x768.jpg\" alt=\"\" width=\"780\" height=\"585\" srcset=\"https:\/\/www.atelier-e-six.de\/wordpress\/wp-content\/uploads\/2021\/01\/IMG_20210130_182136-1024x768.jpg 1024w, https:\/\/www.atelier-e-six.de\/wordpress\/wp-content\/uploads\/2021\/01\/IMG_20210130_182136-300x225.jpg 300w, https:\/\/www.atelier-e-six.de\/wordpress\/wp-content\/uploads\/2021\/01\/IMG_20210130_182136-768x576.jpg 768w, https:\/\/www.atelier-e-six.de\/wordpress\/wp-content\/uploads\/2021\/01\/IMG_20210130_182136-600x450.jpg 600w\" sizes=\"auto, (max-width: 780px) 100vw, 780px\" \/><\/a><\/p>\n<p style=\"text-align: center;\"><a href=\"https:\/\/www.atelier-e-six.de\/wordpress\/wp-content\/uploads\/2021\/01\/IMG_20210130_182145.jpg\"><img loading=\"lazy\" decoding=\"async\" class=\"aligncenter size-large wp-image-129374\" src=\"https:\/\/www.atelier-e-six.de\/wordpress\/wp-content\/uploads\/2021\/01\/IMG_20210130_182145-1024x768.jpg\" alt=\"\" width=\"780\" height=\"585\" srcset=\"https:\/\/www.atelier-e-six.de\/wordpress\/wp-content\/uploads\/2021\/01\/IMG_20210130_182145-1024x768.jpg 1024w, https:\/\/www.atelier-e-six.de\/wordpress\/wp-content\/uploads\/2021\/01\/IMG_20210130_182145-300x225.jpg 300w, https:\/\/www.atelier-e-six.de\/wordpress\/wp-content\/uploads\/2021\/01\/IMG_20210130_182145-768x576.jpg 768w, https:\/\/www.atelier-e-six.de\/wordpress\/wp-content\/uploads\/2021\/01\/IMG_20210130_182145-600x450.jpg 600w\" sizes=\"auto, (max-width: 780px) 100vw, 780px\" \/><\/a><\/p>\n<p style=\"text-align: center;\"><a href=\"https:\/\/www.atelier-e-six.de\/wordpress\/wp-content\/uploads\/2021\/01\/IMG_20210130_182159.jpg\"><img loading=\"lazy\" decoding=\"async\" class=\"aligncenter size-large wp-image-129375\" src=\"https:\/\/www.atelier-e-six.de\/wordpress\/wp-content\/uploads\/2021\/01\/IMG_20210130_182159-1024x768.jpg\" alt=\"\" width=\"780\" height=\"585\" srcset=\"https:\/\/www.atelier-e-six.de\/wordpress\/wp-content\/uploads\/2021\/01\/IMG_20210130_182159-1024x768.jpg 1024w, https:\/\/www.atelier-e-six.de\/wordpress\/wp-content\/uploads\/2021\/01\/IMG_20210130_182159-300x225.jpg 300w, https:\/\/www.atelier-e-six.de\/wordpress\/wp-content\/uploads\/2021\/01\/IMG_20210130_182159-768x576.jpg 768w, https:\/\/www.atelier-e-six.de\/wordpress\/wp-content\/uploads\/2021\/01\/IMG_20210130_182159-600x450.jpg 600w\" sizes=\"auto, (max-width: 780px) 100vw, 780px\" \/><\/a><\/p>\n<p style=\"text-align: center;\"><a href=\"https:\/\/www.atelier-e-six.de\/wordpress\/wp-content\/uploads\/2021\/01\/IMG_20210130_182122.jpg\"><img loading=\"lazy\" decoding=\"async\" class=\"aligncenter size-large wp-image-129376\" src=\"https:\/\/www.atelier-e-six.de\/wordpress\/wp-content\/uploads\/2021\/01\/IMG_20210130_182122-1024x768.jpg\" alt=\"\" width=\"780\" height=\"585\" srcset=\"https:\/\/www.atelier-e-six.de\/wordpress\/wp-content\/uploads\/2021\/01\/IMG_20210130_182122-1024x768.jpg 1024w, https:\/\/www.atelier-e-six.de\/wordpress\/wp-content\/uploads\/2021\/01\/IMG_20210130_182122-300x225.jpg 300w, https:\/\/www.atelier-e-six.de\/wordpress\/wp-content\/uploads\/2021\/01\/IMG_20210130_182122-768x576.jpg 768w, https:\/\/www.atelier-e-six.de\/wordpress\/wp-content\/uploads\/2021\/01\/IMG_20210130_182122-600x450.jpg 600w\" sizes=\"auto, (max-width: 780px) 100vw, 780px\" \/><\/a><\/p>\n<p style=\"text-align: center;\"><a href=\"https:\/\/www.atelier-e-six.de\/wordpress\/wp-content\/uploads\/2021\/01\/21jan7.jpg\"><img loading=\"lazy\" decoding=\"async\" class=\"aligncenter size-large wp-image-129370\" src=\"https:\/\/www.atelier-e-six.de\/wordpress\/wp-content\/uploads\/2021\/01\/21jan7-1024x816.jpg\" alt=\"\" width=\"780\" height=\"622\" srcset=\"https:\/\/www.atelier-e-six.de\/wordpress\/wp-content\/uploads\/2021\/01\/21jan7-1024x816.jpg 1024w, https:\/\/www.atelier-e-six.de\/wordpress\/wp-content\/uploads\/2021\/01\/21jan7-300x239.jpg 300w, https:\/\/www.atelier-e-six.de\/wordpress\/wp-content\/uploads\/2021\/01\/21jan7-768x612.jpg 768w, https:\/\/www.atelier-e-six.de\/wordpress\/wp-content\/uploads\/2021\/01\/21jan7-600x478.jpg 600w\" sizes=\"auto, (max-width: 780px) 100vw, 780px\" \/><\/a><\/p>\n<p style=\"text-align: center;\">Gem\u00e4lde wurde von mir auf Leinwand Keilrahmen handgefertigt in meinem Atelier.&nbsp;&nbsp;<\/p>\n<p style=\"text-align: center;\">R\u00fcckseitig mit <span style=\"font-size: 1.0625rem; text-align: center;\">Signatur, vollem Namen, Websitevermerk, Copyright-Hinweis und Entstehungsjahr versehen. Vorderseitige Signatur auf Wunsch.&nbsp; Sie erhalten das abgebildete Originalgem\u00e4lde mit auf Wunsch zus\u00e4tzlich unmittelbar &nbsp;vor dem Versand angebrachter vorderseitiger Signatur. Die Gem\u00e4lde werden &nbsp;weiterhin oder zuk\u00fcnftig auf meiner Website www.atelier-e-six.de und www.elisabethsix.de ver\u00f6ffentlicht bleiben. COPYRIGHT E.SIX<\/span><\/p>\n","protected":false},"excerpt":{"rendered":"<p>\u00d6lgem\u00e4lde von Elisabeth Six 80 mal 100 cm &nbsp;auf Leinwand Keilrahmen Gem\u00e4lde wurde von mir auf Leinwand Keilrahmen handgefertigt in meinem Atelier.&nbsp;&nbsp; R\u00fcckseitig mit Signatur, vollem Namen, Websitevermerk, Copyright-Hinweis und Entstehungsjahr versehen. Vorderseitige Signatur auf Wunsch.&nbsp; Sie erhalten das abgebildete Originalgem\u00e4lde mit auf Wunsch zus\u00e4tzlich unmittelbar &nbsp;vor dem Versand angebrachter<\/p>\n","protected":false},"featured_media":134997,"comment_status":"closed","ping_status":"closed","template":"","meta":{"ngg_post_thumbnail":0},"product_cat":[126,159,7],"product_tag":[],"class_list":["post-130318","product","type-product","status-publish","has-post-thumbnail","hentry","product_cat-500-e-1000-e","product_cat-80-x-100-cm","product_cat-oelgemaelde"],"_links":{"self":[{"href":"https:\/\/www.atelier-e-six.de\/wordpress\/wp-json\/wp\/v2\/product\/130318","targetHints":{"allow":["GET"]}}],"collection":[{"href":"https:\/\/www.atelier-e-six.de\/wordpress\/wp-json\/wp\/v2\/product"}],"about":[{"href":"https:\/\/www.atelier-e-six.de\/wordpress\/wp-json\/wp\/v2\/types\/product"}],"replies":[{"embeddable":true,"href":"https:\/\/www.atelier-e-six.de\/wordpress\/wp-json\/wp\/v2\/comments?post=130318"}],"wp:featuredmedia":[{"embeddable":true,"href":"https:\/\/www.atelier-e-six.de\/wordpress\/wp-json\/wp\/v2\/media\/134997"}],"wp:attachment":[{"href":"https:\/\/www.atelier-e-six.de\/wordpress\/wp-json\/wp\/v2\/media?parent=130318"}],"wp:term":[{"taxonomy":"product_cat","embeddable":true,"href":"https:\/\/www.atelier-e-six.de\/wordpress\/wp-json\/wp\/v2\/product_cat?post=130318"},{"taxonomy":"product_tag","embeddable":true,"href":"https:\/\/www.atelier-e-six.de\/wordpress\/wp-json\/wp\/v2\/product_tag?post=130318"}],"curies":[{"name":"wp","href":"https:\/\/api.w.org\/{rel}","templated":true}]}}