{"id":134942,"date":"2021-02-22T18:46:34","date_gmt":"2021-02-22T17:46:34","guid":{"rendered":"https:\/\/www.atelier-e-six.de\/wordpress\/?post_type=product&#038;p=134942"},"modified":"2023-07-03T08:39:09","modified_gmt":"2023-07-03T06:39:09","slug":"acrylbild-110-x-50-cm","status":"publish","type":"product","link":"https:\/\/www.atelier-e-six.de\/wordpress\/produkt\/acrylbild-110-x-50-cm\/","title":{"rendered":"Acrylbild 110 x 50 cm &#8211; verkauft &#8211;"},"content":{"rendered":"<p style=\"text-align: center;\">Acrylgem\u00e4ld<span style=\"font-size: 1.0625rem;\">e von Elisabeth Six 110 mal 50 cm &nbsp;auf Leinwand Keilrahmen<\/span><\/p>\n<p style=\"text-align: center;\"><a href=\"https:\/\/www.atelier-e-six.de\/wordpress\/wp-content\/uploads\/2021\/02\/21feb3.jpg\" target=\"_blank\" rel=\"noopener noreferrer\"><img loading=\"lazy\" decoding=\"async\" class=\"aligncenter wp-image-134943 size-large\" src=\"https:\/\/www.atelier-e-six.de\/wordpress\/wp-content\/uploads\/2021\/02\/21feb3-467x1024.jpg\" alt=\"Elisabeth Six Acrylbild 110 cm\" width=\"467\" height=\"1024\" srcset=\"https:\/\/www.atelier-e-six.de\/wordpress\/wp-content\/uploads\/2021\/02\/21feb3-467x1024.jpg 467w, https:\/\/www.atelier-e-six.de\/wordpress\/wp-content\/uploads\/2021\/02\/21feb3-137x300.jpg 137w, https:\/\/www.atelier-e-six.de\/wordpress\/wp-content\/uploads\/2021\/02\/21feb3-768x1683.jpg 768w, https:\/\/www.atelier-e-six.de\/wordpress\/wp-content\/uploads\/2021\/02\/21feb3-600x1315.jpg 600w, https:\/\/www.atelier-e-six.de\/wordpress\/wp-content\/uploads\/2021\/02\/21feb3.jpg 1626w\" sizes=\"auto, (max-width: 467px) 100vw, 467px\" \/><\/a><\/p>\n<p style=\"text-align: center;\"><a href=\"https:\/\/www.atelier-e-six.de\/wordpress\/wp-content\/uploads\/2021\/02\/IMG_20210222_111909.jpg\"><img loading=\"lazy\" decoding=\"async\" class=\"aligncenter size-large wp-image-134949\" src=\"https:\/\/www.atelier-e-six.de\/wordpress\/wp-content\/uploads\/2021\/02\/IMG_20210222_111909-768x1024.jpg\" alt=\"\" width=\"768\" height=\"1024\" srcset=\"https:\/\/www.atelier-e-six.de\/wordpress\/wp-content\/uploads\/2021\/02\/IMG_20210222_111909-768x1024.jpg 768w, https:\/\/www.atelier-e-six.de\/wordpress\/wp-content\/uploads\/2021\/02\/IMG_20210222_111909-225x300.jpg 225w, https:\/\/www.atelier-e-six.de\/wordpress\/wp-content\/uploads\/2021\/02\/IMG_20210222_111909-600x800.jpg 600w\" sizes=\"auto, (max-width: 768px) 100vw, 768px\" \/><\/a><\/p>\n<p style=\"text-align: center;\"><a href=\"https:\/\/www.atelier-e-six.de\/wordpress\/wp-content\/uploads\/2021\/02\/IMG_20210222_111903.jpg\"><img loading=\"lazy\" decoding=\"async\" class=\"aligncenter size-large wp-image-134948\" src=\"https:\/\/www.atelier-e-six.de\/wordpress\/wp-content\/uploads\/2021\/02\/IMG_20210222_111903-768x1024.jpg\" alt=\"\" width=\"768\" height=\"1024\" srcset=\"https:\/\/www.atelier-e-six.de\/wordpress\/wp-content\/uploads\/2021\/02\/IMG_20210222_111903-768x1024.jpg 768w, https:\/\/www.atelier-e-six.de\/wordpress\/wp-content\/uploads\/2021\/02\/IMG_20210222_111903-225x300.jpg 225w, https:\/\/www.atelier-e-six.de\/wordpress\/wp-content\/uploads\/2021\/02\/IMG_20210222_111903-600x800.jpg 600w\" sizes=\"auto, (max-width: 768px) 100vw, 768px\" \/><\/a><\/p>\n<p style=\"text-align: center;\"><a href=\"https:\/\/www.atelier-e-six.de\/wordpress\/wp-content\/uploads\/2021\/02\/IMG_20210222_111851.jpg\"><img loading=\"lazy\" decoding=\"async\" class=\"aligncenter size-large wp-image-134944\" src=\"https:\/\/www.atelier-e-six.de\/wordpress\/wp-content\/uploads\/2021\/02\/IMG_20210222_111851-768x1024.jpg\" alt=\"\" width=\"768\" height=\"1024\" srcset=\"https:\/\/www.atelier-e-six.de\/wordpress\/wp-content\/uploads\/2021\/02\/IMG_20210222_111851-768x1024.jpg 768w, https:\/\/www.atelier-e-six.de\/wordpress\/wp-content\/uploads\/2021\/02\/IMG_20210222_111851-225x300.jpg 225w, https:\/\/www.atelier-e-six.de\/wordpress\/wp-content\/uploads\/2021\/02\/IMG_20210222_111851-600x800.jpg 600w\" sizes=\"auto, (max-width: 768px) 100vw, 768px\" \/><\/a><\/p>\n<p style=\"text-align: center;\"><a href=\"https:\/\/www.atelier-e-six.de\/wordpress\/wp-content\/uploads\/2021\/02\/21feb3.jpg\"><img loading=\"lazy\" decoding=\"async\" class=\"aligncenter size-large wp-image-134943\" src=\"https:\/\/www.atelier-e-six.de\/wordpress\/wp-content\/uploads\/2021\/02\/21feb3-467x1024.jpg\" alt=\"Elisabeth Six Acrylbild 110 cm\" width=\"467\" height=\"1024\" srcset=\"https:\/\/www.atelier-e-six.de\/wordpress\/wp-content\/uploads\/2021\/02\/21feb3-467x1024.jpg 467w, https:\/\/www.atelier-e-six.de\/wordpress\/wp-content\/uploads\/2021\/02\/21feb3-137x300.jpg 137w, https:\/\/www.atelier-e-six.de\/wordpress\/wp-content\/uploads\/2021\/02\/21feb3-768x1683.jpg 768w, https:\/\/www.atelier-e-six.de\/wordpress\/wp-content\/uploads\/2021\/02\/21feb3-600x1315.jpg 600w, https:\/\/www.atelier-e-six.de\/wordpress\/wp-content\/uploads\/2021\/02\/21feb3.jpg 1626w\" sizes=\"auto, (max-width: 467px) 100vw, 467px\" \/><\/a><\/p>\n<p style=\"text-align: center;\">Das Gem\u00e4lde wurde von mir auf Leinwand Keilrahmen handgefertigt in meinem Atelier.&nbsp;&nbsp;<\/p>\n<p style=\"text-align: center;\">R\u00fcckseitig mit <span style=\"font-size: 1.0625rem; text-align: center;\">Signatur, vollem Namen, Websitevermerk, Copyright-Hinweis und Entstehungsjahr versehen. Vorderseitige Signatur auf Wunsch.&nbsp; Sie erhalten das abgebildete Originalgem\u00e4lde mit auf Wunsch zus\u00e4tzlich unmittelbar &nbsp;vor dem Versand angebrachter vorderseitiger Signatur. Die Gem\u00e4lde werden &nbsp;weiterhin oder zuk\u00fcnftig auf meiner Website www.atelier-e-six.de und www.elisabethsix.de ver\u00f6ffentlicht bleiben. COPYRIGHT E.SIX<\/span><\/p>\n","protected":false},"excerpt":{"rendered":"<p>Acrylgem\u00e4lde von Elisabeth Six 110 mal 50 cm &nbsp;auf Leinwand Keilrahmen Das Gem\u00e4lde wurde von mir auf Leinwand Keilrahmen handgefertigt in meinem Atelier.&nbsp;&nbsp; R\u00fcckseitig mit Signatur, vollem Namen, Websitevermerk, Copyright-Hinweis und Entstehungsjahr versehen. Vorderseitige Signatur auf Wunsch.&nbsp; Sie erhalten das abgebildete Originalgem\u00e4lde mit auf Wunsch zus\u00e4tzlich unmittelbar &nbsp;vor dem Versand<\/p>\n","protected":false},"featured_media":134951,"comment_status":"closed","ping_status":"closed","template":"","meta":{"ngg_post_thumbnail":0},"product_cat":[183,82,159,8],"product_tag":[],"class_list":["post-134942","product","type-product","status-publish","has-post-thumbnail","hentry","product_cat-110-x-50","product_cat-201-e-500-e","product_cat-80-x-100-cm","product_cat-acrylgemaelde"],"_links":{"self":[{"href":"https:\/\/www.atelier-e-six.de\/wordpress\/wp-json\/wp\/v2\/product\/134942","targetHints":{"allow":["GET"]}}],"collection":[{"href":"https:\/\/www.atelier-e-six.de\/wordpress\/wp-json\/wp\/v2\/product"}],"about":[{"href":"https:\/\/www.atelier-e-six.de\/wordpress\/wp-json\/wp\/v2\/types\/product"}],"replies":[{"embeddable":true,"href":"https:\/\/www.atelier-e-six.de\/wordpress\/wp-json\/wp\/v2\/comments?post=134942"}],"wp:featuredmedia":[{"embeddable":true,"href":"https:\/\/www.atelier-e-six.de\/wordpress\/wp-json\/wp\/v2\/media\/134951"}],"wp:attachment":[{"href":"https:\/\/www.atelier-e-six.de\/wordpress\/wp-json\/wp\/v2\/media?parent=134942"}],"wp:term":[{"taxonomy":"product_cat","embeddable":true,"href":"https:\/\/www.atelier-e-six.de\/wordpress\/wp-json\/wp\/v2\/product_cat?post=134942"},{"taxonomy":"product_tag","embeddable":true,"href":"https:\/\/www.atelier-e-six.de\/wordpress\/wp-json\/wp\/v2\/product_tag?post=134942"}],"curies":[{"name":"wp","href":"https:\/\/api.w.org\/{rel}","templated":true}]}}