{"id":15200,"date":"2019-10-25T14:05:48","date_gmt":"2019-10-25T12:05:48","guid":{"rendered":"https:\/\/www.atelier-e-six.de\/wordpress\/?post_type=product&#038;p=15200"},"modified":"2022-10-01T19:54:13","modified_gmt":"2022-10-01T17:54:13","slug":"acrylbild-70-x-100-cm","status":"publish","type":"product","link":"https:\/\/www.atelier-e-six.de\/wordpress\/produkt\/acrylbild-70-x-100-cm\/","title":{"rendered":"Acrylbild 70 x 100 cm &#8211; verkauft"},"content":{"rendered":"<p style=\"text-align: center;\">Acrylgem\u00e4ld<span style=\"font-size: 1.0625rem;\">e von Elisabeth Six 70 mal 100 cm &nbsp;auf Lein<\/span><\/p>\n<p style=\"text-align: center;\"><a href=\"https:\/\/www.atelier-e-six.de\/wordpress\/wp-content\/uploads\/2022\/08\/2022-08-30-11-10-16-595.jpg\" target=\"_blank\" rel=\"noopener\"><img loading=\"lazy\" decoding=\"async\" class=\"aligncenter wp-image-303967 size-large\" src=\"https:\/\/www.atelier-e-six.de\/wordpress\/wp-content\/uploads\/2022\/08\/2022-08-30-11-10-16-595-1024x707.jpg\" alt=\"\" width=\"780\" height=\"539\" srcset=\"https:\/\/www.atelier-e-six.de\/wordpress\/wp-content\/uploads\/2022\/08\/2022-08-30-11-10-16-595-1024x707.jpg 1024w, https:\/\/www.atelier-e-six.de\/wordpress\/wp-content\/uploads\/2022\/08\/2022-08-30-11-10-16-595-300x207.jpg 300w, https:\/\/www.atelier-e-six.de\/wordpress\/wp-content\/uploads\/2022\/08\/2022-08-30-11-10-16-595-768x530.jpg 768w, https:\/\/www.atelier-e-six.de\/wordpress\/wp-content\/uploads\/2022\/08\/2022-08-30-11-10-16-595-1536x1060.jpg 1536w, https:\/\/www.atelier-e-six.de\/wordpress\/wp-content\/uploads\/2022\/08\/2022-08-30-11-10-16-595-600x414.jpg 600w, https:\/\/www.atelier-e-six.de\/wordpress\/wp-content\/uploads\/2022\/08\/2022-08-30-11-10-16-595.jpg 1565w\" sizes=\"auto, (max-width: 780px) 100vw, 780px\" \/><\/a><\/p>\n<p style=\"text-align: center;\"><img loading=\"lazy\" decoding=\"async\" class=\"aligncenter wp-image-303965 size-large\" src=\"https:\/\/www.atelier-e-six.de\/wordpress\/wp-content\/uploads\/2022\/08\/IMG_20220830_090139-1024x768.jpg\" alt=\"\" width=\"780\" height=\"585\" srcset=\"https:\/\/www.atelier-e-six.de\/wordpress\/wp-content\/uploads\/2022\/08\/IMG_20220830_090139-1024x768.jpg 1024w, https:\/\/www.atelier-e-six.de\/wordpress\/wp-content\/uploads\/2022\/08\/IMG_20220830_090139-300x225.jpg 300w, https:\/\/www.atelier-e-six.de\/wordpress\/wp-content\/uploads\/2022\/08\/IMG_20220830_090139-768x576.jpg 768w, https:\/\/www.atelier-e-six.de\/wordpress\/wp-content\/uploads\/2022\/08\/IMG_20220830_090139-1536x1152.jpg 1536w, https:\/\/www.atelier-e-six.de\/wordpress\/wp-content\/uploads\/2022\/08\/IMG_20220830_090139-2048x1536.jpg 2048w, https:\/\/www.atelier-e-six.de\/wordpress\/wp-content\/uploads\/2022\/08\/IMG_20220830_090139-600x450.jpg 600w\" sizes=\"auto, (max-width: 780px) 100vw, 780px\" \/><\/p>\n<p style=\"text-align: center;\"><a href=\"https:\/\/www.atelier-e-six.de\/wordpress\/wp-content\/uploads\/2022\/08\/IMG_20220830_110317-scaled.jpg\" target=\"_blank\" rel=\"noopener\"><img loading=\"lazy\" decoding=\"async\" class=\"aligncenter wp-image-303963 size-large\" src=\"https:\/\/www.atelier-e-six.de\/wordpress\/wp-content\/uploads\/2022\/08\/IMG_20220830_110317-712x1024.jpg\" alt=\"\" width=\"712\" height=\"1024\" srcset=\"https:\/\/www.atelier-e-six.de\/wordpress\/wp-content\/uploads\/2022\/08\/IMG_20220830_110317-712x1024.jpg 712w, https:\/\/www.atelier-e-six.de\/wordpress\/wp-content\/uploads\/2022\/08\/IMG_20220830_110317-209x300.jpg 209w, https:\/\/www.atelier-e-six.de\/wordpress\/wp-content\/uploads\/2022\/08\/IMG_20220830_110317-768x1104.jpg 768w, https:\/\/www.atelier-e-six.de\/wordpress\/wp-content\/uploads\/2022\/08\/IMG_20220830_110317-1069x1536.jpg 1069w, https:\/\/www.atelier-e-six.de\/wordpress\/wp-content\/uploads\/2022\/08\/IMG_20220830_110317-1425x2048.jpg 1425w, https:\/\/www.atelier-e-six.de\/wordpress\/wp-content\/uploads\/2022\/08\/IMG_20220830_110317-600x862.jpg 600w, https:\/\/www.atelier-e-six.de\/wordpress\/wp-content\/uploads\/2022\/08\/IMG_20220830_110317-scaled.jpg 1781w\" sizes=\"auto, (max-width: 712px) 100vw, 712px\" \/><\/a><\/p>\n<p style=\"text-align: center;\"><img loading=\"lazy\" decoding=\"async\" class=\"aligncenter size-large wp-image-303966\" src=\"https:\/\/www.atelier-e-six.de\/wordpress\/wp-content\/uploads\/2022\/08\/IMG_20220830_090237-768x1024.jpg\" alt=\"\" width=\"768\" height=\"1024\" srcset=\"https:\/\/www.atelier-e-six.de\/wordpress\/wp-content\/uploads\/2022\/08\/IMG_20220830_090237-768x1024.jpg 768w, https:\/\/www.atelier-e-six.de\/wordpress\/wp-content\/uploads\/2022\/08\/IMG_20220830_090237-225x300.jpg 225w, https:\/\/www.atelier-e-six.de\/wordpress\/wp-content\/uploads\/2022\/08\/IMG_20220830_090237-1152x1536.jpg 1152w, https:\/\/www.atelier-e-six.de\/wordpress\/wp-content\/uploads\/2022\/08\/IMG_20220830_090237-1536x2048.jpg 1536w, https:\/\/www.atelier-e-six.de\/wordpress\/wp-content\/uploads\/2022\/08\/IMG_20220830_090237-600x800.jpg 600w, https:\/\/www.atelier-e-six.de\/wordpress\/wp-content\/uploads\/2022\/08\/IMG_20220830_090237-scaled.jpg 1920w\" sizes=\"auto, (max-width: 768px) 100vw, 768px\" \/><\/p>\n<p style=\"text-align: center;\"><a href=\"https:\/\/www.atelier-e-six.de\/wordpress\/wp-content\/uploads\/2022\/08\/2022-08-30-11-32-25-954.jpg\"><img loading=\"lazy\" decoding=\"async\" class=\"aligncenter size-large wp-image-303968\" src=\"https:\/\/www.atelier-e-six.de\/wordpress\/wp-content\/uploads\/2022\/08\/2022-08-30-11-32-25-954-1024x707.jpg\" alt=\"\" width=\"780\" height=\"539\" srcset=\"https:\/\/www.atelier-e-six.de\/wordpress\/wp-content\/uploads\/2022\/08\/2022-08-30-11-32-25-954-1024x707.jpg 1024w, https:\/\/www.atelier-e-six.de\/wordpress\/wp-content\/uploads\/2022\/08\/2022-08-30-11-32-25-954-300x207.jpg 300w, https:\/\/www.atelier-e-six.de\/wordpress\/wp-content\/uploads\/2022\/08\/2022-08-30-11-32-25-954-768x530.jpg 768w, https:\/\/www.atelier-e-six.de\/wordpress\/wp-content\/uploads\/2022\/08\/2022-08-30-11-32-25-954-1536x1060.jpg 1536w, https:\/\/www.atelier-e-six.de\/wordpress\/wp-content\/uploads\/2022\/08\/2022-08-30-11-32-25-954-600x414.jpg 600w, https:\/\/www.atelier-e-six.de\/wordpress\/wp-content\/uploads\/2022\/08\/2022-08-30-11-32-25-954.jpg 1565w\" sizes=\"auto, (max-width: 780px) 100vw, 780px\" \/><\/a><\/p>\n<p style=\"text-align: center;\">Gem\u00e4lde wurde von mir auf Leinwand Keilrahmen handgefertigt in meinem Atelier.&nbsp;&nbsp;<\/p>\n<p>&nbsp;<\/p>\n<p style=\"text-align: center;\">R\u00fcckseitig mit <span style=\"font-size: 1.0625rem; text-align: center;\">Signatur, vollem Namen, Websitevermerk, Copyright-Hinweis und Entstehungsjahr versehen. Vorderseitige Signatur auf Wunsch.&nbsp; Sie erhalten das abgebildete Originalgem\u00e4lde mit auf Wunsch zus\u00e4tzlich unmittelbar &nbsp;vor dem Versand angebrachter vorderseitiger Signatur. Die Gem\u00e4lde werden &nbsp;weiterhin oder zuk\u00fcnftig auf meiner Website www.atelier-e-six.de und www.elisabethsix.de ver\u00f6ffentlicht bleiben. COPYRIGHT E.SIX<\/span><\/p>\n","protected":false},"excerpt":{"rendered":"<p>Acrylgem\u00e4lde von Elisabeth Six 70 mal 100 cm &nbsp;auf Lein Gem\u00e4lde wurde von mir auf Leinwand Keilrahmen handgefertigt in meinem Atelier.&nbsp;&nbsp; &nbsp; R\u00fcckseitig mit Signatur, vollem Namen, Websitevermerk, Copyright-Hinweis und Entstehungsjahr versehen. Vorderseitige Signatur auf Wunsch.&nbsp; Sie erhalten das abgebildete Originalgem\u00e4lde mit auf Wunsch zus\u00e4tzlich unmittelbar &nbsp;vor dem Versand angebrachter<\/p>\n","protected":false},"featured_media":303969,"comment_status":"closed","ping_status":"closed","template":"","meta":{"ngg_post_thumbnail":0},"product_cat":[70,179,8],"product_tag":[],"class_list":["post-15200","product","type-product","status-publish","has-post-thumbnail","hentry","product_cat-101-e-200-e","product_cat-70-x-100-cm","product_cat-acrylgemaelde"],"_links":{"self":[{"href":"https:\/\/www.atelier-e-six.de\/wordpress\/wp-json\/wp\/v2\/product\/15200","targetHints":{"allow":["GET"]}}],"collection":[{"href":"https:\/\/www.atelier-e-six.de\/wordpress\/wp-json\/wp\/v2\/product"}],"about":[{"href":"https:\/\/www.atelier-e-six.de\/wordpress\/wp-json\/wp\/v2\/types\/product"}],"replies":[{"embeddable":true,"href":"https:\/\/www.atelier-e-six.de\/wordpress\/wp-json\/wp\/v2\/comments?post=15200"}],"wp:featuredmedia":[{"embeddable":true,"href":"https:\/\/www.atelier-e-six.de\/wordpress\/wp-json\/wp\/v2\/media\/303969"}],"wp:attachment":[{"href":"https:\/\/www.atelier-e-six.de\/wordpress\/wp-json\/wp\/v2\/media?parent=15200"}],"wp:term":[{"taxonomy":"product_cat","embeddable":true,"href":"https:\/\/www.atelier-e-six.de\/wordpress\/wp-json\/wp\/v2\/product_cat?post=15200"},{"taxonomy":"product_tag","embeddable":true,"href":"https:\/\/www.atelier-e-six.de\/wordpress\/wp-json\/wp\/v2\/product_tag?post=15200"}],"curies":[{"name":"wp","href":"https:\/\/api.w.org\/{rel}","templated":true}]}}