{"id":165,"date":"2017-08-09T19:39:32","date_gmt":"2017-08-09T17:39:32","guid":{"rendered":"https:\/\/www.atelier-e-six.de\/wordpress\/?post_type=product&#038;p=165"},"modified":"2018-10-07T00:24:22","modified_gmt":"2018-10-06T22:24:22","slug":"acrylgemaelde-50-cm","status":"publish","type":"product","link":"https:\/\/www.atelier-e-six.de\/wordpress\/produkt\/acrylgemaelde-50-cm\/","title":{"rendered":"Acrylbild 34 x 40 cm"},"content":{"rendered":"<p style=\"text-align: center;\">Acrylgem\u00e4lde von Elisabeth Six<\/p>\n<p style=\"text-align: center;\">Sechseck \/ Hexagon 40 mal 34 cm auf Leinwand Keilrahmen unter Verwendung von Pigmenten<\/p>\n<p style=\"text-align: center;\"><a href=\"https:\/\/www.atelier-e-six.de\/wordpress\/wp-content\/uploads\/2017\/08\/PICT6375dddddddd-1.jpg\" target=\"_blank\" rel=\"noopener\"><img loading=\"lazy\" decoding=\"async\" class=\"aligncenter wp-image-3686 size-full\" src=\"https:\/\/www.atelier-e-six.de\/wordpress\/wp-content\/uploads\/2017\/08\/PICT6375dddddddd-1.jpg\" alt=\"\" width=\"1146\" height=\"1260\" srcset=\"https:\/\/www.atelier-e-six.de\/wordpress\/wp-content\/uploads\/2017\/08\/PICT6375dddddddd-1.jpg 1146w, https:\/\/www.atelier-e-six.de\/wordpress\/wp-content\/uploads\/2017\/08\/PICT6375dddddddd-1-273x300.jpg 273w, https:\/\/www.atelier-e-six.de\/wordpress\/wp-content\/uploads\/2017\/08\/PICT6375dddddddd-1-768x844.jpg 768w, https:\/\/www.atelier-e-six.de\/wordpress\/wp-content\/uploads\/2017\/08\/PICT6375dddddddd-1-931x1024.jpg 931w, https:\/\/www.atelier-e-six.de\/wordpress\/wp-content\/uploads\/2017\/08\/PICT6375dddddddd-1-600x660.jpg 600w\" sizes=\"auto, (max-width: 1146px) 100vw, 1146px\" \/><\/a><\/p>\n<h1 class=\"content__title\" style=\"text-align: center;\"><a href=\"https:\/\/www.atelier-e-six.de\/wordpress\/wp-content\/uploads\/2017\/08\/s-l1600-55.jpg\" target=\"_blank\" rel=\"noopener\"><img loading=\"lazy\" decoding=\"async\" class=\"aligncenter wp-image-3687 size-full\" src=\"https:\/\/www.atelier-e-six.de\/wordpress\/wp-content\/uploads\/2017\/08\/s-l1600-55.jpg\" alt=\"\" width=\"1600\" height=\"1200\" srcset=\"https:\/\/www.atelier-e-six.de\/wordpress\/wp-content\/uploads\/2017\/08\/s-l1600-55.jpg 1600w, https:\/\/www.atelier-e-six.de\/wordpress\/wp-content\/uploads\/2017\/08\/s-l1600-55-300x225.jpg 300w, https:\/\/www.atelier-e-six.de\/wordpress\/wp-content\/uploads\/2017\/08\/s-l1600-55-768x576.jpg 768w, https:\/\/www.atelier-e-six.de\/wordpress\/wp-content\/uploads\/2017\/08\/s-l1600-55-1024x768.jpg 1024w, https:\/\/www.atelier-e-six.de\/wordpress\/wp-content\/uploads\/2017\/08\/s-l1600-55-600x450.jpg 600w\" sizes=\"auto, (max-width: 1600px) 100vw, 1600px\" \/><\/a><\/h1>\n<p style=\"text-align: center;\">&nbsp;<\/p>\n<p style=\"text-align: center;\">Das Gem\u00e4lde wurde von mir auf Leinwand Keilrahmen handgefertigt in meinem Atelier.&nbsp; R\u00fcckseitig mit Signatur, vollem Namen, Websitevermerk, Copyright-Hinweis und Entstehungsjahr versehen.<\/p>\n<p style=\"text-align: center;\">Vorderseitige Signatur auf Wunsch.&nbsp; Sie erhalten das abgebildete Originalgem\u00e4lde mit auf Wunsch zus\u00e4tzlich unmittelbar &nbsp;vor dem Versand angebrachter vorderseitiger Signatur.<\/p>\n<p style=\"text-align: center;\">Jedes Gem\u00e4lde wird vor dem Versand mit frischem Abschlussfirnis versehen.<\/p>\n<p style=\"text-align: center;\">Die Gem\u00e4lde werden &nbsp;weiterhin oder zuk\u00fcnftig auf meiner Website www.atelier-e-six.de und www.elisabethsix.de ver\u00f6ffentlicht bleiben.<\/p>\n<p style=\"text-align: center;\">&nbsp;<\/p>\n<p style=\"text-align: center;\">&nbsp;<\/p>\n<p style=\"text-align: center;\">&nbsp;<\/p>\n<p style=\"text-align: center;\">&nbsp;<\/p>\n<p style=\"text-align: center;\">&nbsp;<\/p>\n<p style=\"text-align: center;\">&nbsp;<\/p>\n<p style=\"text-align: center;\">&nbsp;<\/p>\n<p style=\"text-align: center;\">&nbsp;<\/p>\n<p style=\"text-align: center;\">&nbsp;<\/p>\n<p style=\"text-align: center;\">&nbsp;<\/p>\n<p style=\"text-align: center;\">&nbsp;<\/p>\n<p style=\"text-align: center;\">&nbsp;<\/p>\n<p style=\"text-align: center;\">&nbsp;<\/p>\n<p style=\"text-align: center;\">&nbsp;<\/p>\n<p style=\"text-align: center;\">&nbsp;<\/p>\n<p style=\"text-align: center;\">&nbsp;<\/p>\n<p style=\"text-align: center;\">COPYRIGHT E.SIX<\/p>\n","protected":false},"excerpt":{"rendered":"<p>Acrylgem\u00e4lde von Elisabeth Six Sechseck \/ Hexagon 40 mal 34 cm auf Leinwand Keilrahmen unter Verwendung von Pigmenten &nbsp; Das Gem\u00e4lde wurde von mir auf Leinwand Keilrahmen handgefertigt in meinem Atelier.&nbsp; R\u00fcckseitig mit Signatur, vollem Namen, Websitevermerk, Copyright-Hinweis und Entstehungsjahr versehen. Vorderseitige Signatur auf Wunsch.&nbsp; Sie erhalten das abgebildete Originalgem\u00e4lde<\/p>\n","protected":false},"featured_media":3686,"comment_status":"closed","ping_status":"closed","template":"","meta":{"ngg_post_thumbnail":0},"product_cat":[70,155,8],"product_tag":[],"class_list":["post-165","product","type-product","status-publish","has-post-thumbnail","hentry","product_cat-101-e-200-e","product_cat-34-x-40","product_cat-acrylgemaelde"],"_links":{"self":[{"href":"https:\/\/www.atelier-e-six.de\/wordpress\/wp-json\/wp\/v2\/product\/165","targetHints":{"allow":["GET"]}}],"collection":[{"href":"https:\/\/www.atelier-e-six.de\/wordpress\/wp-json\/wp\/v2\/product"}],"about":[{"href":"https:\/\/www.atelier-e-six.de\/wordpress\/wp-json\/wp\/v2\/types\/product"}],"replies":[{"embeddable":true,"href":"https:\/\/www.atelier-e-six.de\/wordpress\/wp-json\/wp\/v2\/comments?post=165"}],"wp:featuredmedia":[{"embeddable":true,"href":"https:\/\/www.atelier-e-six.de\/wordpress\/wp-json\/wp\/v2\/media\/3686"}],"wp:attachment":[{"href":"https:\/\/www.atelier-e-six.de\/wordpress\/wp-json\/wp\/v2\/media?parent=165"}],"wp:term":[{"taxonomy":"product_cat","embeddable":true,"href":"https:\/\/www.atelier-e-six.de\/wordpress\/wp-json\/wp\/v2\/product_cat?post=165"},{"taxonomy":"product_tag","embeddable":true,"href":"https:\/\/www.atelier-e-six.de\/wordpress\/wp-json\/wp\/v2\/product_tag?post=165"}],"curies":[{"name":"wp","href":"https:\/\/api.w.org\/{rel}","templated":true}]}}