{"id":225309,"date":"2022-03-22T09:08:43","date_gmt":"2022-03-22T08:08:43","guid":{"rendered":"https:\/\/www.atelier-e-six.de\/wordpress\/?post_type=product&#038;p=225309"},"modified":"2022-07-12T21:22:32","modified_gmt":"2022-07-12T19:22:32","slug":"acrylbild-50-x-50-cm-6","status":"publish","type":"product","link":"https:\/\/www.atelier-e-six.de\/wordpress\/produkt\/acrylbild-50-x-50-cm-6\/","title":{"rendered":"Acrylbild 50 x 50 cm"},"content":{"rendered":"<p style=\"text-align: center;\">Acrylgem\u00e4lde von Elisabeth Six 50 mal 50 cm &nbsp;auf Leinwand Keilrahmen<\/p>\n<p style=\"text-align: center;\"><a href=\"https:\/\/www.atelier-e-six.de\/wordpress\/wp-content\/uploads\/2022\/03\/IMG_20220322_090305.jpg\"><img loading=\"lazy\" decoding=\"async\" class=\"aligncenter size-large wp-image-225310\" src=\"https:\/\/www.atelier-e-six.de\/wordpress\/wp-content\/uploads\/2022\/03\/IMG_20220322_090305-1024x1019.jpg\" alt=\"\" width=\"780\" height=\"776\" srcset=\"https:\/\/www.atelier-e-six.de\/wordpress\/wp-content\/uploads\/2022\/03\/IMG_20220322_090305-1024x1019.jpg 1024w, https:\/\/www.atelier-e-six.de\/wordpress\/wp-content\/uploads\/2022\/03\/IMG_20220322_090305-150x150.jpg 150w, https:\/\/www.atelier-e-six.de\/wordpress\/wp-content\/uploads\/2022\/03\/IMG_20220322_090305-768x764.jpg 768w, https:\/\/www.atelier-e-six.de\/wordpress\/wp-content\/uploads\/2022\/03\/IMG_20220322_090305-1536x1529.jpg 1536w, https:\/\/www.atelier-e-six.de\/wordpress\/wp-content\/uploads\/2022\/03\/IMG_20220322_090305-2048x2038.jpg 2048w, https:\/\/www.atelier-e-six.de\/wordpress\/wp-content\/uploads\/2022\/03\/IMG_20220322_090305-600x597.jpg 600w, https:\/\/www.atelier-e-six.de\/wordpress\/wp-content\/uploads\/2022\/03\/IMG_20220322_090305-100x100.jpg 100w\" sizes=\"auto, (max-width: 780px) 100vw, 780px\" \/><\/a><\/p>\n<p><a href=\"https:\/\/www.atelier-e-six.de\/wordpress\/wp-content\/uploads\/2022\/03\/IMG_20220322_085943-scaled.jpg\"><img loading=\"lazy\" decoding=\"async\" class=\"size-large wp-image-225311\" src=\"https:\/\/www.atelier-e-six.de\/wordpress\/wp-content\/uploads\/2022\/03\/IMG_20220322_085943-1009x1024.jpg\" alt=\"\" width=\"780\" height=\"792\" srcset=\"https:\/\/www.atelier-e-six.de\/wordpress\/wp-content\/uploads\/2022\/03\/IMG_20220322_085943-1009x1024.jpg 1009w, https:\/\/www.atelier-e-six.de\/wordpress\/wp-content\/uploads\/2022\/03\/IMG_20220322_085943-296x300.jpg 296w, https:\/\/www.atelier-e-six.de\/wordpress\/wp-content\/uploads\/2022\/03\/IMG_20220322_085943-768x779.jpg 768w, https:\/\/www.atelier-e-six.de\/wordpress\/wp-content\/uploads\/2022\/03\/IMG_20220322_085943-1514x1536.jpg 1514w, https:\/\/www.atelier-e-six.de\/wordpress\/wp-content\/uploads\/2022\/03\/IMG_20220322_085943-2018x2048.jpg 2018w, https:\/\/www.atelier-e-six.de\/wordpress\/wp-content\/uploads\/2022\/03\/IMG_20220322_085943-600x609.jpg 600w\" sizes=\"auto, (max-width: 780px) 100vw, 780px\" \/><\/a><\/p>\n<p style=\"text-align: center;\">&nbsp;<\/p>\n<p style=\"text-align: center;\">Das Gem\u00e4lde wurde von mir auf Leinwand Keilrahmen handgefertigt in meinem Atelier.<\/p>\n<p style=\"text-align: center;\">R\u00fcckseitig mit Signatur, vollem Namen, Websitevermerk, Copyright-Hinweis und Entstehungsjahr versehen.&nbsp;Vorderseitige Signatur auf Wunsch.<\/p>\n<p style=\"text-align: center;\">Sie erhalten das abgebildete Originalgem\u00e4lde mit auf Wunsch zus\u00e4tzlich unmittelbar &nbsp;vor dem Versand angebrachter vorderseitiger Signatur.<\/p>\n<p style=\"text-align: center;\">Jedes Gem\u00e4lde wird vor dem Versand mit frischem Abschlussfirnis versehen. (Glanzfirnis)<\/p>\n<p style=\"text-align: center;\">Die Gem\u00e4lde werden &nbsp;weiterhin oder zuk\u00fcnftig auf meiner Website www.atelier-e-six.de und www.elisabethsix.de ver\u00f6ffentlicht bleiben.<\/p>\n<p style=\"text-align: center;\">&nbsp;<\/p>\n<p style=\"text-align: center;\">&nbsp;<\/p>\n<p style=\"text-align: center;\">&nbsp;<\/p>\n<p style=\"text-align: center;\">&nbsp;<\/p>\n<p style=\"text-align: center;\">&nbsp;<\/p>\n<p style=\"text-align: center;\">&nbsp;<\/p>\n<p style=\"text-align: center;\">&nbsp;<\/p>\n<p style=\"text-align: center;\">COPYRIGHT E.SIX<\/p>\n","protected":false},"excerpt":{"rendered":"<p>Acrylgem\u00e4lde von Elisabeth Six 50 mal 50 cm &nbsp;auf Leinwand Keilrahmen &nbsp; Das Gem\u00e4lde wurde von mir auf Leinwand Keilrahmen handgefertigt in meinem Atelier. R\u00fcckseitig mit Signatur, vollem Namen, Websitevermerk, Copyright-Hinweis und Entstehungsjahr versehen.&nbsp;Vorderseitige Signatur auf Wunsch. Sie erhalten das abgebildete Originalgem\u00e4lde mit auf Wunsch zus\u00e4tzlich unmittelbar &nbsp;vor dem Versand<\/p>\n","protected":false},"featured_media":225310,"comment_status":"closed","ping_status":"closed","template":"","meta":{"ngg_post_thumbnail":0},"product_cat":[70,65,8],"product_tag":[],"class_list":["post-225309","product","type-product","status-publish","has-post-thumbnail","hentry","product_cat-101-e-200-e","product_cat-50-x-50-cm","product_cat-acrylgemaelde"],"_links":{"self":[{"href":"https:\/\/www.atelier-e-six.de\/wordpress\/wp-json\/wp\/v2\/product\/225309","targetHints":{"allow":["GET"]}}],"collection":[{"href":"https:\/\/www.atelier-e-six.de\/wordpress\/wp-json\/wp\/v2\/product"}],"about":[{"href":"https:\/\/www.atelier-e-six.de\/wordpress\/wp-json\/wp\/v2\/types\/product"}],"replies":[{"embeddable":true,"href":"https:\/\/www.atelier-e-six.de\/wordpress\/wp-json\/wp\/v2\/comments?post=225309"}],"wp:featuredmedia":[{"embeddable":true,"href":"https:\/\/www.atelier-e-six.de\/wordpress\/wp-json\/wp\/v2\/media\/225310"}],"wp:attachment":[{"href":"https:\/\/www.atelier-e-six.de\/wordpress\/wp-json\/wp\/v2\/media?parent=225309"}],"wp:term":[{"taxonomy":"product_cat","embeddable":true,"href":"https:\/\/www.atelier-e-six.de\/wordpress\/wp-json\/wp\/v2\/product_cat?post=225309"},{"taxonomy":"product_tag","embeddable":true,"href":"https:\/\/www.atelier-e-six.de\/wordpress\/wp-json\/wp\/v2\/product_tag?post=225309"}],"curies":[{"name":"wp","href":"https:\/\/api.w.org\/{rel}","templated":true}]}}