{"id":2793,"date":"2018-01-04T17:36:40","date_gmt":"2018-01-04T16:36:40","guid":{"rendered":"https:\/\/www.atelier-e-six.de\/wordpress\/?post_type=product&#038;p=2793"},"modified":"2018-10-07T01:20:00","modified_gmt":"2018-10-06T23:20:00","slug":"oelbild-15-x-15-cm-4","status":"publish","type":"product","link":"https:\/\/www.atelier-e-six.de\/wordpress\/produkt\/oelbild-15-x-15-cm-4\/","title":{"rendered":"\u00d6lbild 15 x 15 cm"},"content":{"rendered":"<p class=\"content__title\" style=\"text-align: center;\">&nbsp;\u00d6lgem\u00e4lde von Y. Six<\/p>\n<p class=\"content__title\" style=\"text-align: center;\">15 mal 15 cm inclusive Rahmen Bildausschnitt 11 mal 11 cm&nbsp;<\/p>\n<p dir=\"ltr\" style=\"text-align: center;\">Das Gem\u00e4lde wurde auf Leinwand Keilrahmen handgefertigt in meinem Atelier.<\/p>\n<p style=\"text-align: center;\"><a href=\"https:\/\/www.atelier-e-six.de\/wordpress\/wp-content\/uploads\/2018\/01\/IMG_20171231_153221.jpg\" target=\"_blank\" rel=\"noopener\"><img loading=\"lazy\" decoding=\"async\" class=\"alignnone wp-image-2795 size-large\" src=\"https:\/\/www.atelier-e-six.de\/wordpress\/wp-content\/uploads\/2018\/01\/IMG_20171231_153221-1015x1024.jpg\" alt=\"\" width=\"780\" height=\"787\" srcset=\"https:\/\/www.atelier-e-six.de\/wordpress\/wp-content\/uploads\/2018\/01\/IMG_20171231_153221-1015x1024.jpg 1015w, https:\/\/www.atelier-e-six.de\/wordpress\/wp-content\/uploads\/2018\/01\/IMG_20171231_153221-100x100.jpg 100w, https:\/\/www.atelier-e-six.de\/wordpress\/wp-content\/uploads\/2018\/01\/IMG_20171231_153221-600x606.jpg 600w, https:\/\/www.atelier-e-six.de\/wordpress\/wp-content\/uploads\/2018\/01\/IMG_20171231_153221-150x150.jpg 150w, https:\/\/www.atelier-e-six.de\/wordpress\/wp-content\/uploads\/2018\/01\/IMG_20171231_153221-297x300.jpg 297w, https:\/\/www.atelier-e-six.de\/wordpress\/wp-content\/uploads\/2018\/01\/IMG_20171231_153221-768x775.jpg 768w\" sizes=\"auto, (max-width: 780px) 100vw, 780px\" \/><\/a><\/p>\n<p style=\"text-align: center;\"><a href=\"https:\/\/www.atelier-e-six.de\/wordpress\/wp-content\/uploads\/2018\/01\/IMG_20171231_153252.jpg\" target=\"_blank\" rel=\"noopener\"><img loading=\"lazy\" decoding=\"async\" class=\"alignnone wp-image-2796 size-large\" src=\"https:\/\/www.atelier-e-six.de\/wordpress\/wp-content\/uploads\/2018\/01\/IMG_20171231_153252-985x1024.jpg\" alt=\"\" width=\"780\" height=\"811\" srcset=\"https:\/\/www.atelier-e-six.de\/wordpress\/wp-content\/uploads\/2018\/01\/IMG_20171231_153252-985x1024.jpg 985w, https:\/\/www.atelier-e-six.de\/wordpress\/wp-content\/uploads\/2018\/01\/IMG_20171231_153252-600x623.jpg 600w, https:\/\/www.atelier-e-six.de\/wordpress\/wp-content\/uploads\/2018\/01\/IMG_20171231_153252-289x300.jpg 289w, https:\/\/www.atelier-e-six.de\/wordpress\/wp-content\/uploads\/2018\/01\/IMG_20171231_153252-768x798.jpg 768w\" sizes=\"auto, (max-width: 780px) 100vw, 780px\" \/><\/a><\/p>\n<p dir=\"ltr\" style=\"text-align: center;\"><a href=\"https:\/\/www.atelier-e-six.de\/wordpress\/wp-content\/uploads\/2018\/01\/IMG_20171231_153400.jpg\" target=\"_blank\" rel=\"noopener\"><img loading=\"lazy\" decoding=\"async\" class=\"aligncenter wp-image-2794 size-large\" src=\"https:\/\/www.atelier-e-six.de\/wordpress\/wp-content\/uploads\/2018\/01\/IMG_20171231_153400-993x1024.jpg\" alt=\"Art painting Y. Six\" width=\"780\" height=\"804\" srcset=\"https:\/\/www.atelier-e-six.de\/wordpress\/wp-content\/uploads\/2018\/01\/IMG_20171231_153400-993x1024.jpg 993w, https:\/\/www.atelier-e-six.de\/wordpress\/wp-content\/uploads\/2018\/01\/IMG_20171231_153400-600x619.jpg 600w, https:\/\/www.atelier-e-six.de\/wordpress\/wp-content\/uploads\/2018\/01\/IMG_20171231_153400-291x300.jpg 291w, https:\/\/www.atelier-e-six.de\/wordpress\/wp-content\/uploads\/2018\/01\/IMG_20171231_153400-768x792.jpg 768w\" sizes=\"auto, (max-width: 780px) 100vw, 780px\" \/><\/a><\/p>\n<p dir=\"ltr\" style=\"text-align: center;\">R\u00fcckseitig mit Signatur, vollem Namen, Websitevermerk, Copyright-Hinweis und Entstehungsjahr versehen. Vorderseitige Signatur auf Wunsch.<\/p>\n<p dir=\"ltr\" style=\"text-align: center;\">Sie erhalten das abgebildete Originalgem\u00e4lde mit auf Wunsch zus\u00e4tzlich unmittelbar&nbsp; vor dem Versand angebrachter vorderseitiger Signatur.<\/p>\n<p dir=\"ltr\" style=\"text-align: center;\">Jedes Gem\u00e4lde wird vor dem Versand mit frischem Abschlussfirnis versehen.<\/p>\n<p dir=\"ltr\" style=\"text-align: center;\">Die Gem\u00e4lde werden&nbsp; weiterhin oder zuk\u00fcnftig auf meiner Website www.atelier-e-six.de und www.elisabethsix.de ver\u00f6ffentlicht bleiben.<\/p>\n<p dir=\"ltr\" style=\"text-align: center;\">COPYRIGHT E.SIX<span style=\"color: #003366; font-family: 'Times New Roman'; font-size: large;\">&nbsp;<\/span><\/p>\n<p style=\"text-align: center;\">&nbsp;<\/p>\n","protected":false},"excerpt":{"rendered":"<p>&nbsp;\u00d6lgem\u00e4lde von Y. Six 15 mal 15 cm inclusive Rahmen Bildausschnitt 11 mal 11 cm&nbsp; Das Gem\u00e4lde wurde auf Leinwand Keilrahmen handgefertigt in meinem Atelier. R\u00fcckseitig mit Signatur, vollem Namen, Websitevermerk, Copyright-Hinweis und Entstehungsjahr versehen. Vorderseitige Signatur auf Wunsch. Sie erhalten das abgebildete Originalgem\u00e4lde mit auf Wunsch zus\u00e4tzlich unmittelbar&nbsp; vor<\/p>\n","protected":false},"featured_media":2794,"comment_status":"closed","ping_status":"closed","template":"","meta":{"ngg_post_thumbnail":0},"product_cat":[70,114,9,7],"product_tag":[79],"class_list":["post-2793","product","type-product","status-publish","has-post-thumbnail","hentry","product_cat-101-e-200-e","product_cat-miniatur-incl-rahmen","product_cat-miniaturen","product_cat-oelgemaelde","product_tag-abstract-art"],"_links":{"self":[{"href":"https:\/\/www.atelier-e-six.de\/wordpress\/wp-json\/wp\/v2\/product\/2793","targetHints":{"allow":["GET"]}}],"collection":[{"href":"https:\/\/www.atelier-e-six.de\/wordpress\/wp-json\/wp\/v2\/product"}],"about":[{"href":"https:\/\/www.atelier-e-six.de\/wordpress\/wp-json\/wp\/v2\/types\/product"}],"replies":[{"embeddable":true,"href":"https:\/\/www.atelier-e-six.de\/wordpress\/wp-json\/wp\/v2\/comments?post=2793"}],"wp:featuredmedia":[{"embeddable":true,"href":"https:\/\/www.atelier-e-six.de\/wordpress\/wp-json\/wp\/v2\/media\/2794"}],"wp:attachment":[{"href":"https:\/\/www.atelier-e-six.de\/wordpress\/wp-json\/wp\/v2\/media?parent=2793"}],"wp:term":[{"taxonomy":"product_cat","embeddable":true,"href":"https:\/\/www.atelier-e-six.de\/wordpress\/wp-json\/wp\/v2\/product_cat?post=2793"},{"taxonomy":"product_tag","embeddable":true,"href":"https:\/\/www.atelier-e-six.de\/wordpress\/wp-json\/wp\/v2\/product_tag?post=2793"}],"curies":[{"name":"wp","href":"https:\/\/api.w.org\/{rel}","templated":true}]}}