{"id":2808,"date":"2018-01-15T10:56:14","date_gmt":"2018-01-15T09:56:14","guid":{"rendered":"https:\/\/www.atelier-e-six.de\/wordpress\/?post_type=product&#038;p=2808"},"modified":"2022-03-28T20:54:18","modified_gmt":"2022-03-28T18:54:18","slug":"oelbild-acrylbild-mix-90-x-40-cm","status":"publish","type":"product","link":"https:\/\/www.atelier-e-six.de\/wordpress\/produkt\/oelbild-acrylbild-mix-90-x-40-cm\/","title":{"rendered":"\u00d6lbild \/ Acrylbild \/ Mix 90 x 40 cm &#8211; verkauft &#8211;"},"content":{"rendered":"<p dir=\"ltr\">Gem\u00e4lde von Elisabeth Six 90 mal 40 cm&nbsp; auf Leinwand Keilrahmen in Mischtechnik \u00d6l\/Acryl<\/p>\n<p dir=\"ltr\"><a href=\"https:\/\/www.atelier-e-six.de\/wordpress\/wp-content\/uploads\/2018\/01\/18jan4.jpg\" target=\"_blank\" rel=\"noopener noreferrer\"><img loading=\"lazy\" decoding=\"async\" class=\"aligncenter wp-image-2809 size-full\" src=\"https:\/\/www.atelier-e-six.de\/wordpress\/wp-content\/uploads\/2018\/01\/18jan4.jpg\" alt=\"Abstract painting Elisabeth Six\" width=\"3833\" height=\"1639\" srcset=\"https:\/\/www.atelier-e-six.de\/wordpress\/wp-content\/uploads\/2018\/01\/18jan4.jpg 3833w, https:\/\/www.atelier-e-six.de\/wordpress\/wp-content\/uploads\/2018\/01\/18jan4-600x257.jpg 600w, https:\/\/www.atelier-e-six.de\/wordpress\/wp-content\/uploads\/2018\/01\/18jan4-300x128.jpg 300w, https:\/\/www.atelier-e-six.de\/wordpress\/wp-content\/uploads\/2018\/01\/18jan4-768x328.jpg 768w, https:\/\/www.atelier-e-six.de\/wordpress\/wp-content\/uploads\/2018\/01\/18jan4-1024x438.jpg 1024w\" sizes=\"auto, (max-width: 3833px) 100vw, 3833px\" \/><\/a><\/p>\n<p dir=\"ltr\">&nbsp;<\/p>\n<p dir=\"ltr\">Das Gem\u00e4lde wurde von mir 2018 auf Leinwand Keilrahmen handgefertigt in meinem Atelier.<\/p>\n<p dir=\"ltr\">R\u00fcckseitig mit Signatur, vollem Namen, Websitevermerk, Copyright-Hinweis und Entstehungsjahr versehen. Vorderseitige Signatur auf Wunsch.<\/p>\n<p dir=\"ltr\">Sie erhalten das abgebildete Originalgem\u00e4lde mit auf Wunsch zus\u00e4tzlich unmittelbar&nbsp; vor dem Versand angebrachter vorderseitiger Signatur.<\/p>\n<p dir=\"ltr\">Jedes Gem\u00e4lde wird vor dem Versand mit frischem Abschlussfirnis versehen. Sandbilder erhalten einen Mattfirnis, \u00d6lgem\u00e4lde und Acrylbilder einen Glanzfirnis.<\/p>\n<p dir=\"ltr\">Die Gem\u00e4lde werden&nbsp; weiterhin oder zuk\u00fcnftig auf meiner Website www.atelier-e-six.de und www.elisabethsix.de ver\u00f6ffentlicht bleiben.<\/p>\n<p dir=\"ltr\">COPYRIGHT E.SIX<\/p>\n","protected":false},"excerpt":{"rendered":"<p>Gem\u00e4lde von Elisabeth Six 90 mal 40 cm&nbsp; auf Leinwand Keilrahmen in Mischtechnik \u00d6l\/Acryl &nbsp; Das Gem\u00e4lde wurde von mir 2018 auf Leinwand Keilrahmen handgefertigt in meinem Atelier. R\u00fcckseitig mit Signatur, vollem Namen, Websitevermerk, Copyright-Hinweis und Entstehungsjahr versehen. Vorderseitige Signatur auf Wunsch. Sie erhalten das abgebildete Originalgem\u00e4lde mit auf Wunsch<\/p>\n","protected":false},"featured_media":2810,"comment_status":"closed","ping_status":"closed","template":"","meta":{"ngg_post_thumbnail":0},"product_cat":[128,127],"product_tag":[],"class_list":["post-2808","product","type-product","status-publish","has-post-thumbnail","hentry","product_cat-90-x-40-cm","product_cat-mischtechnik-abstract"],"_links":{"self":[{"href":"https:\/\/www.atelier-e-six.de\/wordpress\/wp-json\/wp\/v2\/product\/2808","targetHints":{"allow":["GET"]}}],"collection":[{"href":"https:\/\/www.atelier-e-six.de\/wordpress\/wp-json\/wp\/v2\/product"}],"about":[{"href":"https:\/\/www.atelier-e-six.de\/wordpress\/wp-json\/wp\/v2\/types\/product"}],"replies":[{"embeddable":true,"href":"https:\/\/www.atelier-e-six.de\/wordpress\/wp-json\/wp\/v2\/comments?post=2808"}],"wp:featuredmedia":[{"embeddable":true,"href":"https:\/\/www.atelier-e-six.de\/wordpress\/wp-json\/wp\/v2\/media\/2810"}],"wp:attachment":[{"href":"https:\/\/www.atelier-e-six.de\/wordpress\/wp-json\/wp\/v2\/media?parent=2808"}],"wp:term":[{"taxonomy":"product_cat","embeddable":true,"href":"https:\/\/www.atelier-e-six.de\/wordpress\/wp-json\/wp\/v2\/product_cat?post=2808"},{"taxonomy":"product_tag","embeddable":true,"href":"https:\/\/www.atelier-e-six.de\/wordpress\/wp-json\/wp\/v2\/product_tag?post=2808"}],"curies":[{"name":"wp","href":"https:\/\/api.w.org\/{rel}","templated":true}]}}