{"id":303917,"date":"2022-08-13T11:28:00","date_gmt":"2022-08-13T09:28:00","guid":{"rendered":"https:\/\/www.atelier-e-six.de\/wordpress\/?post_type=product&#038;p=303917"},"modified":"2022-08-13T11:34:51","modified_gmt":"2022-08-13T09:34:51","slug":"oelbild-25-x-25-cm-kopie","status":"publish","type":"product","link":"https:\/\/www.atelier-e-six.de\/wordpress\/produkt\/oelbild-25-x-25-cm-kopie\/","title":{"rendered":"Acrylbild 25 x 25 cm"},"content":{"rendered":"<p style=\"text-align: center;\">Acrylgem\u00e4lde von Elisabeth Six 25 mal 25 cm&nbsp;<\/p>\n<p style=\"text-align: center;\">&nbsp;<\/p>\n<p><a href=\"https:\/\/www.atelier-e-six.de\/wordpress\/wp-content\/uploads\/2022\/08\/IMG_20220813_113048.jpg\"><img loading=\"lazy\" decoding=\"async\" class=\"size-large wp-image-303920\" src=\"https:\/\/www.atelier-e-six.de\/wordpress\/wp-content\/uploads\/2022\/08\/IMG_20220813_113048-1016x1024.jpg\" alt=\"\" width=\"780\" height=\"786\" srcset=\"https:\/\/www.atelier-e-six.de\/wordpress\/wp-content\/uploads\/2022\/08\/IMG_20220813_113048-1016x1024.jpg 1016w, https:\/\/www.atelier-e-six.de\/wordpress\/wp-content\/uploads\/2022\/08\/IMG_20220813_113048-298x300.jpg 298w, https:\/\/www.atelier-e-six.de\/wordpress\/wp-content\/uploads\/2022\/08\/IMG_20220813_113048-150x150.jpg 150w, https:\/\/www.atelier-e-six.de\/wordpress\/wp-content\/uploads\/2022\/08\/IMG_20220813_113048-768x774.jpg 768w, https:\/\/www.atelier-e-six.de\/wordpress\/wp-content\/uploads\/2022\/08\/IMG_20220813_113048-1524x1536.jpg 1524w, https:\/\/www.atelier-e-six.de\/wordpress\/wp-content\/uploads\/2022\/08\/IMG_20220813_113048-2032x2048.jpg 2032w, https:\/\/www.atelier-e-six.de\/wordpress\/wp-content\/uploads\/2022\/08\/IMG_20220813_113048-600x605.jpg 600w, https:\/\/www.atelier-e-six.de\/wordpress\/wp-content\/uploads\/2022\/08\/IMG_20220813_113048-100x100.jpg 100w\" sizes=\"auto, (max-width: 780px) 100vw, 780px\" \/><\/a><\/p>\n<p style=\"text-align: center;\"><a href=\"https:\/\/www.atelier-e-six.de\/wordpress\/wp-content\/uploads\/2022\/08\/IMG_20220813_113145-scaled.jpg\"><img loading=\"lazy\" decoding=\"async\" class=\"aligncenter size-large wp-image-303921\" src=\"https:\/\/www.atelier-e-six.de\/wordpress\/wp-content\/uploads\/2022\/08\/IMG_20220813_113145-1015x1024.jpg\" alt=\"\" width=\"780\" height=\"787\" srcset=\"https:\/\/www.atelier-e-six.de\/wordpress\/wp-content\/uploads\/2022\/08\/IMG_20220813_113145-1015x1024.jpg 1015w, https:\/\/www.atelier-e-six.de\/wordpress\/wp-content\/uploads\/2022\/08\/IMG_20220813_113145-297x300.jpg 297w, https:\/\/www.atelier-e-six.de\/wordpress\/wp-content\/uploads\/2022\/08\/IMG_20220813_113145-150x150.jpg 150w, https:\/\/www.atelier-e-six.de\/wordpress\/wp-content\/uploads\/2022\/08\/IMG_20220813_113145-768x775.jpg 768w, https:\/\/www.atelier-e-six.de\/wordpress\/wp-content\/uploads\/2022\/08\/IMG_20220813_113145-1522x1536.jpg 1522w, https:\/\/www.atelier-e-six.de\/wordpress\/wp-content\/uploads\/2022\/08\/IMG_20220813_113145-2029x2048.jpg 2029w, https:\/\/www.atelier-e-six.de\/wordpress\/wp-content\/uploads\/2022\/08\/IMG_20220813_113145-600x605.jpg 600w, https:\/\/www.atelier-e-six.de\/wordpress\/wp-content\/uploads\/2022\/08\/IMG_20220813_113145-100x100.jpg 100w\" sizes=\"auto, (max-width: 780px) 100vw, 780px\" \/><\/a><\/p>\n<p style=\"text-align: center;\">Das Gem\u00e4lde wurde von mir auf Leinwand Keilrahmen handgefertigt in meinem Atelier.<\/p>\n<p style=\"text-align: center;\">R\u00fcckseitig mit Signatur, vollem Namen, Websitevermerk, Copyright-Hinweis und Entstehungsjahr versehen.&nbsp;Vorderseitige Signatur auf Wunsch.<\/p>\n<p style=\"text-align: center;\">Sie erhalten das abgebildete Originalgem\u00e4lde mit auf Wunsch zus\u00e4tzlich unmittelbar &nbsp;vor dem Versand angebrachter vorderseitiger Signatur.<\/p>\n<p style=\"text-align: center;\">Jedes Gem\u00e4lde wird vor dem Versand mit frischem Abschlussfirnis versehen.&nbsp;<\/p>\n<p style=\"text-align: center;\">Die Gem\u00e4lde werden &nbsp;weiterhin oder zuk\u00fcnftig auf meiner Website www.atelier-e-six.de und www.elisabethsix.de ver\u00f6ffentlicht bleiben.<\/p>\n<p style=\"text-align: center;\">&nbsp;<\/p>\n<p style=\"text-align: center;\">&nbsp;<\/p>\n<p style=\"text-align: center;\">&nbsp;<\/p>\n<p style=\"text-align: center;\">&nbsp;<\/p>\n<p style=\"text-align: center;\">&nbsp;<\/p>\n<p style=\"text-align: center;\">&nbsp;<\/p>\n<p style=\"text-align: center;\">&nbsp;<\/p>\n<p style=\"text-align: center;\">COPYRIGHT E.SIX<\/p>\n","protected":false},"excerpt":{"rendered":"<p>Acrylgem\u00e4lde von Elisabeth Six 25 mal 25 cm&nbsp; &nbsp; Das Gem\u00e4lde wurde von mir auf Leinwand Keilrahmen handgefertigt in meinem Atelier. R\u00fcckseitig mit Signatur, vollem Namen, Websitevermerk, Copyright-Hinweis und Entstehungsjahr versehen.&nbsp;Vorderseitige Signatur auf Wunsch. Sie erhalten das abgebildete Originalgem\u00e4lde mit auf Wunsch zus\u00e4tzlich unmittelbar &nbsp;vor dem Versand angebrachter vorderseitiger Signatur.<\/p>\n","protected":false},"featured_media":303920,"comment_status":"closed","ping_status":"closed","template":"","meta":{"ngg_post_thumbnail":0},"product_cat":[70,150,8,9],"product_tag":[],"class_list":["post-303917","product","type-product","status-publish","has-post-thumbnail","hentry","product_cat-101-e-200-e","product_cat-25-x-25-cm","product_cat-acrylgemaelde","product_cat-miniaturen"],"_links":{"self":[{"href":"https:\/\/www.atelier-e-six.de\/wordpress\/wp-json\/wp\/v2\/product\/303917","targetHints":{"allow":["GET"]}}],"collection":[{"href":"https:\/\/www.atelier-e-six.de\/wordpress\/wp-json\/wp\/v2\/product"}],"about":[{"href":"https:\/\/www.atelier-e-six.de\/wordpress\/wp-json\/wp\/v2\/types\/product"}],"replies":[{"embeddable":true,"href":"https:\/\/www.atelier-e-six.de\/wordpress\/wp-json\/wp\/v2\/comments?post=303917"}],"wp:featuredmedia":[{"embeddable":true,"href":"https:\/\/www.atelier-e-six.de\/wordpress\/wp-json\/wp\/v2\/media\/303920"}],"wp:attachment":[{"href":"https:\/\/www.atelier-e-six.de\/wordpress\/wp-json\/wp\/v2\/media?parent=303917"}],"wp:term":[{"taxonomy":"product_cat","embeddable":true,"href":"https:\/\/www.atelier-e-six.de\/wordpress\/wp-json\/wp\/v2\/product_cat?post=303917"},{"taxonomy":"product_tag","embeddable":true,"href":"https:\/\/www.atelier-e-six.de\/wordpress\/wp-json\/wp\/v2\/product_tag?post=303917"}],"curies":[{"name":"wp","href":"https:\/\/api.w.org\/{rel}","templated":true}]}}