{"id":303978,"date":"2022-10-04T10:35:55","date_gmt":"2022-10-04T08:35:55","guid":{"rendered":"https:\/\/www.atelier-e-six.de\/wordpress\/?post_type=product&#038;p=303978"},"modified":"2022-12-19T10:39:28","modified_gmt":"2022-12-19T09:39:28","slug":"oelbild-70-x-100-cm","status":"publish","type":"product","link":"https:\/\/www.atelier-e-six.de\/wordpress\/produkt\/oelbild-70-x-100-cm\/","title":{"rendered":"\u00d6lbild 70 x 100 cm &#8211; verkauft &#8211;"},"content":{"rendered":"<p dir=\"ltr\" style=\"text-align: center;\">&nbsp;\u00d6lgem\u00e4lde von Elisabeth Six 70 mal 100 cm&nbsp; auf Leinwand Keilrahmen<\/p>\n<p dir=\"ltr\" style=\"text-align: center;\"><img loading=\"lazy\" decoding=\"async\" class=\"aligncenter size-large wp-image-187333\" src=\"https:\/\/www.atelier-e-six.de\/wordpress\/wp-content\/uploads\/2021\/11\/2021-11-24-10-50-13-321-1024x896.jpg\" alt=\"\" width=\"780\" height=\"683\" srcset=\"https:\/\/www.atelier-e-six.de\/wordpress\/wp-content\/uploads\/2021\/11\/2021-11-24-10-50-13-321-1024x896.jpg 1024w, https:\/\/www.atelier-e-six.de\/wordpress\/wp-content\/uploads\/2021\/11\/2021-11-24-10-50-13-321-300x263.jpg 300w, https:\/\/www.atelier-e-six.de\/wordpress\/wp-content\/uploads\/2021\/11\/2021-11-24-10-50-13-321-768x672.jpg 768w, https:\/\/www.atelier-e-six.de\/wordpress\/wp-content\/uploads\/2021\/11\/2021-11-24-10-50-13-321-600x525.jpg 600w, https:\/\/www.atelier-e-six.de\/wordpress\/wp-content\/uploads\/2021\/11\/2021-11-24-10-50-13-321.jpg 1080w\" sizes=\"auto, (max-width: 780px) 100vw, 780px\" \/><\/p>\n<p dir=\"ltr\" style=\"text-align: center;\"><a href=\"https:\/\/www.atelier-e-six.de\/wordpress\/wp-content\/uploads\/2021\/11\/IMG_20211122_1113171-scaled.jpg\"><img loading=\"lazy\" decoding=\"async\" class=\"aligncenter size-large wp-image-187335\" src=\"https:\/\/www.atelier-e-six.de\/wordpress\/wp-content\/uploads\/2021\/11\/IMG_20211122_1113171-1024x659.jpg\" alt=\"\" width=\"780\" height=\"502\" srcset=\"https:\/\/www.atelier-e-six.de\/wordpress\/wp-content\/uploads\/2021\/11\/IMG_20211122_1113171-1024x659.jpg 1024w, https:\/\/www.atelier-e-six.de\/wordpress\/wp-content\/uploads\/2021\/11\/IMG_20211122_1113171-300x193.jpg 300w, https:\/\/www.atelier-e-six.de\/wordpress\/wp-content\/uploads\/2021\/11\/IMG_20211122_1113171-768x494.jpg 768w, https:\/\/www.atelier-e-six.de\/wordpress\/wp-content\/uploads\/2021\/11\/IMG_20211122_1113171-1536x988.jpg 1536w, https:\/\/www.atelier-e-six.de\/wordpress\/wp-content\/uploads\/2021\/11\/IMG_20211122_1113171-2048x1318.jpg 2048w, https:\/\/www.atelier-e-six.de\/wordpress\/wp-content\/uploads\/2021\/11\/IMG_20211122_1113171-600x386.jpg 600w\" sizes=\"auto, (max-width: 780px) 100vw, 780px\" \/><\/a><\/p>\n<p dir=\"ltr\" style=\"text-align: center;\"><a href=\"https:\/\/www.atelier-e-six.de\/wordpress\/wp-content\/uploads\/2021\/11\/IMG_20211122_111225-scaled.jpg\"><img loading=\"lazy\" decoding=\"async\" class=\"aligncenter size-large wp-image-187336\" src=\"https:\/\/www.atelier-e-six.de\/wordpress\/wp-content\/uploads\/2021\/11\/IMG_20211122_111225-1024x768.jpg\" alt=\"\" width=\"780\" height=\"585\" srcset=\"https:\/\/www.atelier-e-six.de\/wordpress\/wp-content\/uploads\/2021\/11\/IMG_20211122_111225-1024x768.jpg 1024w, https:\/\/www.atelier-e-six.de\/wordpress\/wp-content\/uploads\/2021\/11\/IMG_20211122_111225-300x225.jpg 300w, https:\/\/www.atelier-e-six.de\/wordpress\/wp-content\/uploads\/2021\/11\/IMG_20211122_111225-768x576.jpg 768w, https:\/\/www.atelier-e-six.de\/wordpress\/wp-content\/uploads\/2021\/11\/IMG_20211122_111225-1536x1152.jpg 1536w, https:\/\/www.atelier-e-six.de\/wordpress\/wp-content\/uploads\/2021\/11\/IMG_20211122_111225-2048x1536.jpg 2048w, https:\/\/www.atelier-e-six.de\/wordpress\/wp-content\/uploads\/2021\/11\/IMG_20211122_111225-600x450.jpg 600w\" sizes=\"auto, (max-width: 780px) 100vw, 780px\" \/><\/a><\/p>\n<p dir=\"ltr\" style=\"text-align: center;\">Das Gem\u00e4lde wurde von mir auf Leinwand Keilrahmen handgefertigt 2021 in meinem Atelier.<\/p>\n<p dir=\"ltr\" style=\"text-align: center;\">Leinwand auf Keilrahmen. Lieferung ohne wei\u00dfen Zierrahmen.&nbsp;<\/p>\n<p dir=\"ltr\" style=\"text-align: center;\">R\u00fcckseitig mit Signatur, vollem Namen, Websitevermerk, Copyright-Hinweis und Entstehungsjahr versehen. Vorderseitige Signatur auf Wunsch.<\/p>\n<p dir=\"ltr\" style=\"text-align: center;\">Sie erhalten das abgebildete Originalgem\u00e4lde mit auf Wunsch zus\u00e4tzlich unmittelbar&nbsp; vor dem Versand angebrachter vorderseitiger Signatur.<\/p>\n<p dir=\"ltr\" style=\"text-align: center;\">Jedes Gem\u00e4lde wird vor dem Versand mit frischem Abschlussfirnis versehen.<\/p>\n<p dir=\"ltr\" style=\"text-align: center;\">Die Gem\u00e4lde werden&nbsp; weiterhin oder zuk\u00fcnftig auf meiner Website www.atelier-e-six.de und www.elisabethsix.de ver\u00f6ffentlicht bleiben.<\/p>\n<p dir=\"ltr\" style=\"text-align: center;\">COPYRIGHT E.SIX<\/p>\n","protected":false},"excerpt":{"rendered":"<p>&nbsp;\u00d6lgem\u00e4lde von Elisabeth Six 70 mal 100 cm&nbsp; auf Leinwand Keilrahmen Das Gem\u00e4lde wurde von mir auf Leinwand Keilrahmen handgefertigt 2021 in meinem Atelier. Leinwand auf Keilrahmen. Lieferung ohne wei\u00dfen Zierrahmen.&nbsp; R\u00fcckseitig mit Signatur, vollem Namen, Websitevermerk, Copyright-Hinweis und Entstehungsjahr versehen. Vorderseitige Signatur auf Wunsch. Sie erhalten das abgebildete Originalgem\u00e4lde<\/p>\n","protected":false},"featured_media":187333,"comment_status":"closed","ping_status":"closed","template":"","meta":{"ngg_post_thumbnail":0},"product_cat":[82,179,7],"product_tag":[79,76],"class_list":["post-303978","product","type-product","status-publish","has-post-thumbnail","hentry","product_cat-201-e-500-e","product_cat-70-x-100-cm","product_cat-oelgemaelde","product_tag-abstract-art","product_tag-elisabeth-six"],"_links":{"self":[{"href":"https:\/\/www.atelier-e-six.de\/wordpress\/wp-json\/wp\/v2\/product\/303978","targetHints":{"allow":["GET"]}}],"collection":[{"href":"https:\/\/www.atelier-e-six.de\/wordpress\/wp-json\/wp\/v2\/product"}],"about":[{"href":"https:\/\/www.atelier-e-six.de\/wordpress\/wp-json\/wp\/v2\/types\/product"}],"replies":[{"embeddable":true,"href":"https:\/\/www.atelier-e-six.de\/wordpress\/wp-json\/wp\/v2\/comments?post=303978"}],"wp:featuredmedia":[{"embeddable":true,"href":"https:\/\/www.atelier-e-six.de\/wordpress\/wp-json\/wp\/v2\/media\/187333"}],"wp:attachment":[{"href":"https:\/\/www.atelier-e-six.de\/wordpress\/wp-json\/wp\/v2\/media?parent=303978"}],"wp:term":[{"taxonomy":"product_cat","embeddable":true,"href":"https:\/\/www.atelier-e-six.de\/wordpress\/wp-json\/wp\/v2\/product_cat?post=303978"},{"taxonomy":"product_tag","embeddable":true,"href":"https:\/\/www.atelier-e-six.de\/wordpress\/wp-json\/wp\/v2\/product_tag?post=303978"}],"curies":[{"name":"wp","href":"https:\/\/api.w.org\/{rel}","templated":true}]}}