{"id":304153,"date":"2023-01-22T14:38:01","date_gmt":"2023-01-22T13:38:01","guid":{"rendered":"https:\/\/www.atelier-e-six.de\/wordpress\/?post_type=product&#038;p=304153"},"modified":"2023-01-22T14:49:02","modified_gmt":"2023-01-22T13:49:02","slug":"oelbild-70-x-100-cm-3","status":"publish","type":"product","link":"https:\/\/www.atelier-e-six.de\/wordpress\/produkt\/oelbild-70-x-100-cm-3\/","title":{"rendered":"\u00d6lbild 70 x 100 cm"},"content":{"rendered":"<p dir=\"ltr\" style=\"text-align: center;\">&nbsp;\u00d6lgem\u00e4lde von Elisabeth Six 70 mal 100 cm&nbsp; auf Leinwand Keilrahmen<\/p>\n<p dir=\"ltr\" style=\"text-align: center;\"><a href=\"https:\/\/www.atelier-e-six.de\/wordpress\/wp-content\/uploads\/2023\/01\/IMG_20230122_135047-scaled.jpg\"><img loading=\"lazy\" decoding=\"async\" class=\"aligncenter size-large wp-image-304150\" src=\"https:\/\/www.atelier-e-six.de\/wordpress\/wp-content\/uploads\/2023\/01\/IMG_20230122_135047-1024x689.jpg\" alt=\"\" width=\"780\" height=\"525\" srcset=\"https:\/\/www.atelier-e-six.de\/wordpress\/wp-content\/uploads\/2023\/01\/IMG_20230122_135047-1024x689.jpg 1024w, https:\/\/www.atelier-e-six.de\/wordpress\/wp-content\/uploads\/2023\/01\/IMG_20230122_135047-300x202.jpg 300w, https:\/\/www.atelier-e-six.de\/wordpress\/wp-content\/uploads\/2023\/01\/IMG_20230122_135047-768x516.jpg 768w, https:\/\/www.atelier-e-six.de\/wordpress\/wp-content\/uploads\/2023\/01\/IMG_20230122_135047-1536x1033.jpg 1536w, https:\/\/www.atelier-e-six.de\/wordpress\/wp-content\/uploads\/2023\/01\/IMG_20230122_135047-2048x1377.jpg 2048w, https:\/\/www.atelier-e-six.de\/wordpress\/wp-content\/uploads\/2023\/01\/IMG_20230122_135047-600x403.jpg 600w\" sizes=\"auto, (max-width: 780px) 100vw, 780px\" \/><\/a><\/p>\n<p dir=\"ltr\" style=\"text-align: center;\">&nbsp;<\/p>\n<p dir=\"ltr\" style=\"text-align: center;\">&nbsp;<\/p>\n<p>&nbsp;<\/p>\n<p dir=\"ltr\" style=\"text-align: center;\">Das Gem\u00e4lde wurde von mir auf Leinwand Keilrahmen handgefertigt 2021 in meinem Atelier.<\/p>\n<p dir=\"ltr\" style=\"text-align: center;\">Leinwand auf Keilrahmen. Lieferung ohne wei\u00dfen Zierrahmen.&nbsp;<\/p>\n<p dir=\"ltr\" style=\"text-align: center;\">R\u00fcckseitig mit Signatur, vollem Namen, Websitevermerk, Copyright-Hinweis und Entstehungsjahr versehen. Vorderseitige Signatur auf Wunsch.<\/p>\n<p dir=\"ltr\" style=\"text-align: center;\">Sie erhalten das abgebildete Originalgem\u00e4lde mit auf Wunsch zus\u00e4tzlich unmittelbar&nbsp; vor dem Versand angebrachter vorderseitiger Signatur.<\/p>\n<p dir=\"ltr\" style=\"text-align: center;\">Jedes Gem\u00e4lde wird vor dem Versand mit frischem Abschlussfirnis versehen.<\/p>\n<p dir=\"ltr\" style=\"text-align: center;\">Die Gem\u00e4lde werden&nbsp; weiterhin oder zuk\u00fcnftig auf meiner Website www.atelier-e-six.de und www.elisabethsix.de ver\u00f6ffentlicht bleiben.<\/p>\n<p dir=\"ltr\" style=\"text-align: center;\">COPYRIGHT E.SIX<\/p>\n","protected":false},"excerpt":{"rendered":"<p>&nbsp;\u00d6lgem\u00e4lde von Elisabeth Six 70 mal 100 cm&nbsp; auf Leinwand Keilrahmen &nbsp; &nbsp; &nbsp; Das Gem\u00e4lde wurde von mir auf Leinwand Keilrahmen handgefertigt 2021 in meinem Atelier. Leinwand auf Keilrahmen. Lieferung ohne wei\u00dfen Zierrahmen.&nbsp; R\u00fcckseitig mit Signatur, vollem Namen, Websitevermerk, Copyright-Hinweis und Entstehungsjahr versehen. Vorderseitige Signatur auf Wunsch. Sie erhalten<\/p>\n","protected":false},"featured_media":304150,"comment_status":"closed","ping_status":"closed","template":"","meta":{"ngg_post_thumbnail":0},"product_cat":[82,179,7],"product_tag":[79,76],"class_list":["post-304153","product","type-product","status-publish","has-post-thumbnail","hentry","product_cat-201-e-500-e","product_cat-70-x-100-cm","product_cat-oelgemaelde","product_tag-abstract-art","product_tag-elisabeth-six"],"_links":{"self":[{"href":"https:\/\/www.atelier-e-six.de\/wordpress\/wp-json\/wp\/v2\/product\/304153","targetHints":{"allow":["GET"]}}],"collection":[{"href":"https:\/\/www.atelier-e-six.de\/wordpress\/wp-json\/wp\/v2\/product"}],"about":[{"href":"https:\/\/www.atelier-e-six.de\/wordpress\/wp-json\/wp\/v2\/types\/product"}],"replies":[{"embeddable":true,"href":"https:\/\/www.atelier-e-six.de\/wordpress\/wp-json\/wp\/v2\/comments?post=304153"}],"wp:featuredmedia":[{"embeddable":true,"href":"https:\/\/www.atelier-e-six.de\/wordpress\/wp-json\/wp\/v2\/media\/304150"}],"wp:attachment":[{"href":"https:\/\/www.atelier-e-six.de\/wordpress\/wp-json\/wp\/v2\/media?parent=304153"}],"wp:term":[{"taxonomy":"product_cat","embeddable":true,"href":"https:\/\/www.atelier-e-six.de\/wordpress\/wp-json\/wp\/v2\/product_cat?post=304153"},{"taxonomy":"product_tag","embeddable":true,"href":"https:\/\/www.atelier-e-six.de\/wordpress\/wp-json\/wp\/v2\/product_tag?post=304153"}],"curies":[{"name":"wp","href":"https:\/\/api.w.org\/{rel}","templated":true}]}}