{"id":304158,"date":"2023-01-22T14:46:00","date_gmt":"2023-01-22T13:46:00","guid":{"rendered":"https:\/\/www.atelier-e-six.de\/wordpress\/?post_type=product&#038;p=304158"},"modified":"2023-02-10T11:30:19","modified_gmt":"2023-02-10T10:30:19","slug":"oelbild-70-x-100-cm-4","status":"publish","type":"product","link":"https:\/\/www.atelier-e-six.de\/wordpress\/produkt\/oelbild-70-x-100-cm-4\/","title":{"rendered":"\u00d6lbild 70 x 100 cm"},"content":{"rendered":"<p dir=\"ltr\" style=\"text-align: center;\">&nbsp;\u00d6lgem\u00e4lde von Elisabeth Six 70 mal 100 cm&nbsp; auf Leinwand Keilrahmen<\/p>\n<p dir=\"ltr\" style=\"text-align: center;\"><img loading=\"lazy\" decoding=\"async\" class=\"aligncenter size-large wp-image-304151\" src=\"https:\/\/www.atelier-e-six.de\/wordpress\/wp-content\/uploads\/2023\/01\/IMG_20230122_140200-695x1024.jpg\" alt=\"\" width=\"695\" height=\"1024\" srcset=\"https:\/\/www.atelier-e-six.de\/wordpress\/wp-content\/uploads\/2023\/01\/IMG_20230122_140200-695x1024.jpg 695w, https:\/\/www.atelier-e-six.de\/wordpress\/wp-content\/uploads\/2023\/01\/IMG_20230122_140200-204x300.jpg 204w, https:\/\/www.atelier-e-six.de\/wordpress\/wp-content\/uploads\/2023\/01\/IMG_20230122_140200-768x1132.jpg 768w, https:\/\/www.atelier-e-six.de\/wordpress\/wp-content\/uploads\/2023\/01\/IMG_20230122_140200-1042x1536.jpg 1042w, https:\/\/www.atelier-e-six.de\/wordpress\/wp-content\/uploads\/2023\/01\/IMG_20230122_140200-1389x2048.jpg 1389w, https:\/\/www.atelier-e-six.de\/wordpress\/wp-content\/uploads\/2023\/01\/IMG_20230122_140200-600x884.jpg 600w, https:\/\/www.atelier-e-six.de\/wordpress\/wp-content\/uploads\/2023\/01\/IMG_20230122_140200-scaled.jpg 1737w\" sizes=\"auto, (max-width: 695px) 100vw, 695px\" \/><\/p>\n<p dir=\"ltr\" style=\"text-align: center;\"><img loading=\"lazy\" decoding=\"async\" class=\"aligncenter size-large wp-image-304155\" src=\"https:\/\/www.atelier-e-six.de\/wordpress\/wp-content\/uploads\/2023\/01\/IMG_20230115_132220-1024x768.jpg\" alt=\"\" width=\"780\" height=\"585\" srcset=\"https:\/\/www.atelier-e-six.de\/wordpress\/wp-content\/uploads\/2023\/01\/IMG_20230115_132220-1024x768.jpg 1024w, https:\/\/www.atelier-e-six.de\/wordpress\/wp-content\/uploads\/2023\/01\/IMG_20230115_132220-300x225.jpg 300w, https:\/\/www.atelier-e-six.de\/wordpress\/wp-content\/uploads\/2023\/01\/IMG_20230115_132220-768x576.jpg 768w, https:\/\/www.atelier-e-six.de\/wordpress\/wp-content\/uploads\/2023\/01\/IMG_20230115_132220-1536x1152.jpg 1536w, https:\/\/www.atelier-e-six.de\/wordpress\/wp-content\/uploads\/2023\/01\/IMG_20230115_132220-2048x1536.jpg 2048w, https:\/\/www.atelier-e-six.de\/wordpress\/wp-content\/uploads\/2023\/01\/IMG_20230115_132220-600x450.jpg 600w\" sizes=\"auto, (max-width: 780px) 100vw, 780px\" \/><\/p>\n<p><a href=\"https:\/\/www.atelier-e-six.de\/wordpress\/wp-content\/uploads\/2023\/01\/IMG_20230115_132212-scaled.jpg\"><img loading=\"lazy\" decoding=\"async\" class=\"aligncenter size-large wp-image-304157\" src=\"https:\/\/www.atelier-e-six.de\/wordpress\/wp-content\/uploads\/2023\/01\/IMG_20230115_132212-1024x768.jpg\" alt=\"\" width=\"780\" height=\"585\" srcset=\"https:\/\/www.atelier-e-six.de\/wordpress\/wp-content\/uploads\/2023\/01\/IMG_20230115_132212-1024x768.jpg 1024w, https:\/\/www.atelier-e-six.de\/wordpress\/wp-content\/uploads\/2023\/01\/IMG_20230115_132212-300x225.jpg 300w, https:\/\/www.atelier-e-six.de\/wordpress\/wp-content\/uploads\/2023\/01\/IMG_20230115_132212-768x576.jpg 768w, https:\/\/www.atelier-e-six.de\/wordpress\/wp-content\/uploads\/2023\/01\/IMG_20230115_132212-1536x1152.jpg 1536w, https:\/\/www.atelier-e-six.de\/wordpress\/wp-content\/uploads\/2023\/01\/IMG_20230115_132212-2048x1536.jpg 2048w, https:\/\/www.atelier-e-six.de\/wordpress\/wp-content\/uploads\/2023\/01\/IMG_20230115_132212-600x450.jpg 600w\" sizes=\"auto, (max-width: 780px) 100vw, 780px\" \/><\/a><\/p>\n<p dir=\"ltr\" style=\"text-align: center;\">Das Gem\u00e4lde wurde von mir auf Leinwand Keilrahmen handgefertigt 2023 in meinem Atelier.<\/p>\n<p dir=\"ltr\" style=\"text-align: center;\">&nbsp;<\/p>\n<p dir=\"ltr\" style=\"text-align: center;\">R\u00fcckseitig mit Signatur, vollem Namen, Websitevermerk, Copyright-Hinweis und Entstehungsjahr versehen.&nbsp;<\/p>\n<p dir=\"ltr\" style=\"text-align: center;\">COPYRIGHT E.SIX<\/p>\n","protected":false},"excerpt":{"rendered":"<p>&nbsp;\u00d6lgem\u00e4lde von Elisabeth Six 70 mal 100 cm&nbsp; auf Leinwand Keilrahmen Das Gem\u00e4lde wurde von mir auf Leinwand Keilrahmen handgefertigt 2023 in meinem Atelier. &nbsp; R\u00fcckseitig mit Signatur, vollem Namen, Websitevermerk, Copyright-Hinweis und Entstehungsjahr versehen.&nbsp; COPYRIGHT E.SIX<\/p>\n","protected":false},"featured_media":304151,"comment_status":"closed","ping_status":"closed","template":"","meta":{"ngg_post_thumbnail":0},"product_cat":[82,179,7],"product_tag":[79,76],"class_list":["post-304158","product","type-product","status-publish","has-post-thumbnail","hentry","product_cat-201-e-500-e","product_cat-70-x-100-cm","product_cat-oelgemaelde","product_tag-abstract-art","product_tag-elisabeth-six"],"_links":{"self":[{"href":"https:\/\/www.atelier-e-six.de\/wordpress\/wp-json\/wp\/v2\/product\/304158","targetHints":{"allow":["GET"]}}],"collection":[{"href":"https:\/\/www.atelier-e-six.de\/wordpress\/wp-json\/wp\/v2\/product"}],"about":[{"href":"https:\/\/www.atelier-e-six.de\/wordpress\/wp-json\/wp\/v2\/types\/product"}],"replies":[{"embeddable":true,"href":"https:\/\/www.atelier-e-six.de\/wordpress\/wp-json\/wp\/v2\/comments?post=304158"}],"wp:featuredmedia":[{"embeddable":true,"href":"https:\/\/www.atelier-e-six.de\/wordpress\/wp-json\/wp\/v2\/media\/304151"}],"wp:attachment":[{"href":"https:\/\/www.atelier-e-six.de\/wordpress\/wp-json\/wp\/v2\/media?parent=304158"}],"wp:term":[{"taxonomy":"product_cat","embeddable":true,"href":"https:\/\/www.atelier-e-six.de\/wordpress\/wp-json\/wp\/v2\/product_cat?post=304158"},{"taxonomy":"product_tag","embeddable":true,"href":"https:\/\/www.atelier-e-six.de\/wordpress\/wp-json\/wp\/v2\/product_tag?post=304158"}],"curies":[{"name":"wp","href":"https:\/\/api.w.org\/{rel}","templated":true}]}}