{"id":304201,"date":"2024-06-12T17:13:15","date_gmt":"2024-06-12T15:13:15","guid":{"rendered":"https:\/\/www.atelier-e-six.de\/wordpress\/?post_type=product&#038;p=304201"},"modified":"2024-06-12T17:19:02","modified_gmt":"2024-06-12T15:19:02","slug":"acrylbild-70-x-100-cm-5","status":"publish","type":"product","link":"https:\/\/www.atelier-e-six.de\/wordpress\/produkt\/acrylbild-70-x-100-cm-5\/","title":{"rendered":"Acrylbild 70 x 100 cm"},"content":{"rendered":"<p dir=\"ltr\" style=\"text-align: center;\">&nbsp;Acrylgem\u00e4lde von Elisabeth Six 70 mal 100 cm&nbsp; auf Leinwand Keilrahmen<\/p>\n<p><a href=\"https:\/\/www.atelier-e-six.de\/wordpress\/wp-content\/uploads\/2024\/06\/IMG_20240612_144424-scaled.jpg\"><img loading=\"lazy\" decoding=\"async\" class=\"wp-image-304196 size-large\" src=\"https:\/\/www.atelier-e-six.de\/wordpress\/wp-content\/uploads\/2024\/06\/IMG_20240612_144424-814x1024.jpg\" alt=\"\" width=\"780\" height=\"981\" srcset=\"https:\/\/www.atelier-e-six.de\/wordpress\/wp-content\/uploads\/2024\/06\/IMG_20240612_144424-814x1024.jpg 814w, https:\/\/www.atelier-e-six.de\/wordpress\/wp-content\/uploads\/2024\/06\/IMG_20240612_144424-239x300.jpg 239w, https:\/\/www.atelier-e-six.de\/wordpress\/wp-content\/uploads\/2024\/06\/IMG_20240612_144424-768x966.jpg 768w, https:\/\/www.atelier-e-six.de\/wordpress\/wp-content\/uploads\/2024\/06\/IMG_20240612_144424-1221x1536.jpg 1221w, https:\/\/www.atelier-e-six.de\/wordpress\/wp-content\/uploads\/2024\/06\/IMG_20240612_144424-1628x2048.jpg 1628w, https:\/\/www.atelier-e-six.de\/wordpress\/wp-content\/uploads\/2024\/06\/IMG_20240612_144424-600x755.jpg 600w, https:\/\/www.atelier-e-six.de\/wordpress\/wp-content\/uploads\/2024\/06\/IMG_20240612_144424-48x60.jpg 48w, https:\/\/www.atelier-e-six.de\/wordpress\/wp-content\/uploads\/2024\/06\/IMG_20240612_144424-72x90.jpg 72w, https:\/\/www.atelier-e-six.de\/wordpress\/wp-content\/uploads\/2024\/06\/IMG_20240612_144424-scaled.jpg 2036w\" sizes=\"auto, (max-width: 780px) 100vw, 780px\" \/><\/a><\/p>\n<p dir=\"ltr\" style=\"text-align: center;\"><a href=\"https:\/\/www.atelier-e-six.de\/wordpress\/wp-content\/uploads\/2024\/06\/IMG_20240612_144342-scaled.jpg\"><img loading=\"lazy\" decoding=\"async\" class=\"aligncenter wp-image-304197 size-large\" src=\"https:\/\/www.atelier-e-six.de\/wordpress\/wp-content\/uploads\/2024\/06\/IMG_20240612_144342-1024x768.jpg\" alt=\"\" width=\"780\" height=\"585\" srcset=\"https:\/\/www.atelier-e-six.de\/wordpress\/wp-content\/uploads\/2024\/06\/IMG_20240612_144342-1024x768.jpg 1024w, https:\/\/www.atelier-e-six.de\/wordpress\/wp-content\/uploads\/2024\/06\/IMG_20240612_144342-300x225.jpg 300w, https:\/\/www.atelier-e-six.de\/wordpress\/wp-content\/uploads\/2024\/06\/IMG_20240612_144342-768x576.jpg 768w, https:\/\/www.atelier-e-six.de\/wordpress\/wp-content\/uploads\/2024\/06\/IMG_20240612_144342-1536x1152.jpg 1536w, https:\/\/www.atelier-e-six.de\/wordpress\/wp-content\/uploads\/2024\/06\/IMG_20240612_144342-2048x1536.jpg 2048w, https:\/\/www.atelier-e-six.de\/wordpress\/wp-content\/uploads\/2024\/06\/IMG_20240612_144342-600x450.jpg 600w, https:\/\/www.atelier-e-six.de\/wordpress\/wp-content\/uploads\/2024\/06\/IMG_20240612_144342-80x60.jpg 80w, https:\/\/www.atelier-e-six.de\/wordpress\/wp-content\/uploads\/2024\/06\/IMG_20240612_144342-120x90.jpg 120w\" sizes=\"auto, (max-width: 780px) 100vw, 780px\" \/><\/a><\/p>\n<p><img loading=\"lazy\" decoding=\"async\" class=\"aligncenter wp-image-304198 size-large\" src=\"https:\/\/www.atelier-e-six.de\/wordpress\/wp-content\/uploads\/2024\/06\/IMG_20240612_144340-1024x768.jpg\" alt=\"\" width=\"780\" height=\"585\" srcset=\"https:\/\/www.atelier-e-six.de\/wordpress\/wp-content\/uploads\/2024\/06\/IMG_20240612_144340-1024x768.jpg 1024w, https:\/\/www.atelier-e-six.de\/wordpress\/wp-content\/uploads\/2024\/06\/IMG_20240612_144340-300x225.jpg 300w, https:\/\/www.atelier-e-six.de\/wordpress\/wp-content\/uploads\/2024\/06\/IMG_20240612_144340-768x576.jpg 768w, https:\/\/www.atelier-e-six.de\/wordpress\/wp-content\/uploads\/2024\/06\/IMG_20240612_144340-1536x1152.jpg 1536w, https:\/\/www.atelier-e-six.de\/wordpress\/wp-content\/uploads\/2024\/06\/IMG_20240612_144340-2048x1536.jpg 2048w, https:\/\/www.atelier-e-six.de\/wordpress\/wp-content\/uploads\/2024\/06\/IMG_20240612_144340-600x450.jpg 600w, https:\/\/www.atelier-e-six.de\/wordpress\/wp-content\/uploads\/2024\/06\/IMG_20240612_144340-80x60.jpg 80w, https:\/\/www.atelier-e-six.de\/wordpress\/wp-content\/uploads\/2024\/06\/IMG_20240612_144340-120x90.jpg 120w\" sizes=\"auto, (max-width: 780px) 100vw, 780px\" \/><\/p>\n<p><img loading=\"lazy\" decoding=\"async\" class=\"aligncenter size-large wp-image-304200\" src=\"https:\/\/www.atelier-e-six.de\/wordpress\/wp-content\/uploads\/2024\/06\/IMG_20240612_144320-768x1024.jpg\" alt=\"\" width=\"768\" height=\"1024\" srcset=\"https:\/\/www.atelier-e-six.de\/wordpress\/wp-content\/uploads\/2024\/06\/IMG_20240612_144320-768x1024.jpg 768w, https:\/\/www.atelier-e-six.de\/wordpress\/wp-content\/uploads\/2024\/06\/IMG_20240612_144320-225x300.jpg 225w, https:\/\/www.atelier-e-six.de\/wordpress\/wp-content\/uploads\/2024\/06\/IMG_20240612_144320-1152x1536.jpg 1152w, https:\/\/www.atelier-e-six.de\/wordpress\/wp-content\/uploads\/2024\/06\/IMG_20240612_144320-1536x2048.jpg 1536w, https:\/\/www.atelier-e-six.de\/wordpress\/wp-content\/uploads\/2024\/06\/IMG_20240612_144320-600x800.jpg 600w, https:\/\/www.atelier-e-six.de\/wordpress\/wp-content\/uploads\/2024\/06\/IMG_20240612_144320-45x60.jpg 45w, https:\/\/www.atelier-e-six.de\/wordpress\/wp-content\/uploads\/2024\/06\/IMG_20240612_144320-68x90.jpg 68w, https:\/\/www.atelier-e-six.de\/wordpress\/wp-content\/uploads\/2024\/06\/IMG_20240612_144320-scaled.jpg 1920w\" sizes=\"auto, (max-width: 768px) 100vw, 768px\" \/><\/p>\n<p><span style=\"font-size: 1.0625rem; text-align: center;\">Das Gem\u00e4lde wurde von mir auf Leinwand Keilrahmen handgefertigt 2023 in meinem Atelier.<\/span><\/p>\n<p dir=\"ltr\" style=\"text-align: center;\">&nbsp;<\/p>\n<p dir=\"ltr\" style=\"text-align: center;\">R\u00fcckseitig mit Signatur, vollem Namen, Websitevermerk, Copyright-Hinweis und Entstehungsjahr versehen.&nbsp;<\/p>\n<p dir=\"ltr\" style=\"text-align: center;\">COPYRIGHT E.SIX<\/p>\n","protected":false},"excerpt":{"rendered":"<p>&nbsp;Acrylgem\u00e4lde von Elisabeth Six 70 mal 100 cm&nbsp; auf Leinwand Keilrahmen Das Gem\u00e4lde wurde von mir auf Leinwand Keilrahmen handgefertigt 2023 in meinem Atelier. &nbsp; R\u00fcckseitig mit Signatur, vollem Namen, Websitevermerk, Copyright-Hinweis und Entstehungsjahr versehen.&nbsp; COPYRIGHT E.SIX<\/p>\n","protected":false},"featured_media":304196,"comment_status":"closed","ping_status":"closed","template":"","meta":{"ngg_post_thumbnail":0},"product_cat":[82,179,8],"product_tag":[79,76],"class_list":["post-304201","product","type-product","status-publish","has-post-thumbnail","hentry","product_cat-201-e-500-e","product_cat-70-x-100-cm","product_cat-acrylgemaelde","product_tag-abstract-art","product_tag-elisabeth-six"],"_links":{"self":[{"href":"https:\/\/www.atelier-e-six.de\/wordpress\/wp-json\/wp\/v2\/product\/304201","targetHints":{"allow":["GET"]}}],"collection":[{"href":"https:\/\/www.atelier-e-six.de\/wordpress\/wp-json\/wp\/v2\/product"}],"about":[{"href":"https:\/\/www.atelier-e-six.de\/wordpress\/wp-json\/wp\/v2\/types\/product"}],"replies":[{"embeddable":true,"href":"https:\/\/www.atelier-e-six.de\/wordpress\/wp-json\/wp\/v2\/comments?post=304201"}],"wp:featuredmedia":[{"embeddable":true,"href":"https:\/\/www.atelier-e-six.de\/wordpress\/wp-json\/wp\/v2\/media\/304196"}],"wp:attachment":[{"href":"https:\/\/www.atelier-e-six.de\/wordpress\/wp-json\/wp\/v2\/media?parent=304201"}],"wp:term":[{"taxonomy":"product_cat","embeddable":true,"href":"https:\/\/www.atelier-e-six.de\/wordpress\/wp-json\/wp\/v2\/product_cat?post=304201"},{"taxonomy":"product_tag","embeddable":true,"href":"https:\/\/www.atelier-e-six.de\/wordpress\/wp-json\/wp\/v2\/product_tag?post=304201"}],"curies":[{"name":"wp","href":"https:\/\/api.w.org\/{rel}","templated":true}]}}