{"id":304223,"date":"2026-05-10T12:58:59","date_gmt":"2026-05-10T10:58:59","guid":{"rendered":"https:\/\/www.atelier-e-six.de\/wordpress\/?post_type=product&#038;p=304223"},"modified":"2026-05-10T13:03:34","modified_gmt":"2026-05-10T11:03:34","slug":"acrylbild-70-x-100-cm-6","status":"publish","type":"product","link":"https:\/\/www.atelier-e-six.de\/wordpress\/produkt\/acrylbild-70-x-100-cm-6\/","title":{"rendered":"Acrylbild 70 x 100 cm"},"content":{"rendered":"<p dir=\"ltr\" style=\"text-align: center;\">&nbsp;Acrylgem\u00e4lde von Elisabeth Six 70 mal 100 cm&nbsp; auf Leinwand Keilrahmen<\/p>\n<p dir=\"ltr\" style=\"text-align: center;\"><a href=\"https:\/\/www.atelier-e-six.de\/wordpress\/wp-content\/uploads\/2026\/05\/IMG_20260509_000127-scaled.jpg\" target=\"_blank\" rel=\"noopener\"><img loading=\"lazy\" decoding=\"async\" class=\"aligncenter wp-image-304221 size-large\" src=\"https:\/\/www.atelier-e-six.de\/wordpress\/wp-content\/uploads\/2026\/05\/IMG_20260509_000127-1024x768.jpg\" alt=\"\" width=\"780\" height=\"585\" srcset=\"https:\/\/www.atelier-e-six.de\/wordpress\/wp-content\/uploads\/2026\/05\/IMG_20260509_000127-1024x768.jpg 1024w, https:\/\/www.atelier-e-six.de\/wordpress\/wp-content\/uploads\/2026\/05\/IMG_20260509_000127-300x225.jpg 300w, https:\/\/www.atelier-e-six.de\/wordpress\/wp-content\/uploads\/2026\/05\/IMG_20260509_000127-768x576.jpg 768w, https:\/\/www.atelier-e-six.de\/wordpress\/wp-content\/uploads\/2026\/05\/IMG_20260509_000127-1536x1152.jpg 1536w, https:\/\/www.atelier-e-six.de\/wordpress\/wp-content\/uploads\/2026\/05\/IMG_20260509_000127-2048x1536.jpg 2048w, https:\/\/www.atelier-e-six.de\/wordpress\/wp-content\/uploads\/2026\/05\/IMG_20260509_000127-600x450.jpg 600w, https:\/\/www.atelier-e-six.de\/wordpress\/wp-content\/uploads\/2026\/05\/IMG_20260509_000127-80x60.jpg 80w, https:\/\/www.atelier-e-six.de\/wordpress\/wp-content\/uploads\/2026\/05\/IMG_20260509_000127-120x90.jpg 120w\" sizes=\"auto, (max-width: 780px) 100vw, 780px\" \/><\/a><\/p>\n<p><span style=\"font-size: 1.0625rem; text-align: center;\">Das Gem\u00e4lde wurde von mir auf Leinwand Keilrahmen handgefertigt 2026 in meinem Atelier.<\/span><\/p>\n<p dir=\"ltr\" style=\"text-align: center;\">&nbsp;<\/p>\n<p dir=\"ltr\" style=\"text-align: center;\">R\u00fcckseitig mit Signatur, vollem Namen, Websitevermerk, Copyright-Hinweis und Entstehungsjahr versehen.&nbsp;<\/p>\n<p dir=\"ltr\" style=\"text-align: center;\">COPYRIGHT E.SIX<\/p>\n","protected":false},"excerpt":{"rendered":"<p>&nbsp;Acrylgem\u00e4lde von Elisabeth Six 70 mal 100 cm&nbsp; auf Leinwand Keilrahmen Das Gem\u00e4lde wurde von mir auf Leinwand Keilrahmen handgefertigt 2026 in meinem Atelier. &nbsp; R\u00fcckseitig mit Signatur, vollem Namen, Websitevermerk, Copyright-Hinweis und Entstehungsjahr versehen.&nbsp; COPYRIGHT E.SIX<\/p>\n","protected":false},"featured_media":304221,"comment_status":"closed","ping_status":"closed","template":"","meta":{"ngg_post_thumbnail":0},"product_cat":[126,179,8],"product_tag":[79,76],"class_list":["post-304223","product","type-product","status-publish","has-post-thumbnail","hentry","product_cat-500-e-1000-e","product_cat-70-x-100-cm","product_cat-acrylgemaelde","product_tag-abstract-art","product_tag-elisabeth-six"],"_links":{"self":[{"href":"https:\/\/www.atelier-e-six.de\/wordpress\/wp-json\/wp\/v2\/product\/304223","targetHints":{"allow":["GET"]}}],"collection":[{"href":"https:\/\/www.atelier-e-six.de\/wordpress\/wp-json\/wp\/v2\/product"}],"about":[{"href":"https:\/\/www.atelier-e-six.de\/wordpress\/wp-json\/wp\/v2\/types\/product"}],"replies":[{"embeddable":true,"href":"https:\/\/www.atelier-e-six.de\/wordpress\/wp-json\/wp\/v2\/comments?post=304223"}],"wp:featuredmedia":[{"embeddable":true,"href":"https:\/\/www.atelier-e-six.de\/wordpress\/wp-json\/wp\/v2\/media\/304221"}],"wp:attachment":[{"href":"https:\/\/www.atelier-e-six.de\/wordpress\/wp-json\/wp\/v2\/media?parent=304223"}],"wp:term":[{"taxonomy":"product_cat","embeddable":true,"href":"https:\/\/www.atelier-e-six.de\/wordpress\/wp-json\/wp\/v2\/product_cat?post=304223"},{"taxonomy":"product_tag","embeddable":true,"href":"https:\/\/www.atelier-e-six.de\/wordpress\/wp-json\/wp\/v2\/product_tag?post=304223"}],"curies":[{"name":"wp","href":"https:\/\/api.w.org\/{rel}","templated":true}]}}