{"id":304224,"date":"2026-05-10T13:01:08","date_gmt":"2026-05-10T11:01:08","guid":{"rendered":"https:\/\/www.atelier-e-six.de\/wordpress\/?post_type=product&#038;p=304224"},"modified":"2026-05-10T13:06:54","modified_gmt":"2026-05-10T11:06:54","slug":"acrylbild-20-x-20-cm-4","status":"publish","type":"product","link":"https:\/\/www.atelier-e-six.de\/wordpress\/produkt\/acrylbild-20-x-20-cm-4\/","title":{"rendered":"Acrylbild 20 x 20 cm &#8211; verschenkt &#8211;"},"content":{"rendered":"<p dir=\"ltr\" style=\"text-align: center;\">Acrylgem\u00e4lde \u00d6lgem\u00e4lde Mixtechnik&nbsp;<\/p>\n<p dir=\"ltr\" style=\"text-align: center;\">20 mal 20 cm&nbsp; auf Leinwand Keilrahmen<\/p>\n<p><a href=\"https:\/\/www.atelier-e-six.de\/wordpress\/wp-content\/uploads\/2026\/05\/IMG_20260419_1802052-scaled.jpg\" target=\"_blank\" rel=\"noopener\"><img loading=\"lazy\" decoding=\"async\" class=\"aligncenter wp-image-304222 size-large\" src=\"https:\/\/www.atelier-e-six.de\/wordpress\/wp-content\/uploads\/2026\/05\/IMG_20260419_1802052-969x1024.jpg\" alt=\"\" width=\"780\" height=\"824\" srcset=\"https:\/\/www.atelier-e-six.de\/wordpress\/wp-content\/uploads\/2026\/05\/IMG_20260419_1802052-969x1024.jpg 969w, https:\/\/www.atelier-e-six.de\/wordpress\/wp-content\/uploads\/2026\/05\/IMG_20260419_1802052-284x300.jpg 284w, https:\/\/www.atelier-e-six.de\/wordpress\/wp-content\/uploads\/2026\/05\/IMG_20260419_1802052-768x811.jpg 768w, https:\/\/www.atelier-e-six.de\/wordpress\/wp-content\/uploads\/2026\/05\/IMG_20260419_1802052-1454x1536.jpg 1454w, https:\/\/www.atelier-e-six.de\/wordpress\/wp-content\/uploads\/2026\/05\/IMG_20260419_1802052-1939x2048.jpg 1939w, https:\/\/www.atelier-e-six.de\/wordpress\/wp-content\/uploads\/2026\/05\/IMG_20260419_1802052-600x634.jpg 600w, https:\/\/www.atelier-e-six.de\/wordpress\/wp-content\/uploads\/2026\/05\/IMG_20260419_1802052-57x60.jpg 57w, https:\/\/www.atelier-e-six.de\/wordpress\/wp-content\/uploads\/2026\/05\/IMG_20260419_1802052-85x90.jpg 85w\" sizes=\"auto, (max-width: 780px) 100vw, 780px\" \/><\/a><\/p>\n<p dir=\"ltr\" style=\"text-align: center;\"><span style=\"font-size: 1.0625rem;\">Das Gem\u00e4lde wurde von mir auf Leinwand Keilrahmen handgefertigt in meinem Atelier.<\/span><\/p>\n<p dir=\"ltr\" style=\"text-align: center;\">2026<\/p>\n<p dir=\"ltr\" style=\"text-align: center;\">R\u00fcckseitig mit Signatur, vollem Namen, Websitevermerk, Copyright-Hinweis und Entstehungsjahr versehen. Vorderseitige Signatur auf Wunsch.<\/p>\n<p dir=\"ltr\" style=\"text-align: center;\">Sie erhalten das abgebildete Originalgem\u00e4lde mit auf Wunsch zus\u00e4tzlich unmittelbar&nbsp; vor dem Versand angebrachter vorderseitiger Signatur.<\/p>\n<p dir=\"ltr\" style=\"text-align: center;\">Die Gem\u00e4lde werden&nbsp; weiterhin oder zuk\u00fcnftig auf meiner Website www.atelier-e-six.de und www.elisabethsix.de ver\u00f6ffentlicht bleiben.<\/p>\n<p dir=\"ltr\" style=\"text-align: center;\">COPYRIGHT E.SIX<\/p>\n","protected":false},"excerpt":{"rendered":"<p>Acrylgem\u00e4lde \u00d6lgem\u00e4lde Mixtechnik&nbsp; 20 mal 20 cm&nbsp; auf Leinwand Keilrahmen Das Gem\u00e4lde wurde von mir auf Leinwand Keilrahmen handgefertigt in meinem Atelier. 2026 R\u00fcckseitig mit Signatur, vollem Namen, Websitevermerk, Copyright-Hinweis und Entstehungsjahr versehen. Vorderseitige Signatur auf Wunsch. Sie erhalten das abgebildete Originalgem\u00e4lde mit auf Wunsch zus\u00e4tzlich unmittelbar&nbsp; vor dem Versand<\/p>\n","protected":false},"featured_media":304222,"comment_status":"closed","ping_status":"closed","template":"","meta":{"ngg_post_thumbnail":0},"product_cat":[82,40,8,9,127,7],"product_tag":[],"class_list":["post-304224","product","type-product","status-publish","has-post-thumbnail","hentry","product_cat-201-e-500-e","product_cat-20-x-20-cm","product_cat-acrylgemaelde","product_cat-miniaturen","product_cat-mischtechnik-abstract","product_cat-oelgemaelde"],"_links":{"self":[{"href":"https:\/\/www.atelier-e-six.de\/wordpress\/wp-json\/wp\/v2\/product\/304224","targetHints":{"allow":["GET"]}}],"collection":[{"href":"https:\/\/www.atelier-e-six.de\/wordpress\/wp-json\/wp\/v2\/product"}],"about":[{"href":"https:\/\/www.atelier-e-six.de\/wordpress\/wp-json\/wp\/v2\/types\/product"}],"replies":[{"embeddable":true,"href":"https:\/\/www.atelier-e-six.de\/wordpress\/wp-json\/wp\/v2\/comments?post=304224"}],"wp:featuredmedia":[{"embeddable":true,"href":"https:\/\/www.atelier-e-six.de\/wordpress\/wp-json\/wp\/v2\/media\/304222"}],"wp:attachment":[{"href":"https:\/\/www.atelier-e-six.de\/wordpress\/wp-json\/wp\/v2\/media?parent=304224"}],"wp:term":[{"taxonomy":"product_cat","embeddable":true,"href":"https:\/\/www.atelier-e-six.de\/wordpress\/wp-json\/wp\/v2\/product_cat?post=304224"},{"taxonomy":"product_tag","embeddable":true,"href":"https:\/\/www.atelier-e-six.de\/wordpress\/wp-json\/wp\/v2\/product_tag?post=304224"}],"curies":[{"name":"wp","href":"https:\/\/api.w.org\/{rel}","templated":true}]}}