{"id":31318,"date":"2019-12-29T13:33:52","date_gmt":"2019-12-29T12:33:52","guid":{"rendered":"https:\/\/www.atelier-e-six.de\/wordpress\/?post_type=product&#038;p=31318"},"modified":"2020-01-07T10:07:21","modified_gmt":"2020-01-07T09:07:21","slug":"acrylbild-70-x-100-cm-4","status":"publish","type":"product","link":"https:\/\/www.atelier-e-six.de\/wordpress\/produkt\/acrylbild-70-x-100-cm-4\/","title":{"rendered":"Acrylbild 70 x 100 cm"},"content":{"rendered":"<p style=\"text-align: center;\">Acrylgem\u00e4ld<span style=\"font-size: 1.0625rem;\">e von Elisabeth Six 70 mal 100 cm &nbsp;auf Leinwand Keilrahmen<\/span><\/p>\n<p style=\"text-align: center;\"><a href=\"https:\/\/www.atelier-e-six.de\/wordpress\/wp-content\/uploads\/2019\/10\/IMG_20191027_145447.jpg\"><img loading=\"lazy\" decoding=\"async\" class=\"aligncenter size-large wp-image-15525\" src=\"https:\/\/www.atelier-e-six.de\/wordpress\/wp-content\/uploads\/2019\/10\/IMG_20191027_145447-708x1024.jpg\" alt=\"\" width=\"708\" height=\"1024\" srcset=\"https:\/\/www.atelier-e-six.de\/wordpress\/wp-content\/uploads\/2019\/10\/IMG_20191027_145447-708x1024.jpg 708w, https:\/\/www.atelier-e-six.de\/wordpress\/wp-content\/uploads\/2019\/10\/IMG_20191027_145447-208x300.jpg 208w, https:\/\/www.atelier-e-six.de\/wordpress\/wp-content\/uploads\/2019\/10\/IMG_20191027_145447-768x1110.jpg 768w, https:\/\/www.atelier-e-six.de\/wordpress\/wp-content\/uploads\/2019\/10\/IMG_20191027_145447-600x867.jpg 600w, https:\/\/www.atelier-e-six.de\/wordpress\/wp-content\/uploads\/2019\/10\/IMG_20191027_145447.jpg 1841w\" sizes=\"auto, (max-width: 708px) 100vw, 708px\" \/><\/a><\/p>\n<p>&nbsp;<\/p>\n<p style=\"text-align: center;\"><a href=\"https:\/\/www.atelier-e-six.de\/wordpress\/wp-content\/uploads\/2019\/10\/Photo_1572184600317.png\"><img loading=\"lazy\" decoding=\"async\" class=\"aligncenter size-large wp-image-15527\" src=\"https:\/\/www.atelier-e-six.de\/wordpress\/wp-content\/uploads\/2019\/10\/Photo_1572184600317-1024x707.png\" alt=\"\" width=\"780\" height=\"539\" srcset=\"https:\/\/www.atelier-e-six.de\/wordpress\/wp-content\/uploads\/2019\/10\/Photo_1572184600317-1024x707.png 1024w, https:\/\/www.atelier-e-six.de\/wordpress\/wp-content\/uploads\/2019\/10\/Photo_1572184600317-300x207.png 300w, https:\/\/www.atelier-e-six.de\/wordpress\/wp-content\/uploads\/2019\/10\/Photo_1572184600317-768x530.png 768w, https:\/\/www.atelier-e-six.de\/wordpress\/wp-content\/uploads\/2019\/10\/Photo_1572184600317-600x414.png 600w, https:\/\/www.atelier-e-six.de\/wordpress\/wp-content\/uploads\/2019\/10\/Photo_1572184600317.png 1565w\" sizes=\"auto, (max-width: 780px) 100vw, 780px\" \/><\/a><\/p>\n<p style=\"text-align: center;\"><a href=\"https:\/\/www.atelier-e-six.de\/wordpress\/wp-content\/uploads\/2019\/10\/IMG_20191025_135801.jpg\"><img loading=\"lazy\" decoding=\"async\" class=\"aligncenter size-large wp-image-15206\" src=\"https:\/\/www.atelier-e-six.de\/wordpress\/wp-content\/uploads\/2019\/10\/IMG_20191025_135801-768x1024.jpg\" alt=\"\" width=\"768\" height=\"1024\" srcset=\"https:\/\/www.atelier-e-six.de\/wordpress\/wp-content\/uploads\/2019\/10\/IMG_20191025_135801-768x1024.jpg 768w, https:\/\/www.atelier-e-six.de\/wordpress\/wp-content\/uploads\/2019\/10\/IMG_20191025_135801-225x300.jpg 225w, https:\/\/www.atelier-e-six.de\/wordpress\/wp-content\/uploads\/2019\/10\/IMG_20191025_135801-600x800.jpg 600w\" sizes=\"auto, (max-width: 768px) 100vw, 768px\" \/><\/a><\/p>\n<p style=\"text-align: center;\"><a href=\"https:\/\/www.atelier-e-six.de\/wordpress\/wp-content\/uploads\/2019\/10\/IMG_20191025_135806.jpg\"><img loading=\"lazy\" decoding=\"async\" class=\"aligncenter size-large wp-image-15207\" src=\"https:\/\/www.atelier-e-six.de\/wordpress\/wp-content\/uploads\/2019\/10\/IMG_20191025_135806-768x1024.jpg\" alt=\"\" width=\"768\" height=\"1024\" srcset=\"https:\/\/www.atelier-e-six.de\/wordpress\/wp-content\/uploads\/2019\/10\/IMG_20191025_135806-768x1024.jpg 768w, https:\/\/www.atelier-e-six.de\/wordpress\/wp-content\/uploads\/2019\/10\/IMG_20191025_135806-225x300.jpg 225w, https:\/\/www.atelier-e-six.de\/wordpress\/wp-content\/uploads\/2019\/10\/IMG_20191025_135806-600x800.jpg 600w\" sizes=\"auto, (max-width: 768px) 100vw, 768px\" \/><\/a><\/p>\n<p style=\"text-align: center;\"><a href=\"https:\/\/www.atelier-e-six.de\/wordpress\/wp-content\/uploads\/2019\/10\/Photo_1572184553272.png\"><img loading=\"lazy\" decoding=\"async\" class=\"aligncenter size-large wp-image-15526\" src=\"https:\/\/www.atelier-e-six.de\/wordpress\/wp-content\/uploads\/2019\/10\/Photo_1572184553272-1024x707.png\" alt=\"\" width=\"780\" height=\"539\" srcset=\"https:\/\/www.atelier-e-six.de\/wordpress\/wp-content\/uploads\/2019\/10\/Photo_1572184553272-1024x707.png 1024w, https:\/\/www.atelier-e-six.de\/wordpress\/wp-content\/uploads\/2019\/10\/Photo_1572184553272-300x207.png 300w, https:\/\/www.atelier-e-six.de\/wordpress\/wp-content\/uploads\/2019\/10\/Photo_1572184553272-768x530.png 768w, https:\/\/www.atelier-e-six.de\/wordpress\/wp-content\/uploads\/2019\/10\/Photo_1572184553272-600x414.png 600w, https:\/\/www.atelier-e-six.de\/wordpress\/wp-content\/uploads\/2019\/10\/Photo_1572184553272.png 1565w\" sizes=\"auto, (max-width: 780px) 100vw, 780px\" \/><\/a><\/p>\n<p style=\"text-align: center;\">Gem\u00e4lde wurde von mir auf Leinwand Keilrahmen handgefertigt in meinem Atelier.&nbsp;&nbsp;<\/p>\n<p style=\"text-align: center;\">R\u00fcckseitig mit <span style=\"font-size: 1.0625rem; text-align: center;\">Signatur, vollem Namen, Websitevermerk, Copyright-Hinweis und Entstehungsjahr versehen. Vorderseitige Signatur auf Wunsch.&nbsp; Sie erhalten das abgebildete Originalgem\u00e4lde mit auf Wunsch zus\u00e4tzlich unmittelbar &nbsp;vor dem Versand angebrachter vorderseitiger Signatur. Die Gem\u00e4lde werden &nbsp;weiterhin oder zuk\u00fcnftig auf meiner Website www.atelier-e-six.de und www.elisabethsix.de ver\u00f6ffentlicht bleiben. COPYRIGHT E.SIX<\/span><\/p>\n","protected":false},"excerpt":{"rendered":"<p>Acrylgem\u00e4lde von Elisabeth Six 70 mal 100 cm &nbsp;auf Leinwand Keilrahmen &nbsp; Gem\u00e4lde wurde von mir auf Leinwand Keilrahmen handgefertigt in meinem Atelier.&nbsp;&nbsp; R\u00fcckseitig mit Signatur, vollem Namen, Websitevermerk, Copyright-Hinweis und Entstehungsjahr versehen. Vorderseitige Signatur auf Wunsch.&nbsp; Sie erhalten das abgebildete Originalgem\u00e4lde mit auf Wunsch zus\u00e4tzlich unmittelbar &nbsp;vor dem Versand<\/p>\n","protected":false},"featured_media":15526,"comment_status":"closed","ping_status":"closed","template":"","meta":{"ngg_post_thumbnail":0},"product_cat":[82,179,8],"product_tag":[],"class_list":["post-31318","product","type-product","status-publish","has-post-thumbnail","hentry","product_cat-201-e-500-e","product_cat-70-x-100-cm","product_cat-acrylgemaelde"],"_links":{"self":[{"href":"https:\/\/www.atelier-e-six.de\/wordpress\/wp-json\/wp\/v2\/product\/31318","targetHints":{"allow":["GET"]}}],"collection":[{"href":"https:\/\/www.atelier-e-six.de\/wordpress\/wp-json\/wp\/v2\/product"}],"about":[{"href":"https:\/\/www.atelier-e-six.de\/wordpress\/wp-json\/wp\/v2\/types\/product"}],"replies":[{"embeddable":true,"href":"https:\/\/www.atelier-e-six.de\/wordpress\/wp-json\/wp\/v2\/comments?post=31318"}],"wp:featuredmedia":[{"embeddable":true,"href":"https:\/\/www.atelier-e-six.de\/wordpress\/wp-json\/wp\/v2\/media\/15526"}],"wp:attachment":[{"href":"https:\/\/www.atelier-e-six.de\/wordpress\/wp-json\/wp\/v2\/media?parent=31318"}],"wp:term":[{"taxonomy":"product_cat","embeddable":true,"href":"https:\/\/www.atelier-e-six.de\/wordpress\/wp-json\/wp\/v2\/product_cat?post=31318"},{"taxonomy":"product_tag","embeddable":true,"href":"https:\/\/www.atelier-e-six.de\/wordpress\/wp-json\/wp\/v2\/product_tag?post=31318"}],"curies":[{"name":"wp","href":"https:\/\/api.w.org\/{rel}","templated":true}]}}