{"id":3148,"date":"2018-04-18T18:09:45","date_gmt":"2018-04-18T16:09:45","guid":{"rendered":"https:\/\/www.atelier-e-six.de\/wordpress\/?post_type=product&#038;p=3148"},"modified":"2019-04-13T09:31:40","modified_gmt":"2019-04-13T07:31:40","slug":"oelbild-23-x-17-cm-kopie-kopie","status":"publish","type":"product","link":"https:\/\/www.atelier-e-six.de\/wordpress\/produkt\/oelbild-23-x-17-cm-kopie-kopie\/","title":{"rendered":"\u00d6lbild 23 x 17 cm"},"content":{"rendered":"<h1 class=\"content__title\" style=\"text-align: center;\"><span style=\"font-size: large; color: #003366;\"><span style=\"font-family: 'Times New Roman';\">\u00d6lgem\u00e4lde Bildausschnitt 23<\/span><span style=\"font-family: 'Times New Roman';\">&nbsp;mal 17 cm hinter Glas inclusive Rahmen&nbsp;<\/span><\/span><\/h1>\n<p style=\"text-align: center;\"><span style=\"font-size: 1.0625rem;\">\u00d6lgem\u00e4lde von Elisabeth Six.<\/span><\/p>\n<p dir=\"ltr\" style=\"text-align: center;\">Das Gem\u00e4lde wurde auf Leinwand-K\u00fcnstler-Malplatte handgefertigt in meinem Atelier.<\/p>\n<p dir=\"ltr\"><a href=\"https:\/\/www.atelier-e-six.de\/wordpress\/wp-content\/uploads\/2018\/04\/IMG_20180418_150706.jpg\" target=\"_blank\" rel=\"noopener\"><img loading=\"lazy\" decoding=\"async\" class=\"aligncenter wp-image-3126 size-large\" src=\"https:\/\/www.atelier-e-six.de\/wordpress\/wp-content\/uploads\/2018\/04\/IMG_20180418_150706-784x1024.jpg\" alt=\"\" width=\"780\" height=\"1019\" srcset=\"https:\/\/www.atelier-e-six.de\/wordpress\/wp-content\/uploads\/2018\/04\/IMG_20180418_150706-784x1024.jpg 784w, https:\/\/www.atelier-e-six.de\/wordpress\/wp-content\/uploads\/2018\/04\/IMG_20180418_150706-600x784.jpg 600w, https:\/\/www.atelier-e-six.de\/wordpress\/wp-content\/uploads\/2018\/04\/IMG_20180418_150706-230x300.jpg 230w, https:\/\/www.atelier-e-six.de\/wordpress\/wp-content\/uploads\/2018\/04\/IMG_20180418_150706-768x1003.jpg 768w\" sizes=\"auto, (max-width: 780px) 100vw, 780px\" \/><\/a><\/p>\n<p dir=\"ltr\" style=\"text-align: center;\">R\u00fcckseitig mit Signatur, vollem Namen, Websitevermerk, Copyright-Hinweis und Entstehungsjahr versehen. Vorderseitige Signatur auf Wunsch.<\/p>\n<p dir=\"ltr\" style=\"text-align: center;\">Sie erhalten das abgebildete Originalgem\u00e4lde mit auf Wunsch zus\u00e4tzlich unmittelbar&nbsp; vor dem Versand angebrachter vorderseitiger Signatur.<\/p>\n<p dir=\"ltr\" style=\"text-align: center;\">Jedes Gem\u00e4lde wird vor dem Versand mit frischem Abschlussfirnis versehen.<\/p>\n<p dir=\"ltr\" style=\"text-align: center;\">Die Gem\u00e4lde werden&nbsp; weiterhin oder zuk\u00fcnftig auf meiner Website www.atelier-e-six.de und www.elisabethsix.de ver\u00f6ffentlicht bleiben.<\/p>\n<p dir=\"ltr\" style=\"text-align: center;\">COPYRIGHT E.SIX<span style=\"color: #003366; font-family: 'Times New Roman'; font-size: large;\">&nbsp;<\/span><\/p>\n<p>&nbsp;<\/p>\n","protected":false},"excerpt":{"rendered":"<p>\u00d6lgem\u00e4lde Bildausschnitt 23&nbsp;mal 17 cm hinter Glas inclusive Rahmen&nbsp; \u00d6lgem\u00e4lde von Elisabeth Six. Das Gem\u00e4lde wurde auf Leinwand-K\u00fcnstler-Malplatte handgefertigt in meinem Atelier. R\u00fcckseitig mit Signatur, vollem Namen, Websitevermerk, Copyright-Hinweis und Entstehungsjahr versehen. Vorderseitige Signatur auf Wunsch. Sie erhalten das abgebildete Originalgem\u00e4lde mit auf Wunsch zus\u00e4tzlich unmittelbar&nbsp; vor dem Versand angebrachter<\/p>\n","protected":false},"featured_media":3126,"comment_status":"closed","ping_status":"closed","template":"","meta":{"ngg_post_thumbnail":0},"product_cat":[82,114,9,7],"product_tag":[79],"class_list":["post-3148","product","type-product","status-publish","has-post-thumbnail","hentry","product_cat-201-e-500-e","product_cat-miniatur-incl-rahmen","product_cat-miniaturen","product_cat-oelgemaelde","product_tag-abstract-art"],"_links":{"self":[{"href":"https:\/\/www.atelier-e-six.de\/wordpress\/wp-json\/wp\/v2\/product\/3148","targetHints":{"allow":["GET"]}}],"collection":[{"href":"https:\/\/www.atelier-e-six.de\/wordpress\/wp-json\/wp\/v2\/product"}],"about":[{"href":"https:\/\/www.atelier-e-six.de\/wordpress\/wp-json\/wp\/v2\/types\/product"}],"replies":[{"embeddable":true,"href":"https:\/\/www.atelier-e-six.de\/wordpress\/wp-json\/wp\/v2\/comments?post=3148"}],"wp:featuredmedia":[{"embeddable":true,"href":"https:\/\/www.atelier-e-six.de\/wordpress\/wp-json\/wp\/v2\/media\/3126"}],"wp:attachment":[{"href":"https:\/\/www.atelier-e-six.de\/wordpress\/wp-json\/wp\/v2\/media?parent=3148"}],"wp:term":[{"taxonomy":"product_cat","embeddable":true,"href":"https:\/\/www.atelier-e-six.de\/wordpress\/wp-json\/wp\/v2\/product_cat?post=3148"},{"taxonomy":"product_tag","embeddable":true,"href":"https:\/\/www.atelier-e-six.de\/wordpress\/wp-json\/wp\/v2\/product_tag?post=3148"}],"curies":[{"name":"wp","href":"https:\/\/api.w.org\/{rel}","templated":true}]}}