{"id":3411,"date":"2018-05-23T19:20:43","date_gmt":"2018-05-23T17:20:43","guid":{"rendered":"https:\/\/www.atelier-e-six.de\/wordpress\/?post_type=product&#038;p=3411"},"modified":"2018-10-06T21:39:05","modified_gmt":"2018-10-06T19:39:05","slug":"acryllbild-50-x-50-cm","status":"publish","type":"product","link":"https:\/\/www.atelier-e-six.de\/wordpress\/produkt\/acryllbild-50-x-50-cm\/","title":{"rendered":"Acryllbild 50 x 50 cm"},"content":{"rendered":"<p dir=\"ltr\" style=\"text-align: center;\">Acrylgem\u00e4lde von Elisabeth Six 50 mal 50 cm&nbsp; auf Leinwand Keilrahmen<\/p>\n<p dir=\"ltr\" style=\"text-align: center;\"><a href=\"https:\/\/www.atelier-e-six.de\/wordpress\/wp-content\/uploads\/2018\/05\/IMG_20180523_183750.jpg\" target=\"_blank\" rel=\"noopener\"><img loading=\"lazy\" decoding=\"async\" class=\"aligncenter wp-image-3415 size-full\" src=\"https:\/\/www.atelier-e-six.de\/wordpress\/wp-content\/uploads\/2018\/05\/IMG_20180523_183750.jpg\" alt=\"\" width=\"2642\" height=\"2646\" srcset=\"https:\/\/www.atelier-e-six.de\/wordpress\/wp-content\/uploads\/2018\/05\/IMG_20180523_183750.jpg 2642w, https:\/\/www.atelier-e-six.de\/wordpress\/wp-content\/uploads\/2018\/05\/IMG_20180523_183750-150x150.jpg 150w, https:\/\/www.atelier-e-six.de\/wordpress\/wp-content\/uploads\/2018\/05\/IMG_20180523_183750-300x300.jpg 300w, https:\/\/www.atelier-e-six.de\/wordpress\/wp-content\/uploads\/2018\/05\/IMG_20180523_183750-768x769.jpg 768w, https:\/\/www.atelier-e-six.de\/wordpress\/wp-content\/uploads\/2018\/05\/IMG_20180523_183750-1022x1024.jpg 1022w, https:\/\/www.atelier-e-six.de\/wordpress\/wp-content\/uploads\/2018\/05\/IMG_20180523_183750-600x600.jpg 600w, https:\/\/www.atelier-e-six.de\/wordpress\/wp-content\/uploads\/2018\/05\/IMG_20180523_183750-100x100.jpg 100w\" sizes=\"auto, (max-width: 2642px) 100vw, 2642px\" \/><\/a><\/p>\n<p dir=\"ltr\" style=\"text-align: center;\">&nbsp;<\/p>\n<p dir=\"ltr\" style=\"text-align: center;\">Das Gem\u00e4lde wurde von mir im Mai 2018 auf Leinwand Keilrahmen handgefertigt in unserem Atelier.<\/p>\n\n\n<div class=\"ngg-galleryoverview ngg-slideshow\"\n\t id=\"ngg-slideshow-798feda6d6eb74f6cd50bb3d80769a47-5342038860\"\n     data-gallery-id=\"798feda6d6eb74f6cd50bb3d80769a47\"\n     style=\"max-width: 743px; max-height: 473px;\">\n\n \t<div id=\"ngg-image-0\" class=\"ngg-gallery-slideshow-image\" style=\"height:473px\">\n\n        <a href=\"https:\/\/www.atelier-e-six.de\/wordpress\/wp-content\/gallery\/unmondonelfaccio\/IMG_20180523_184220.jpg\"\n           title=\"\"\n           data-src=\"https:\/\/www.atelier-e-six.de\/wordpress\/wp-content\/gallery\/unmondonelfaccio\/IMG_20180523_184220.jpg\"\n           data-thumbnail=\"https:\/\/www.atelier-e-six.de\/wordpress\/wp-content\/gallery\/unmondonelfaccio\/thumbs\/thumbs_IMG_20180523_184220.jpg\"\n           data-image-id=\"954\"\n           data-title=\"sdr\"\n           data-description=\"\"\n           class=\"ngg-fancybox\" rel=\"798feda6d6eb74f6cd50bb3d80769a47\">\n\n            <img data-image-id='954'\n                 title=\"\"\n                 alt=\"sdr\"\n                 src=\"https:\/\/www.atelier-e-six.de\/wordpress\/wp-content\/gallery\/unmondonelfaccio\/IMG_20180523_184220.jpg\"\n                 style=\"max-height: 453px;\"\/>\n        <\/a>\n\n        <\/div> \n<div id=\"ngg-image-1\" class=\"ngg-gallery-slideshow-image\" style=\"height:473px\">\n\n        <a href=\"https:\/\/www.atelier-e-six.de\/wordpress\/wp-content\/gallery\/unmondonelfaccio\/IMG_20180523_184905.jpg\"\n           title=\"\"\n           data-src=\"https:\/\/www.atelier-e-six.de\/wordpress\/wp-content\/gallery\/unmondonelfaccio\/IMG_20180523_184905.jpg\"\n           data-thumbnail=\"https:\/\/www.atelier-e-six.de\/wordpress\/wp-content\/gallery\/unmondonelfaccio\/thumbs\/thumbs_IMG_20180523_184905.jpg\"\n           data-image-id=\"955\"\n           data-title=\"cof\"\n           data-description=\"\"\n           class=\"ngg-fancybox\" rel=\"798feda6d6eb74f6cd50bb3d80769a47\">\n\n            <img data-image-id='955'\n                 title=\"\"\n                 alt=\"cof\"\n                 src=\"https:\/\/www.atelier-e-six.de\/wordpress\/wp-content\/gallery\/unmondonelfaccio\/IMG_20180523_184905.jpg\"\n                 style=\"max-height: 453px;\"\/>\n        <\/a>\n\n        <\/div> \n<div id=\"ngg-image-2\" class=\"ngg-gallery-slideshow-image\" style=\"height:473px\">\n\n        <a href=\"https:\/\/www.atelier-e-six.de\/wordpress\/wp-content\/gallery\/unmondonelfaccio\/IMG_20180523_185104.jpg\"\n           title=\"\"\n           data-src=\"https:\/\/www.atelier-e-six.de\/wordpress\/wp-content\/gallery\/unmondonelfaccio\/IMG_20180523_185104.jpg\"\n           data-thumbnail=\"https:\/\/www.atelier-e-six.de\/wordpress\/wp-content\/gallery\/unmondonelfaccio\/thumbs\/thumbs_IMG_20180523_185104.jpg\"\n           data-image-id=\"956\"\n           data-title=\"sdr\"\n           data-description=\"\"\n           class=\"ngg-fancybox\" rel=\"798feda6d6eb74f6cd50bb3d80769a47\">\n\n            <img data-image-id='956'\n                 title=\"\"\n                 alt=\"sdr\"\n                 src=\"https:\/\/www.atelier-e-six.de\/wordpress\/wp-content\/gallery\/unmondonelfaccio\/IMG_20180523_185104.jpg\"\n                 style=\"max-height: 453px;\"\/>\n        <\/a>\n\n        <\/div> \n<div id=\"ngg-image-3\" class=\"ngg-gallery-slideshow-image\" style=\"height:473px\">\n\n        <a href=\"https:\/\/www.atelier-e-six.de\/wordpress\/wp-content\/gallery\/unmondonelfaccio\/IMG_20180523_184128.jpg\"\n           title=\"\"\n           data-src=\"https:\/\/www.atelier-e-six.de\/wordpress\/wp-content\/gallery\/unmondonelfaccio\/IMG_20180523_184128.jpg\"\n           data-thumbnail=\"https:\/\/www.atelier-e-six.de\/wordpress\/wp-content\/gallery\/unmondonelfaccio\/thumbs\/thumbs_IMG_20180523_184128.jpg\"\n           data-image-id=\"957\"\n           data-title=\"cof\"\n           data-description=\"\"\n           class=\"ngg-fancybox\" rel=\"798feda6d6eb74f6cd50bb3d80769a47\">\n\n            <img data-image-id='957'\n                 title=\"\"\n                 alt=\"cof\"\n                 src=\"https:\/\/www.atelier-e-six.de\/wordpress\/wp-content\/gallery\/unmondonelfaccio\/IMG_20180523_184128.jpg\"\n                 style=\"max-height: 453px;\"\/>\n        <\/a>\n\n        <\/div> \n<div id=\"ngg-image-4\" class=\"ngg-gallery-slideshow-image\" style=\"height:473px\">\n\n        <a href=\"https:\/\/www.atelier-e-six.de\/wordpress\/wp-content\/gallery\/unmondonelfaccio\/IMG_20180523_185151.jpg\"\n           title=\"\"\n           data-src=\"https:\/\/www.atelier-e-six.de\/wordpress\/wp-content\/gallery\/unmondonelfaccio\/IMG_20180523_185151.jpg\"\n           data-thumbnail=\"https:\/\/www.atelier-e-six.de\/wordpress\/wp-content\/gallery\/unmondonelfaccio\/thumbs\/thumbs_IMG_20180523_185151.jpg\"\n           data-image-id=\"958\"\n           data-title=\"cof\"\n           data-description=\"\"\n           class=\"ngg-fancybox\" rel=\"798feda6d6eb74f6cd50bb3d80769a47\">\n\n            <img data-image-id='958'\n                 title=\"\"\n                 alt=\"cof\"\n                 src=\"https:\/\/www.atelier-e-six.de\/wordpress\/wp-content\/gallery\/unmondonelfaccio\/IMG_20180523_185151.jpg\"\n                 style=\"max-height: 453px;\"\/>\n        <\/a>\n\n        <\/div> \n<div id=\"ngg-image-5\" class=\"ngg-gallery-slideshow-image\" style=\"height:473px\">\n\n        <a href=\"https:\/\/www.atelier-e-six.de\/wordpress\/wp-content\/gallery\/unmondonelfaccio\/IMG_20180523_185228.jpg\"\n           title=\"\"\n           data-src=\"https:\/\/www.atelier-e-six.de\/wordpress\/wp-content\/gallery\/unmondonelfaccio\/IMG_20180523_185228.jpg\"\n           data-thumbnail=\"https:\/\/www.atelier-e-six.de\/wordpress\/wp-content\/gallery\/unmondonelfaccio\/thumbs\/thumbs_IMG_20180523_185228.jpg\"\n           data-image-id=\"959\"\n           data-title=\"cof\"\n           data-description=\"\"\n           class=\"ngg-fancybox\" rel=\"798feda6d6eb74f6cd50bb3d80769a47\">\n\n            <img data-image-id='959'\n                 title=\"\"\n                 alt=\"cof\"\n                 src=\"https:\/\/www.atelier-e-six.de\/wordpress\/wp-content\/gallery\/unmondonelfaccio\/IMG_20180523_185228.jpg\"\n                 style=\"max-height: 453px;\"\/>\n        <\/a>\n\n        <\/div> \n<div id=\"ngg-image-6\" class=\"ngg-gallery-slideshow-image\" style=\"height:473px\">\n\n        <a href=\"https:\/\/www.atelier-e-six.de\/wordpress\/wp-content\/gallery\/unmondonelfaccio\/IMG_20180523_183750.jpg\"\n           title=\"\"\n           data-src=\"https:\/\/www.atelier-e-six.de\/wordpress\/wp-content\/gallery\/unmondonelfaccio\/IMG_20180523_183750.jpg\"\n           data-thumbnail=\"https:\/\/www.atelier-e-six.de\/wordpress\/wp-content\/gallery\/unmondonelfaccio\/thumbs\/thumbs_IMG_20180523_183750.jpg\"\n           data-image-id=\"960\"\n           data-title=\"sdr\"\n           data-description=\"\"\n           class=\"ngg-fancybox\" rel=\"798feda6d6eb74f6cd50bb3d80769a47\">\n\n            <img data-image-id='960'\n                 title=\"\"\n                 alt=\"sdr\"\n                 src=\"https:\/\/www.atelier-e-six.de\/wordpress\/wp-content\/gallery\/unmondonelfaccio\/IMG_20180523_183750.jpg\"\n                 style=\"max-height: 453px;\"\/>\n        <\/a>\n\n        <\/div> \n<div id=\"ngg-image-7\" class=\"ngg-gallery-slideshow-image\" style=\"height:473px\">\n\n        <a href=\"https:\/\/www.atelier-e-six.de\/wordpress\/wp-content\/gallery\/unmondonelfaccio\/IMG_20180523_184946.jpg\"\n           title=\"\"\n           data-src=\"https:\/\/www.atelier-e-six.de\/wordpress\/wp-content\/gallery\/unmondonelfaccio\/IMG_20180523_184946.jpg\"\n           data-thumbnail=\"https:\/\/www.atelier-e-six.de\/wordpress\/wp-content\/gallery\/unmondonelfaccio\/thumbs\/thumbs_IMG_20180523_184946.jpg\"\n           data-image-id=\"961\"\n           data-title=\"cof\"\n           data-description=\"\"\n           class=\"ngg-fancybox\" rel=\"798feda6d6eb74f6cd50bb3d80769a47\">\n\n            <img data-image-id='961'\n                 title=\"\"\n                 alt=\"cof\"\n                 src=\"https:\/\/www.atelier-e-six.de\/wordpress\/wp-content\/gallery\/unmondonelfaccio\/IMG_20180523_184946.jpg\"\n                 style=\"max-height: 453px;\"\/>\n        <\/a>\n\n        <\/div> \n<div id=\"ngg-image-8\" class=\"ngg-gallery-slideshow-image\" style=\"height:473px\">\n\n        <a href=\"https:\/\/www.atelier-e-six.de\/wordpress\/wp-content\/gallery\/unmondonelfaccio\/IMG_20180523_184831.jpg\"\n           title=\"\"\n           data-src=\"https:\/\/www.atelier-e-six.de\/wordpress\/wp-content\/gallery\/unmondonelfaccio\/IMG_20180523_184831.jpg\"\n           data-thumbnail=\"https:\/\/www.atelier-e-six.de\/wordpress\/wp-content\/gallery\/unmondonelfaccio\/thumbs\/thumbs_IMG_20180523_184831.jpg\"\n           data-image-id=\"962\"\n           data-title=\"sdr\"\n           data-description=\"\"\n           class=\"ngg-fancybox\" rel=\"798feda6d6eb74f6cd50bb3d80769a47\">\n\n            <img data-image-id='962'\n                 title=\"\"\n                 alt=\"sdr\"\n                 src=\"https:\/\/www.atelier-e-six.de\/wordpress\/wp-content\/gallery\/unmondonelfaccio\/IMG_20180523_184831.jpg\"\n                 style=\"max-height: 453px;\"\/>\n        <\/a>\n\n        <\/div> \n<div id=\"ngg-image-9\" class=\"ngg-gallery-slideshow-image\" style=\"height:473px\">\n\n        <a href=\"https:\/\/www.atelier-e-six.de\/wordpress\/wp-content\/gallery\/unmondonelfaccio\/IMG_20180523_185114.jpg\"\n           title=\"\"\n           data-src=\"https:\/\/www.atelier-e-six.de\/wordpress\/wp-content\/gallery\/unmondonelfaccio\/IMG_20180523_185114.jpg\"\n           data-thumbnail=\"https:\/\/www.atelier-e-six.de\/wordpress\/wp-content\/gallery\/unmondonelfaccio\/thumbs\/thumbs_IMG_20180523_185114.jpg\"\n           data-image-id=\"963\"\n           data-title=\"sdr\"\n           data-description=\"\"\n           class=\"ngg-fancybox\" rel=\"798feda6d6eb74f6cd50bb3d80769a47\">\n\n            <img data-image-id='963'\n                 title=\"\"\n                 alt=\"sdr\"\n                 src=\"https:\/\/www.atelier-e-six.de\/wordpress\/wp-content\/gallery\/unmondonelfaccio\/IMG_20180523_185114.jpg\"\n                 style=\"max-height: 453px;\"\/>\n        <\/a>\n\n        <\/div> \n<\/div>\n\n\n\n\n<p dir=\"ltr\" style=\"text-align: center;\">&nbsp;<\/p>\n<p dir=\"ltr\" style=\"text-align: center;\"><span style=\"font-size: 1.0625rem;\">R\u00fcckseitig mit Signatur, vollem Namen, Websitevermerk, Copyright-Hinweis und Entstehungsjahr versehen. Vorderseitige Signatur auf Wunsch.<\/span><\/p>\n<p dir=\"ltr\" style=\"text-align: center;\">&nbsp;<\/p>\n<p dir=\"ltr\" style=\"text-align: center;\">Sie erhalten das abgebildete Originalgem\u00e4lde mit auf Wunsch zus\u00e4tzlich unmittelbar&nbsp; vor dem Versand angebrachter vorderseitiger Signatur.<\/p>\n<p dir=\"ltr\" style=\"text-align: center;\"><a href=\"https:\/\/www.atelier-e-six.de\/wordpress\/wp-content\/uploads\/2018\/05\/IMG_20180523_183750.jpg\"><img loading=\"lazy\" decoding=\"async\" class=\"aligncenter size-large wp-image-3415\" src=\"https:\/\/www.atelier-e-six.de\/wordpress\/wp-content\/uploads\/2018\/05\/IMG_20180523_183750-1022x1024.jpg\" alt=\"\" width=\"780\" height=\"782\" srcset=\"https:\/\/www.atelier-e-six.de\/wordpress\/wp-content\/uploads\/2018\/05\/IMG_20180523_183750-1022x1024.jpg 1022w, https:\/\/www.atelier-e-six.de\/wordpress\/wp-content\/uploads\/2018\/05\/IMG_20180523_183750-150x150.jpg 150w, https:\/\/www.atelier-e-six.de\/wordpress\/wp-content\/uploads\/2018\/05\/IMG_20180523_183750-300x300.jpg 300w, https:\/\/www.atelier-e-six.de\/wordpress\/wp-content\/uploads\/2018\/05\/IMG_20180523_183750-768x769.jpg 768w, https:\/\/www.atelier-e-six.de\/wordpress\/wp-content\/uploads\/2018\/05\/IMG_20180523_183750-600x601.jpg 600w, https:\/\/www.atelier-e-six.de\/wordpress\/wp-content\/uploads\/2018\/05\/IMG_20180523_183750-100x100.jpg 100w\" sizes=\"auto, (max-width: 780px) 100vw, 780px\" \/><\/a><\/p>\n<p dir=\"ltr\" style=\"text-align: center;\">Jedes Gem\u00e4lde wird vor dem Versand mit frischem Abschlussfirnis versehen. Sandbilder erhalten einen Mattfirnis, \u00d6lgem\u00e4lde und Acrylbilder einen Glanzfirnis.<\/p>\n<p dir=\"ltr\" style=\"text-align: center;\">Die Gem\u00e4lde werden&nbsp; weiterhin oder zuk\u00fcnftig auf meiner Website www.atelier-e-six.de und www.elisabethsix.de ver\u00f6ffentlicht bleiben.<\/p>\n<p dir=\"ltr\" style=\"text-align: center;\">COPYRIGHT E.SIX<\/p>\n","protected":false},"excerpt":{"rendered":"<p>Acrylgem\u00e4lde von Elisabeth Six 50 mal 50 cm&nbsp; auf Leinwand Keilrahmen &nbsp; Das Gem\u00e4lde wurde von mir im Mai 2018 auf Leinwand Keilrahmen handgefertigt in unserem Atelier. &#8221; order_by=&#8221;sortorder&#8221; order_direction=&#8221;DESC&#8221; returns=&#8221;included&#8221; maximum_entity_count=&#8221;500&#8243;] &nbsp; R\u00fcckseitig mit Signatur, vollem Namen, Websitevermerk, Copyright-Hinweis und Entstehungsjahr versehen. Vorderseitige Signatur auf Wunsch. &nbsp; Sie erhalten<\/p>\n","protected":false},"featured_media":3415,"comment_status":"closed","ping_status":"closed","template":"","meta":{"ngg_post_thumbnail":0},"product_cat":[126,65,8],"product_tag":[79,76],"class_list":["post-3411","product","type-product","status-publish","has-post-thumbnail","hentry","product_cat-500-e-1000-e","product_cat-50-x-50-cm","product_cat-acrylgemaelde","product_tag-abstract-art","product_tag-elisabeth-six"],"_links":{"self":[{"href":"https:\/\/www.atelier-e-six.de\/wordpress\/wp-json\/wp\/v2\/product\/3411","targetHints":{"allow":["GET"]}}],"collection":[{"href":"https:\/\/www.atelier-e-six.de\/wordpress\/wp-json\/wp\/v2\/product"}],"about":[{"href":"https:\/\/www.atelier-e-six.de\/wordpress\/wp-json\/wp\/v2\/types\/product"}],"replies":[{"embeddable":true,"href":"https:\/\/www.atelier-e-six.de\/wordpress\/wp-json\/wp\/v2\/comments?post=3411"}],"wp:featuredmedia":[{"embeddable":true,"href":"https:\/\/www.atelier-e-six.de\/wordpress\/wp-json\/wp\/v2\/media\/3415"}],"wp:attachment":[{"href":"https:\/\/www.atelier-e-six.de\/wordpress\/wp-json\/wp\/v2\/media?parent=3411"}],"wp:term":[{"taxonomy":"product_cat","embeddable":true,"href":"https:\/\/www.atelier-e-six.de\/wordpress\/wp-json\/wp\/v2\/product_cat?post=3411"},{"taxonomy":"product_tag","embeddable":true,"href":"https:\/\/www.atelier-e-six.de\/wordpress\/wp-json\/wp\/v2\/product_tag?post=3411"}],"curies":[{"name":"wp","href":"https:\/\/api.w.org\/{rel}","templated":true}]}}