{"id":3628,"date":"2018-09-28T15:52:36","date_gmt":"2018-09-28T13:52:36","guid":{"rendered":"https:\/\/www.atelier-e-six.de\/wordpress\/?post_type=product&#038;p=3628"},"modified":"2022-07-12T21:17:54","modified_gmt":"2022-07-12T19:17:54","slug":"oelbild-198-x-148-cm","status":"publish","type":"product","link":"https:\/\/www.atelier-e-six.de\/wordpress\/produkt\/oelbild-198-x-148-cm\/","title":{"rendered":"\u00d6lbild 19,8 x 14,8 cm"},"content":{"rendered":"<p class=\"content__title\" style=\"text-align: center;\">\u00d6lbild Gem\u00e4lde auf Leinwand 19,8 x 14,8 cm verglast incl. Rahmen &nbsp; &nbsp; &nbsp;Bildausschnitt 17,2&nbsp; mal 12,2 cm<\/p>\n<p style=\"text-align: center;\"><span style=\"font-size: 1.0625rem;\">\u00d6lgem\u00e4lde von Elisabeth Six.<\/span><\/p>\n<p dir=\"ltr\" style=\"text-align: center;\">Das Gem\u00e4lde wurde auf Leinwand handgefertigt in meinem Atelier.<\/p>\n<p dir=\"ltr\" style=\"text-align: center;\"><a href=\"https:\/\/www.atelier-e-six.de\/wordpress\/wp-content\/uploads\/2018\/09\/IMG_20180711_183851.jpg\" target=\"_blank\" rel=\"noopener\"><img loading=\"lazy\" decoding=\"async\" class=\"aligncenter wp-image-3629 size-large\" src=\"https:\/\/www.atelier-e-six.de\/wordpress\/wp-content\/uploads\/2018\/09\/IMG_20180711_183851-719x1024.jpg\" alt=\"\" width=\"719\" height=\"1024\" srcset=\"https:\/\/www.atelier-e-six.de\/wordpress\/wp-content\/uploads\/2018\/09\/IMG_20180711_183851-719x1024.jpg 719w, https:\/\/www.atelier-e-six.de\/wordpress\/wp-content\/uploads\/2018\/09\/IMG_20180711_183851-211x300.jpg 211w, https:\/\/www.atelier-e-six.de\/wordpress\/wp-content\/uploads\/2018\/09\/IMG_20180711_183851-768x1094.jpg 768w, https:\/\/www.atelier-e-six.de\/wordpress\/wp-content\/uploads\/2018\/09\/IMG_20180711_183851-600x855.jpg 600w\" sizes=\"auto, (max-width: 719px) 100vw, 719px\" \/><\/a><\/p>\n<p dir=\"ltr\">&nbsp;<\/p>\n<p dir=\"ltr\" style=\"text-align: center;\"><a href=\"https:\/\/www.atelier-e-six.de\/wordpress\/wp-content\/uploads\/2018\/09\/s-l1600-36.jpg\" target=\"_blank\" rel=\"noopener\"><img loading=\"lazy\" decoding=\"async\" class=\"aligncenter wp-image-3630 size-large\" src=\"https:\/\/www.atelier-e-six.de\/wordpress\/wp-content\/uploads\/2018\/09\/s-l1600-36-817x1024.jpg\" alt=\"\" width=\"780\" height=\"978\" srcset=\"https:\/\/www.atelier-e-six.de\/wordpress\/wp-content\/uploads\/2018\/09\/s-l1600-36-817x1024.jpg 817w, https:\/\/www.atelier-e-six.de\/wordpress\/wp-content\/uploads\/2018\/09\/s-l1600-36-239x300.jpg 239w, https:\/\/www.atelier-e-six.de\/wordpress\/wp-content\/uploads\/2018\/09\/s-l1600-36-768x962.jpg 768w, https:\/\/www.atelier-e-six.de\/wordpress\/wp-content\/uploads\/2018\/09\/s-l1600-36-600x752.jpg 600w, https:\/\/www.atelier-e-six.de\/wordpress\/wp-content\/uploads\/2018\/09\/s-l1600-36.jpg 1277w\" sizes=\"auto, (max-width: 780px) 100vw, 780px\" \/><\/a><\/p>\n<p dir=\"ltr\" style=\"text-align: center;\"><a href=\"https:\/\/www.atelier-e-six.de\/wordpress\/wp-content\/uploads\/2018\/09\/s-l1600-37.jpg\" target=\"_blank\" rel=\"noopener\"><img loading=\"lazy\" decoding=\"async\" class=\"aligncenter wp-image-3631 size-large\" src=\"https:\/\/www.atelier-e-six.de\/wordpress\/wp-content\/uploads\/2018\/09\/s-l1600-37-774x1024.jpg\" alt=\"\" width=\"774\" height=\"1024\" srcset=\"https:\/\/www.atelier-e-six.de\/wordpress\/wp-content\/uploads\/2018\/09\/s-l1600-37-774x1024.jpg 774w, https:\/\/www.atelier-e-six.de\/wordpress\/wp-content\/uploads\/2018\/09\/s-l1600-37-227x300.jpg 227w, https:\/\/www.atelier-e-six.de\/wordpress\/wp-content\/uploads\/2018\/09\/s-l1600-37-768x1016.jpg 768w, https:\/\/www.atelier-e-six.de\/wordpress\/wp-content\/uploads\/2018\/09\/s-l1600-37-600x794.jpg 600w, https:\/\/www.atelier-e-six.de\/wordpress\/wp-content\/uploads\/2018\/09\/s-l1600-37.jpg 1209w\" sizes=\"auto, (max-width: 774px) 100vw, 774px\" \/><\/a><\/p>\n<p dir=\"ltr\" style=\"text-align: center;\">R\u00fcckseitig mit Signatur, vollem Namen, Websitevermerk, Copyright-Hinweis und Entstehungsjahr versehen. Vorderseitige Signatur auf Wunsch.<\/p>\n<p dir=\"ltr\" style=\"text-align: center;\">Sie erhalten das abgebildete Originalgem\u00e4lde mit auf Wunsch zus\u00e4tzlich unmittelbar&nbsp; vor dem Versand angebrachter vorderseitiger Signatur.<\/p>\n<p dir=\"ltr\" style=\"text-align: center;\">Jedes Gem\u00e4lde wird vor dem Versand mit frischem Abschlussfirnis versehen.<\/p>\n<p dir=\"ltr\" style=\"text-align: center;\">Die Gem\u00e4lde werden&nbsp; weiterhin oder zuk\u00fcnftig auf meiner Website www.atelier-e-six.de und www.elisabethsix.de ver\u00f6ffentlicht bleiben.<\/p>\n<p dir=\"ltr\" style=\"text-align: center;\">COPYRIGHT E.SIX<span style=\"color: #003366; font-family: 'Times New Roman'; font-size: large;\">&nbsp;<\/span><\/p>\n<p>&nbsp;<\/p>\n","protected":false},"excerpt":{"rendered":"<p>\u00d6lbild Gem\u00e4lde auf Leinwand 19,8 x 14,8 cm verglast incl. Rahmen &nbsp; &nbsp; &nbsp;Bildausschnitt 17,2&nbsp; mal 12,2 cm \u00d6lgem\u00e4lde von Elisabeth Six. Das Gem\u00e4lde wurde auf Leinwand handgefertigt in meinem Atelier. &nbsp; R\u00fcckseitig mit Signatur, vollem Namen, Websitevermerk, Copyright-Hinweis und Entstehungsjahr versehen. Vorderseitige Signatur auf Wunsch. Sie erhalten das abgebildete<\/p>\n","protected":false},"featured_media":3631,"comment_status":"closed","ping_status":"closed","template":"","meta":{"ngg_post_thumbnail":0},"product_cat":[70,114,9,7],"product_tag":[79],"class_list":["post-3628","product","type-product","status-publish","has-post-thumbnail","hentry","product_cat-101-e-200-e","product_cat-miniatur-incl-rahmen","product_cat-miniaturen","product_cat-oelgemaelde","product_tag-abstract-art"],"_links":{"self":[{"href":"https:\/\/www.atelier-e-six.de\/wordpress\/wp-json\/wp\/v2\/product\/3628","targetHints":{"allow":["GET"]}}],"collection":[{"href":"https:\/\/www.atelier-e-six.de\/wordpress\/wp-json\/wp\/v2\/product"}],"about":[{"href":"https:\/\/www.atelier-e-six.de\/wordpress\/wp-json\/wp\/v2\/types\/product"}],"replies":[{"embeddable":true,"href":"https:\/\/www.atelier-e-six.de\/wordpress\/wp-json\/wp\/v2\/comments?post=3628"}],"wp:featuredmedia":[{"embeddable":true,"href":"https:\/\/www.atelier-e-six.de\/wordpress\/wp-json\/wp\/v2\/media\/3631"}],"wp:attachment":[{"href":"https:\/\/www.atelier-e-six.de\/wordpress\/wp-json\/wp\/v2\/media?parent=3628"}],"wp:term":[{"taxonomy":"product_cat","embeddable":true,"href":"https:\/\/www.atelier-e-six.de\/wordpress\/wp-json\/wp\/v2\/product_cat?post=3628"},{"taxonomy":"product_tag","embeddable":true,"href":"https:\/\/www.atelier-e-six.de\/wordpress\/wp-json\/wp\/v2\/product_tag?post=3628"}],"curies":[{"name":"wp","href":"https:\/\/api.w.org\/{rel}","templated":true}]}}