{"id":3635,"date":"2018-09-28T16:12:46","date_gmt":"2018-09-28T14:12:46","guid":{"rendered":"https:\/\/www.atelier-e-six.de\/wordpress\/?post_type=product&#038;p=3635"},"modified":"2018-09-28T16:13:18","modified_gmt":"2018-09-28T14:13:18","slug":"oelbild-20-x-20-cm-6","status":"publish","type":"product","link":"https:\/\/www.atelier-e-six.de\/wordpress\/produkt\/oelbild-20-x-20-cm-6\/","title":{"rendered":"\u00d6lbild 20 x 20 cm"},"content":{"rendered":"<p dir=\"ltr\">\u00d6lgem\u00e4lde von Elisabeth Six 20 mal 20 cm&nbsp; auf Leinwand Keilrahmen<\/p>\n<p dir=\"ltr\">Das Gem\u00e4lde wurde von mir auf Leinwand Keilrahmen handgefertigt in meinem Atelier in Italien im Oktober 2017.<\/p>\n<p><a href=\"https:\/\/www.atelier-e-six.de\/wordpress\/wp-content\/uploads\/2017\/10\/17okt1.jpg\" target=\"_blank\" rel=\"noopener\"><img loading=\"lazy\" decoding=\"async\" class=\"aligncenter wp-image-655 size-full\" title=\"Kunst Surrealismus\" src=\"https:\/\/www.atelier-e-six.de\/wordpress\/wp-content\/uploads\/2017\/10\/17okt1.jpg\" alt=\"Elisabeth Six abstrakt\" width=\"2771\" height=\"2634\" srcset=\"https:\/\/www.atelier-e-six.de\/wordpress\/wp-content\/uploads\/2017\/10\/17okt1.jpg 2771w, https:\/\/www.atelier-e-six.de\/wordpress\/wp-content\/uploads\/2017\/10\/17okt1-600x570.jpg 600w, https:\/\/www.atelier-e-six.de\/wordpress\/wp-content\/uploads\/2017\/10\/17okt1-300x285.jpg 300w, https:\/\/www.atelier-e-six.de\/wordpress\/wp-content\/uploads\/2017\/10\/17okt1-768x730.jpg 768w, https:\/\/www.atelier-e-six.de\/wordpress\/wp-content\/uploads\/2017\/10\/17okt1-1024x973.jpg 1024w\" sizes=\"auto, (max-width: 2771px) 100vw, 2771px\" \/><\/a><\/p>\n<p dir=\"ltr\">R\u00fcckseitig mit Signatur, vollem Namen, Websitevermerk, Copyright-Hinweis und Entstehungsjahr versehen. Vorderseitige Signatur auf Wunsch.<\/p>\n<p dir=\"ltr\">Sie erhalten das abgebildete Originalgem\u00e4lde mit auf Wunsch zus\u00e4tzlich unmittelbar&nbsp; vor dem Versand angebrachter vorderseitiger Signatur.<\/p>\n<p dir=\"ltr\">Jedes Gem\u00e4lde wird vor dem Versand mit frischem Abschlussfirnis versehen. Sandbilder erhalten einen Mattfirnis, \u00d6lgem\u00e4lde und Acrylbilder einen Glanzfirnis.<\/p>\n<p dir=\"ltr\">Die Gem\u00e4lde werden&nbsp; weiterhin oder zuk\u00fcnftig auf meiner Website www.atelier-e-six.de und www.elisabethsix.de ver\u00f6ffentlicht bleiben.<\/p>\n<p dir=\"ltr\">COPYRIGHT E.SIX<\/p>\n","protected":false},"excerpt":{"rendered":"<p>\u00d6lgem\u00e4lde von Elisabeth Six 20 mal 20 cm&nbsp; auf Leinwand Keilrahmen Das Gem\u00e4lde wurde von mir auf Leinwand Keilrahmen handgefertigt in meinem Atelier in Italien im Oktober 2017. R\u00fcckseitig mit Signatur, vollem Namen, Websitevermerk, Copyright-Hinweis und Entstehungsjahr versehen. Vorderseitige Signatur auf Wunsch. Sie erhalten das abgebildete Originalgem\u00e4lde mit auf Wunsch<\/p>\n","protected":false},"featured_media":655,"comment_status":"closed","ping_status":"closed","template":"","meta":{"ngg_post_thumbnail":0},"product_cat":[70,40,7],"product_tag":[98,99],"class_list":["post-3635","product","type-product","status-publish","has-post-thumbnail","hentry","product_cat-101-e-200-e","product_cat-20-x-20-cm","product_cat-oelgemaelde","product_tag-oelbild","product_tag-oelgemaelde"],"_links":{"self":[{"href":"https:\/\/www.atelier-e-six.de\/wordpress\/wp-json\/wp\/v2\/product\/3635","targetHints":{"allow":["GET"]}}],"collection":[{"href":"https:\/\/www.atelier-e-six.de\/wordpress\/wp-json\/wp\/v2\/product"}],"about":[{"href":"https:\/\/www.atelier-e-six.de\/wordpress\/wp-json\/wp\/v2\/types\/product"}],"replies":[{"embeddable":true,"href":"https:\/\/www.atelier-e-six.de\/wordpress\/wp-json\/wp\/v2\/comments?post=3635"}],"wp:featuredmedia":[{"embeddable":true,"href":"https:\/\/www.atelier-e-six.de\/wordpress\/wp-json\/wp\/v2\/media\/655"}],"wp:attachment":[{"href":"https:\/\/www.atelier-e-six.de\/wordpress\/wp-json\/wp\/v2\/media?parent=3635"}],"wp:term":[{"taxonomy":"product_cat","embeddable":true,"href":"https:\/\/www.atelier-e-six.de\/wordpress\/wp-json\/wp\/v2\/product_cat?post=3635"},{"taxonomy":"product_tag","embeddable":true,"href":"https:\/\/www.atelier-e-six.de\/wordpress\/wp-json\/wp\/v2\/product_tag?post=3635"}],"curies":[{"name":"wp","href":"https:\/\/api.w.org\/{rel}","templated":true}]}}