{"id":3695,"date":"2018-10-04T21:39:22","date_gmt":"2018-10-04T19:39:22","guid":{"rendered":"https:\/\/www.atelier-e-six.de\/wordpress\/?post_type=product&#038;p=3695"},"modified":"2022-07-12T21:16:16","modified_gmt":"2022-07-12T19:16:16","slug":"acrylbild-24-x-18-cm-4","status":"publish","type":"product","link":"https:\/\/www.atelier-e-six.de\/wordpress\/produkt\/acrylbild-24-x-18-cm-4\/","title":{"rendered":"Acrylbild 24 x 18 cm"},"content":{"rendered":"<p dir=\"ltr\" style=\"text-align: center;\">PAcrylgem\u00e4lde von Elisabeth Six Miniatur 24 &nbsp;mal 18 cm&nbsp; auf Leinwand Keilrahmen<\/p>\n<p dir=\"ltr\" style=\"text-align: center;\"><a href=\"https:\/\/www.atelier-e-six.de\/wordpress\/wp-content\/uploads\/2018\/10\/18jan1.jpg\" target=\"_blank\" rel=\"noopener noreferrer\"><img loading=\"lazy\" decoding=\"async\" class=\"aligncenter wp-image-3698 size-full\" src=\"https:\/\/www.atelier-e-six.de\/wordpress\/wp-content\/uploads\/2018\/10\/18jan1.jpg\" alt=\"\" width=\"3523\" height=\"2656\" srcset=\"https:\/\/www.atelier-e-six.de\/wordpress\/wp-content\/uploads\/2018\/10\/18jan1.jpg 3523w, https:\/\/www.atelier-e-six.de\/wordpress\/wp-content\/uploads\/2018\/10\/18jan1-300x226.jpg 300w, https:\/\/www.atelier-e-six.de\/wordpress\/wp-content\/uploads\/2018\/10\/18jan1-768x579.jpg 768w, https:\/\/www.atelier-e-six.de\/wordpress\/wp-content\/uploads\/2018\/10\/18jan1-1024x772.jpg 1024w, https:\/\/www.atelier-e-six.de\/wordpress\/wp-content\/uploads\/2018\/10\/18jan1-600x452.jpg 600w\" sizes=\"auto, (max-width: 3523px) 100vw, 3523px\" \/><\/a><\/p>\n<p dir=\"ltr\" style=\"text-align: center;\"><a href=\"https:\/\/www.atelier-e-six.de\/wordpress\/wp-content\/uploads\/2018\/10\/s-l1600-62.jpg\" target=\"_blank\" rel=\"noopener noreferrer\"><img loading=\"lazy\" decoding=\"async\" class=\"aligncenter wp-image-3697 size-full\" src=\"https:\/\/www.atelier-e-six.de\/wordpress\/wp-content\/uploads\/2018\/10\/s-l1600-62.jpg\" alt=\"\" width=\"1443\" height=\"1025\" srcset=\"https:\/\/www.atelier-e-six.de\/wordpress\/wp-content\/uploads\/2018\/10\/s-l1600-62.jpg 1443w, https:\/\/www.atelier-e-six.de\/wordpress\/wp-content\/uploads\/2018\/10\/s-l1600-62-300x213.jpg 300w, https:\/\/www.atelier-e-six.de\/wordpress\/wp-content\/uploads\/2018\/10\/s-l1600-62-768x546.jpg 768w, https:\/\/www.atelier-e-six.de\/wordpress\/wp-content\/uploads\/2018\/10\/s-l1600-62-1024x727.jpg 1024w, https:\/\/www.atelier-e-six.de\/wordpress\/wp-content\/uploads\/2018\/10\/s-l1600-62-90x65.jpg 90w, https:\/\/www.atelier-e-six.de\/wordpress\/wp-content\/uploads\/2018\/10\/s-l1600-62-600x426.jpg 600w\" sizes=\"auto, (max-width: 1443px) 100vw, 1443px\" \/><\/a><\/p>\n<p style=\"text-align: center;\"><a href=\"https:\/\/www.atelier-e-six.de\/wordpress\/wp-content\/uploads\/2018\/10\/s-l1600-61.jpg\" target=\"_blank\" rel=\"noopener noreferrer\"><img loading=\"lazy\" decoding=\"async\" class=\"aligncenter wp-image-3696 size-full\" src=\"https:\/\/www.atelier-e-six.de\/wordpress\/wp-content\/uploads\/2018\/10\/s-l1600-61.jpg\" alt=\"\" width=\"1600\" height=\"1200\" srcset=\"https:\/\/www.atelier-e-six.de\/wordpress\/wp-content\/uploads\/2018\/10\/s-l1600-61.jpg 1600w, https:\/\/www.atelier-e-six.de\/wordpress\/wp-content\/uploads\/2018\/10\/s-l1600-61-300x225.jpg 300w, https:\/\/www.atelier-e-six.de\/wordpress\/wp-content\/uploads\/2018\/10\/s-l1600-61-768x576.jpg 768w, https:\/\/www.atelier-e-six.de\/wordpress\/wp-content\/uploads\/2018\/10\/s-l1600-61-1024x768.jpg 1024w, https:\/\/www.atelier-e-six.de\/wordpress\/wp-content\/uploads\/2018\/10\/s-l1600-61-600x450.jpg 600w\" sizes=\"auto, (max-width: 1600px) 100vw, 1600px\" \/><\/a><\/p>\n<p dir=\"ltr\" style=\"text-align: center;\">Das Gem\u00e4lde wurde von mir auf Leinwand Keilrahmen handgefertigt in meinem Atelier.<\/p>\n<p dir=\"ltr\" style=\"text-align: center;\">R\u00fcckseitig mit Signatur, vollem Namen, Websitevermerk, Copyright-Hinweis und Entstehungsjahr versehen. Vorderseitige Signatur auf Wunsch.<\/p>\n<p dir=\"ltr\" style=\"text-align: center;\">Sie erhalten das abgebildete Originalgem\u00e4lde mit auf Wunsch zus\u00e4tzlich unmittelbar&nbsp; vor dem Versand angebrachter vorderseitiger Signatur.<\/p>\n<p dir=\"ltr\" style=\"text-align: center;\">Jedes Gem\u00e4lde wird vor dem Versand mit frischem Abschlussfirnis versehen. (Glanzfirnis)<\/p>\n<p dir=\"ltr\" style=\"text-align: center;\">Die Gem\u00e4lde werden&nbsp; weiterhin oder zuk\u00fcnftig auf meiner Website www.atelier-e-six.de und www.elisabethsix.de ver\u00f6ffentlicht bleiben.<\/p>\n<p dir=\"ltr\" style=\"text-align: center;\">COPYRIGHT E.SIX<\/p>\n","protected":false},"excerpt":{"rendered":"<p>PAcrylgem\u00e4lde von Elisabeth Six Miniatur 24 &nbsp;mal 18 cm&nbsp; auf Leinwand Keilrahmen Das Gem\u00e4lde wurde von mir auf Leinwand Keilrahmen handgefertigt in meinem Atelier. R\u00fcckseitig mit Signatur, vollem Namen, Websitevermerk, Copyright-Hinweis und Entstehungsjahr versehen. Vorderseitige Signatur auf Wunsch. Sie erhalten das abgebildete Originalgem\u00e4lde mit auf Wunsch zus\u00e4tzlich unmittelbar&nbsp; vor dem<\/p>\n","protected":false},"featured_media":3698,"comment_status":"closed","ping_status":"closed","template":"","meta":{"ngg_post_thumbnail":0},"product_cat":[69,34,8,9],"product_tag":[79,76],"class_list":["post-3695","product","type-product","status-publish","has-post-thumbnail","hentry","product_cat-0-e-100-e","product_cat-24-x-18-cm","product_cat-acrylgemaelde","product_cat-miniaturen","product_tag-abstract-art","product_tag-elisabeth-six"],"_links":{"self":[{"href":"https:\/\/www.atelier-e-six.de\/wordpress\/wp-json\/wp\/v2\/product\/3695","targetHints":{"allow":["GET"]}}],"collection":[{"href":"https:\/\/www.atelier-e-six.de\/wordpress\/wp-json\/wp\/v2\/product"}],"about":[{"href":"https:\/\/www.atelier-e-six.de\/wordpress\/wp-json\/wp\/v2\/types\/product"}],"replies":[{"embeddable":true,"href":"https:\/\/www.atelier-e-six.de\/wordpress\/wp-json\/wp\/v2\/comments?post=3695"}],"wp:featuredmedia":[{"embeddable":true,"href":"https:\/\/www.atelier-e-six.de\/wordpress\/wp-json\/wp\/v2\/media\/3698"}],"wp:attachment":[{"href":"https:\/\/www.atelier-e-six.de\/wordpress\/wp-json\/wp\/v2\/media?parent=3695"}],"wp:term":[{"taxonomy":"product_cat","embeddable":true,"href":"https:\/\/www.atelier-e-six.de\/wordpress\/wp-json\/wp\/v2\/product_cat?post=3695"},{"taxonomy":"product_tag","embeddable":true,"href":"https:\/\/www.atelier-e-six.de\/wordpress\/wp-json\/wp\/v2\/product_tag?post=3695"}],"curies":[{"name":"wp","href":"https:\/\/api.w.org\/{rel}","templated":true}]}}