{"id":4511,"date":"2019-06-24T18:58:32","date_gmt":"2019-06-24T16:58:32","guid":{"rendered":"https:\/\/www.atelier-e-six.de\/wordpress\/?post_type=product&#038;p=4511"},"modified":"2019-06-24T18:59:48","modified_gmt":"2019-06-24T16:59:48","slug":"acrylbild-20-x-20-cm-6","status":"publish","type":"product","link":"https:\/\/www.atelier-e-six.de\/wordpress\/produkt\/acrylbild-20-x-20-cm-6\/","title":{"rendered":"Acrylbild 20 x 20 cm"},"content":{"rendered":"<p style=\"text-align: center;\">Acrylgem\u00e4lde \/ Miniatur von Elisabeth Six 20 mal 20 cm &nbsp;auf Leinwand Keilrahmen<\/p>\n<p style=\"text-align: center;\"><a href=\"https:\/\/www.atelier-e-six.de\/wordpress\/wp-content\/uploads\/2017\/08\/IMG_20170526_222438.jpg\" target=\"_blank\" rel=\"noopener noreferrer\"><img loading=\"lazy\" decoding=\"async\" class=\"aligncenter wp-image-188 size-large\" src=\"https:\/\/www.atelier-e-six.de\/wordpress\/wp-content\/uploads\/2017\/08\/IMG_20170526_222438-1019x1024.jpg\" alt=\"\" width=\"780\" height=\"784\" srcset=\"https:\/\/www.atelier-e-six.de\/wordpress\/wp-content\/uploads\/2017\/08\/IMG_20170526_222438-1019x1024.jpg 1019w, https:\/\/www.atelier-e-six.de\/wordpress\/wp-content\/uploads\/2017\/08\/IMG_20170526_222438-100x100.jpg 100w, https:\/\/www.atelier-e-six.de\/wordpress\/wp-content\/uploads\/2017\/08\/IMG_20170526_222438-600x603.jpg 600w, https:\/\/www.atelier-e-six.de\/wordpress\/wp-content\/uploads\/2017\/08\/IMG_20170526_222438-150x150.jpg 150w, https:\/\/www.atelier-e-six.de\/wordpress\/wp-content\/uploads\/2017\/08\/IMG_20170526_222438-768x771.jpg 768w\" sizes=\"auto, (max-width: 780px) 100vw, 780px\" \/><\/a><\/p>\n<p style=\"text-align: center;\">Das Gem\u00e4lde wurde von mir auf Leinwand Keilrahmen handgefertigt in meinem Atelier.&nbsp; R\u00fcckseitig mit Signatur, vollem Namen, Websitevermerk, Copyright-Hinweis und Entstehungsjahr versehen.<\/p>\n<p style=\"text-align: center;\">Vorderseitige Signatur auf Wunsch.&nbsp; Sie erhalten das abgebildete Originalgem\u00e4lde mit auf Wunsch zus\u00e4tzlich unmittelbar &nbsp;vor dem Versand angebrachter vorderseitiger Signatur.<\/p>\n<p style=\"text-align: center;\">Jedes Gem\u00e4lde wird vor dem Versand mit frischem Abschlussfirnis versehen.<\/p>\n<p style=\"text-align: center;\">Die Gem\u00e4lde werden &nbsp;weiterhin oder zuk\u00fcnftig auf meiner Website www.atelier-e-six.de und www.elisabethsix.de ver\u00f6ffentlicht bleiben.<\/p>\n<p style=\"text-align: center;\">&nbsp;<\/p>\n<p style=\"text-align: center;\">&nbsp;<\/p>\n<p style=\"text-align: center;\">&nbsp;<\/p>\n<p style=\"text-align: center;\">&nbsp;<\/p>\n<p style=\"text-align: center;\">&nbsp;<\/p>\n<p style=\"text-align: center;\">&nbsp;<\/p>\n<p style=\"text-align: center;\">&nbsp;<\/p>\n<p style=\"text-align: center;\">&nbsp;<\/p>\n<p style=\"text-align: center;\">&nbsp;<\/p>\n<p style=\"text-align: center;\">&nbsp;<\/p>\n<p style=\"text-align: center;\">&nbsp;<\/p>\n<p style=\"text-align: center;\">&nbsp;<\/p>\n<p style=\"text-align: center;\">&nbsp;<\/p>\n<p style=\"text-align: center;\">&nbsp;<\/p>\n<p style=\"text-align: center;\">&nbsp;<\/p>\n<p style=\"text-align: center;\">&nbsp;<\/p>\n<p style=\"text-align: center;\">COPYRIGHT E.SIX<\/p>\n","protected":false},"excerpt":{"rendered":"<p>Acrylgem\u00e4lde \/ Miniatur von Elisabeth Six 20 mal 20 cm &nbsp;auf Leinwand Keilrahmen Das Gem\u00e4lde wurde von mir auf Leinwand Keilrahmen handgefertigt in meinem Atelier.&nbsp; R\u00fcckseitig mit Signatur, vollem Namen, Websitevermerk, Copyright-Hinweis und Entstehungsjahr versehen. Vorderseitige Signatur auf Wunsch.&nbsp; Sie erhalten das abgebildete Originalgem\u00e4lde mit auf Wunsch zus\u00e4tzlich unmittelbar &nbsp;vor<\/p>\n","protected":false},"featured_media":188,"comment_status":"closed","ping_status":"closed","template":"","meta":{"ngg_post_thumbnail":0},"product_cat":[69,40,8,9],"product_tag":[],"class_list":["post-4511","product","type-product","status-publish","has-post-thumbnail","hentry","product_cat-0-e-100-e","product_cat-20-x-20-cm","product_cat-acrylgemaelde","product_cat-miniaturen"],"_links":{"self":[{"href":"https:\/\/www.atelier-e-six.de\/wordpress\/wp-json\/wp\/v2\/product\/4511","targetHints":{"allow":["GET"]}}],"collection":[{"href":"https:\/\/www.atelier-e-six.de\/wordpress\/wp-json\/wp\/v2\/product"}],"about":[{"href":"https:\/\/www.atelier-e-six.de\/wordpress\/wp-json\/wp\/v2\/types\/product"}],"replies":[{"embeddable":true,"href":"https:\/\/www.atelier-e-six.de\/wordpress\/wp-json\/wp\/v2\/comments?post=4511"}],"wp:featuredmedia":[{"embeddable":true,"href":"https:\/\/www.atelier-e-six.de\/wordpress\/wp-json\/wp\/v2\/media\/188"}],"wp:attachment":[{"href":"https:\/\/www.atelier-e-six.de\/wordpress\/wp-json\/wp\/v2\/media?parent=4511"}],"wp:term":[{"taxonomy":"product_cat","embeddable":true,"href":"https:\/\/www.atelier-e-six.de\/wordpress\/wp-json\/wp\/v2\/product_cat?post=4511"},{"taxonomy":"product_tag","embeddable":true,"href":"https:\/\/www.atelier-e-six.de\/wordpress\/wp-json\/wp\/v2\/product_tag?post=4511"}],"curies":[{"name":"wp","href":"https:\/\/api.w.org\/{rel}","templated":true}]}}