{"id":4602,"date":"2019-08-13T17:52:57","date_gmt":"2019-08-13T15:52:57","guid":{"rendered":"https:\/\/www.atelier-e-six.de\/wordpress\/?post_type=product&#038;p=4602"},"modified":"2022-07-12T21:09:02","modified_gmt":"2022-07-12T19:09:02","slug":"oelbild-24-x-30-cm","status":"publish","type":"product","link":"https:\/\/www.atelier-e-six.de\/wordpress\/produkt\/oelbild-24-x-30-cm\/","title":{"rendered":"\u00d6lbild 24 x 30 cm"},"content":{"rendered":"<p dir=\"ltr\" style=\"text-align: center;\">\u00d6lgem\u00e4lde von Elisabeth Six 24 mal 30 cm&nbsp; auf Leinwand Keilrahmen<\/p>\n<p dir=\"ltr\" style=\"text-align: center;\">&nbsp;<\/p>\n<p><a href=\"https:\/\/www.atelier-e-six.de\/wordpress\/wp-content\/uploads\/2019\/08\/IMG_20190813_174444.jpg\" target=\"_blank\" rel=\"noopener noreferrer\"><img loading=\"lazy\" decoding=\"async\" class=\"aligncenter wp-image-4603 size-large\" src=\"https:\/\/www.atelier-e-six.de\/wordpress\/wp-content\/uploads\/2019\/08\/IMG_20190813_174444-1024x824.jpg\" alt=\"\" width=\"780\" height=\"628\" srcset=\"https:\/\/www.atelier-e-six.de\/wordpress\/wp-content\/uploads\/2019\/08\/IMG_20190813_174444-1024x824.jpg 1024w, https:\/\/www.atelier-e-six.de\/wordpress\/wp-content\/uploads\/2019\/08\/IMG_20190813_174444-300x241.jpg 300w, https:\/\/www.atelier-e-six.de\/wordpress\/wp-content\/uploads\/2019\/08\/IMG_20190813_174444-768x618.jpg 768w, https:\/\/www.atelier-e-six.de\/wordpress\/wp-content\/uploads\/2019\/08\/IMG_20190813_174444-600x483.jpg 600w\" sizes=\"auto, (max-width: 780px) 100vw, 780px\" \/><\/a><\/p>\n<p dir=\"ltr\" style=\"text-align: center;\">Das Gem\u00e4lde wurde von mir auf Leinwand Keilrahmen handgefertigt in meinem Atelier.<\/p>\n<p dir=\"ltr\" style=\"text-align: center;\">R\u00fcckseitig mit Signatur, vollem Namen, Websitevermerk, Copyright-Hinweis und Entstehungsjahr versehen. Vorderseitige Signatur auf Wunsch.<\/p>\n<p dir=\"ltr\" style=\"text-align: center;\">Sie erhalten das abgebildete Originalgem\u00e4lde mit auf Wunsch zus\u00e4tzlich unmittelbar&nbsp; vor dem Versand angebrachter vorderseitiger Signatur.<\/p>\n<p dir=\"ltr\" style=\"text-align: center;\">Jedes Gem\u00e4lde wird vor dem Versand mit frischem Abschlussfirnis versehen. Sandbilder erhalten einen Mattfirnis, \u00d6lgem\u00e4lde und Acrylbilder einen Glanzfirnis.<\/p>\n<p dir=\"ltr\" style=\"text-align: center;\">Die Gem\u00e4lde werden&nbsp; weiterhin oder zuk\u00fcnftig auf meiner Website www.atelier-e-six.de und www.elisabethsix.de ver\u00f6ffentlicht bleiben.<\/p>\n<p dir=\"ltr\" style=\"text-align: center;\">COPYRIGHT E.SIX<\/p>\n","protected":false},"excerpt":{"rendered":"<p>\u00d6lgem\u00e4lde von Elisabeth Six 24 mal 30 cm&nbsp; auf Leinwand Keilrahmen &nbsp; Das Gem\u00e4lde wurde von mir auf Leinwand Keilrahmen handgefertigt in meinem Atelier. R\u00fcckseitig mit Signatur, vollem Namen, Websitevermerk, Copyright-Hinweis und Entstehungsjahr versehen. Vorderseitige Signatur auf Wunsch. Sie erhalten das abgebildete Originalgem\u00e4lde mit auf Wunsch zus\u00e4tzlich unmittelbar&nbsp; vor dem<\/p>\n","protected":false},"featured_media":4603,"comment_status":"closed","ping_status":"closed","template":"","meta":{"ngg_post_thumbnail":0},"product_cat":[69,47,7],"product_tag":[79,77,76,98],"class_list":["post-4602","product","type-product","status-publish","has-post-thumbnail","hentry","product_cat-0-e-100-e","product_cat-30-x-24-cm","product_cat-oelgemaelde","product_tag-abstract-art","product_tag-art","product_tag-elisabeth-six","product_tag-oelbild"],"_links":{"self":[{"href":"https:\/\/www.atelier-e-six.de\/wordpress\/wp-json\/wp\/v2\/product\/4602","targetHints":{"allow":["GET"]}}],"collection":[{"href":"https:\/\/www.atelier-e-six.de\/wordpress\/wp-json\/wp\/v2\/product"}],"about":[{"href":"https:\/\/www.atelier-e-six.de\/wordpress\/wp-json\/wp\/v2\/types\/product"}],"replies":[{"embeddable":true,"href":"https:\/\/www.atelier-e-six.de\/wordpress\/wp-json\/wp\/v2\/comments?post=4602"}],"wp:featuredmedia":[{"embeddable":true,"href":"https:\/\/www.atelier-e-six.de\/wordpress\/wp-json\/wp\/v2\/media\/4603"}],"wp:attachment":[{"href":"https:\/\/www.atelier-e-six.de\/wordpress\/wp-json\/wp\/v2\/media?parent=4602"}],"wp:term":[{"taxonomy":"product_cat","embeddable":true,"href":"https:\/\/www.atelier-e-six.de\/wordpress\/wp-json\/wp\/v2\/product_cat?post=4602"},{"taxonomy":"product_tag","embeddable":true,"href":"https:\/\/www.atelier-e-six.de\/wordpress\/wp-json\/wp\/v2\/product_tag?post=4602"}],"curies":[{"name":"wp","href":"https:\/\/api.w.org\/{rel}","templated":true}]}}