{"id":4604,"date":"2019-08-13T19:21:10","date_gmt":"2019-08-13T17:21:10","guid":{"rendered":"https:\/\/www.atelier-e-six.de\/wordpress\/?post_type=product&#038;p=4604"},"modified":"2022-11-06T20:07:32","modified_gmt":"2022-11-06T19:07:32","slug":"oelbild-50-x-50-cm-8","status":"publish","type":"product","link":"https:\/\/www.atelier-e-six.de\/wordpress\/produkt\/oelbild-50-x-50-cm-8\/","title":{"rendered":"\u00d6lbild 50 x 50 cm &#8211; verkauft &#8211;"},"content":{"rendered":"<p dir=\"ltr\" style=\"text-align: center;\">\u00d6lgem\u00e4lde von Elisabeth Six 50 mal 50 cm&nbsp; auf Leinwand Keilrahmen<\/p>\n<p dir=\"ltr\" style=\"text-align: center;\"><a href=\"https:\/\/www.atelier-e-six.de\/wordpress\/wp-content\/uploads\/2019\/08\/IMG_20190813_191724.jpg\"><img loading=\"lazy\" decoding=\"async\" class=\"aligncenter size-large wp-image-4605\" src=\"https:\/\/www.atelier-e-six.de\/wordpress\/wp-content\/uploads\/2019\/08\/IMG_20190813_191724-1024x1024.jpg\" alt=\"Elisabeth Six abstract painting oil on canvas\" width=\"780\" height=\"780\" srcset=\"https:\/\/www.atelier-e-six.de\/wordpress\/wp-content\/uploads\/2019\/08\/IMG_20190813_191724-1024x1024.jpg 1024w, https:\/\/www.atelier-e-six.de\/wordpress\/wp-content\/uploads\/2019\/08\/IMG_20190813_191724-150x150.jpg 150w, https:\/\/www.atelier-e-six.de\/wordpress\/wp-content\/uploads\/2019\/08\/IMG_20190813_191724-300x300.jpg 300w, https:\/\/www.atelier-e-six.de\/wordpress\/wp-content\/uploads\/2019\/08\/IMG_20190813_191724-768x768.jpg 768w, https:\/\/www.atelier-e-six.de\/wordpress\/wp-content\/uploads\/2019\/08\/IMG_20190813_191724-600x600.jpg 600w, https:\/\/www.atelier-e-six.de\/wordpress\/wp-content\/uploads\/2019\/08\/IMG_20190813_191724-100x100.jpg 100w\" sizes=\"auto, (max-width: 780px) 100vw, 780px\" \/><\/a><\/p>\n<p dir=\"ltr\" style=\"text-align: center;\">Das Gem\u00e4lde wurde von mir auf Leinwand Keilrahmen handgefertigt 2019 in meinem Atelier in Italien.<\/p>\n<p dir=\"ltr\" style=\"text-align: center;\"><a href=\"https:\/\/www.atelier-e-six.de\/wordpress\/wp-content\/uploads\/2019\/08\/IMG_20190813_191642.jpg\"><img loading=\"lazy\" decoding=\"async\" class=\"aligncenter size-large wp-image-4606\" src=\"https:\/\/www.atelier-e-six.de\/wordpress\/wp-content\/uploads\/2019\/08\/IMG_20190813_191642-1024x1024.jpg\" alt=\"Elisabeth Six abstract painting oil on canvas\" width=\"780\" height=\"780\" srcset=\"https:\/\/www.atelier-e-six.de\/wordpress\/wp-content\/uploads\/2019\/08\/IMG_20190813_191642-1024x1024.jpg 1024w, https:\/\/www.atelier-e-six.de\/wordpress\/wp-content\/uploads\/2019\/08\/IMG_20190813_191642-150x150.jpg 150w, https:\/\/www.atelier-e-six.de\/wordpress\/wp-content\/uploads\/2019\/08\/IMG_20190813_191642-300x300.jpg 300w, https:\/\/www.atelier-e-six.de\/wordpress\/wp-content\/uploads\/2019\/08\/IMG_20190813_191642-768x769.jpg 768w, https:\/\/www.atelier-e-six.de\/wordpress\/wp-content\/uploads\/2019\/08\/IMG_20190813_191642-600x600.jpg 600w, https:\/\/www.atelier-e-six.de\/wordpress\/wp-content\/uploads\/2019\/08\/IMG_20190813_191642-100x100.jpg 100w\" sizes=\"auto, (max-width: 780px) 100vw, 780px\" \/><\/a><\/p>\n<p dir=\"ltr\" style=\"text-align: center;\">R\u00fcckseitig mit Signatur, vollem Namen, Websitevermerk, Copyright-Hinweis und Entstehungsjahr versehen. Vorderseitige Signatur auf Wunsch.<\/p>\n<p dir=\"ltr\" style=\"text-align: center;\">Sie erhalten das abgebildete Originalgem\u00e4lde mit auf Wunsch zus\u00e4tzlich unmittelbar&nbsp; vor dem Versand angebrachter vorderseitiger Signatur.<\/p>\n<p dir=\"ltr\" style=\"text-align: center;\">Jedes Gem\u00e4lde wird vor dem Versand mit frischem Abschlussfirnis versehen.<\/p>\n<p dir=\"ltr\" style=\"text-align: center;\">Die Gem\u00e4lde werden&nbsp; weiterhin oder zuk\u00fcnftig auf meiner Website www.atelier-e-six.de und www.elisabethsix.de ver\u00f6ffentlicht bleiben.<\/p>\n<p dir=\"ltr\" style=\"text-align: center;\">COPYRIGHT E.SIX<\/p>\n","protected":false},"excerpt":{"rendered":"<p>\u00d6lgem\u00e4lde von Elisabeth Six 50 mal 50 cm&nbsp; auf Leinwand Keilrahmen Das Gem\u00e4lde wurde von mir auf Leinwand Keilrahmen handgefertigt 2019 in meinem Atelier in Italien. R\u00fcckseitig mit Signatur, vollem Namen, Websitevermerk, Copyright-Hinweis und Entstehungsjahr versehen. Vorderseitige Signatur auf Wunsch. Sie erhalten das abgebildete Originalgem\u00e4lde mit auf Wunsch zus\u00e4tzlich unmittelbar&nbsp;<\/p>\n","protected":false},"featured_media":4605,"comment_status":"closed","ping_status":"closed","template":"","meta":{"ngg_post_thumbnail":0},"product_cat":[82,65,7],"product_tag":[79,76],"class_list":["post-4604","product","type-product","status-publish","has-post-thumbnail","hentry","product_cat-201-e-500-e","product_cat-50-x-50-cm","product_cat-oelgemaelde","product_tag-abstract-art","product_tag-elisabeth-six"],"_links":{"self":[{"href":"https:\/\/www.atelier-e-six.de\/wordpress\/wp-json\/wp\/v2\/product\/4604","targetHints":{"allow":["GET"]}}],"collection":[{"href":"https:\/\/www.atelier-e-six.de\/wordpress\/wp-json\/wp\/v2\/product"}],"about":[{"href":"https:\/\/www.atelier-e-six.de\/wordpress\/wp-json\/wp\/v2\/types\/product"}],"replies":[{"embeddable":true,"href":"https:\/\/www.atelier-e-six.de\/wordpress\/wp-json\/wp\/v2\/comments?post=4604"}],"wp:featuredmedia":[{"embeddable":true,"href":"https:\/\/www.atelier-e-six.de\/wordpress\/wp-json\/wp\/v2\/media\/4605"}],"wp:attachment":[{"href":"https:\/\/www.atelier-e-six.de\/wordpress\/wp-json\/wp\/v2\/media?parent=4604"}],"wp:term":[{"taxonomy":"product_cat","embeddable":true,"href":"https:\/\/www.atelier-e-six.de\/wordpress\/wp-json\/wp\/v2\/product_cat?post=4604"},{"taxonomy":"product_tag","embeddable":true,"href":"https:\/\/www.atelier-e-six.de\/wordpress\/wp-json\/wp\/v2\/product_tag?post=4604"}],"curies":[{"name":"wp","href":"https:\/\/api.w.org\/{rel}","templated":true}]}}