{"id":4617,"date":"2019-08-15T20:18:39","date_gmt":"2019-08-15T18:18:39","guid":{"rendered":"https:\/\/www.atelier-e-six.de\/wordpress\/?post_type=product&#038;p=4617"},"modified":"2019-11-22T19:54:31","modified_gmt":"2019-11-22T18:54:31","slug":"oelbild-198-x-148-cm-mit-rahmen-7","status":"publish","type":"product","link":"https:\/\/www.atelier-e-six.de\/wordpress\/produkt\/oelbild-198-x-148-cm-mit-rahmen-7\/","title":{"rendered":"\u00d6lbild 19,8 x 14,8 cm mit Rahmen"},"content":{"rendered":"<p class=\"content__title\" style=\"text-align: center;\">\u00d6lbild Gem\u00e4lde auf Leinwand 19,8 x 14,8 cm verglast incl. Rahmen &nbsp; &nbsp;<\/p>\n<p class=\"content__title\" style=\"text-align: center;\">&nbsp;Bildausschnitt 17,2&nbsp; mal 12,2 cm<\/p>\n<p style=\"text-align: center;\"><a href=\"https:\/\/www.atelier-e-six.de\/wordpress\/wp-content\/uploads\/2019\/08\/IMG_20190816_152540.jpg\" target=\"_blank\" rel=\"noopener noreferrer\"><img loading=\"lazy\" decoding=\"async\" class=\"aligncenter wp-image-4621 size-large\" src=\"https:\/\/www.atelier-e-six.de\/wordpress\/wp-content\/uploads\/2019\/08\/IMG_20190816_152540-798x1024.jpg\" alt=\"\" width=\"780\" height=\"1001\" srcset=\"https:\/\/www.atelier-e-six.de\/wordpress\/wp-content\/uploads\/2019\/08\/IMG_20190816_152540-798x1024.jpg 798w, https:\/\/www.atelier-e-six.de\/wordpress\/wp-content\/uploads\/2019\/08\/IMG_20190816_152540-234x300.jpg 234w, https:\/\/www.atelier-e-six.de\/wordpress\/wp-content\/uploads\/2019\/08\/IMG_20190816_152540-768x986.jpg 768w, https:\/\/www.atelier-e-six.de\/wordpress\/wp-content\/uploads\/2019\/08\/IMG_20190816_152540-600x770.jpg 600w\" sizes=\"auto, (max-width: 780px) 100vw, 780px\" \/><\/a><\/p>\n<p dir=\"ltr\" style=\"text-align: center;\">Das Gem\u00e4lde wurde auf Leinwand handgefertigt in meinem Atelier.<\/p>\n<p dir=\"ltr\" style=\"text-align: center;\">R\u00fcckseitig mit Signatur, vollem Namen, Websitevermerk, Copyright-Hinweis und Entstehungsjahr versehen. Vorderseitige Signatur auf Wunsch.<\/p>\n<p dir=\"ltr\" style=\"text-align: center;\">Sie erhalten das abgebildete Originalgem\u00e4lde mit auf Wunsch zus\u00e4tzlich unmittelbar&nbsp; vor dem Versand angebrachter vorderseitiger Signatur.<\/p>\n<p dir=\"ltr\" style=\"text-align: center;\">Jedes Gem\u00e4lde wird vor dem Versand mit frischem Abschlussfirnis versehen.<\/p>\n<p dir=\"ltr\" style=\"text-align: center;\">Die Gem\u00e4lde werden&nbsp; weiterhin oder zuk\u00fcnftig auf meiner Website www.atelier-e-six.de und www.elisabethsix.de ver\u00f6ffentlicht bleiben.<\/p>\n<p dir=\"ltr\" style=\"text-align: center;\">COPYRIGHT E.SIX<span style=\"color: #003366; font-family: 'Times New Roman'; font-size: large;\">&nbsp;<\/span><\/p>\n<p>&nbsp;<\/p>\n","protected":false},"excerpt":{"rendered":"<p>\u00d6lbild Gem\u00e4lde auf Leinwand 19,8 x 14,8 cm verglast incl. Rahmen &nbsp; &nbsp; &nbsp;Bildausschnitt 17,2&nbsp; mal 12,2 cm Das Gem\u00e4lde wurde auf Leinwand handgefertigt in meinem Atelier. R\u00fcckseitig mit Signatur, vollem Namen, Websitevermerk, Copyright-Hinweis und Entstehungsjahr versehen. Vorderseitige Signatur auf Wunsch. Sie erhalten das abgebildete Originalgem\u00e4lde mit auf Wunsch zus\u00e4tzlich<\/p>\n","protected":false},"featured_media":4621,"comment_status":"closed","ping_status":"closed","template":"","meta":{"ngg_post_thumbnail":0},"product_cat":[69,114,9,7],"product_tag":[79],"class_list":["post-4617","product","type-product","status-publish","has-post-thumbnail","hentry","product_cat-0-e-100-e","product_cat-miniatur-incl-rahmen","product_cat-miniaturen","product_cat-oelgemaelde","product_tag-abstract-art"],"_links":{"self":[{"href":"https:\/\/www.atelier-e-six.de\/wordpress\/wp-json\/wp\/v2\/product\/4617","targetHints":{"allow":["GET"]}}],"collection":[{"href":"https:\/\/www.atelier-e-six.de\/wordpress\/wp-json\/wp\/v2\/product"}],"about":[{"href":"https:\/\/www.atelier-e-six.de\/wordpress\/wp-json\/wp\/v2\/types\/product"}],"replies":[{"embeddable":true,"href":"https:\/\/www.atelier-e-six.de\/wordpress\/wp-json\/wp\/v2\/comments?post=4617"}],"wp:featuredmedia":[{"embeddable":true,"href":"https:\/\/www.atelier-e-six.de\/wordpress\/wp-json\/wp\/v2\/media\/4621"}],"wp:attachment":[{"href":"https:\/\/www.atelier-e-six.de\/wordpress\/wp-json\/wp\/v2\/media?parent=4617"}],"wp:term":[{"taxonomy":"product_cat","embeddable":true,"href":"https:\/\/www.atelier-e-six.de\/wordpress\/wp-json\/wp\/v2\/product_cat?post=4617"},{"taxonomy":"product_tag","embeddable":true,"href":"https:\/\/www.atelier-e-six.de\/wordpress\/wp-json\/wp\/v2\/product_tag?post=4617"}],"curies":[{"name":"wp","href":"https:\/\/api.w.org\/{rel}","templated":true}]}}