{"id":477,"date":"2017-08-16T19:29:21","date_gmt":"2017-08-16T17:29:21","guid":{"rendered":"https:\/\/www.atelier-e-six.de\/wordpress\/?post_type=product&#038;p=477"},"modified":"2018-10-06T23:49:29","modified_gmt":"2018-10-06T21:49:29","slug":"acrylbild-30-x-30-cm-2","status":"publish","type":"product","link":"https:\/\/www.atelier-e-six.de\/wordpress\/produkt\/acrylbild-30-x-30-cm-2\/","title":{"rendered":"Acrylbild 30 x 30 cm"},"content":{"rendered":"<p dir=\"ltr\" style=\"text-align: center;\">Acrylgem\u00e4lde von Elisabeth Six 30 mal 30 cm&nbsp; auf Leinwand Keilrahmen<\/p>\n<p dir=\"ltr\" style=\"text-align: center;\"><a href=\"https:\/\/www.atelier-e-six.de\/wordpress\/wp-content\/uploads\/2017\/08\/012sssssss.jpg\" target=\"_blank\" rel=\"noopener\"><img loading=\"lazy\" decoding=\"async\" class=\"aligncenter wp-image-462 size-full\" src=\"https:\/\/www.atelier-e-six.de\/wordpress\/wp-content\/uploads\/2017\/08\/012sssssss.jpg\" alt=\"\" width=\"996\" height=\"999\" srcset=\"https:\/\/www.atelier-e-six.de\/wordpress\/wp-content\/uploads\/2017\/08\/012sssssss.jpg 996w, https:\/\/www.atelier-e-six.de\/wordpress\/wp-content\/uploads\/2017\/08\/012sssssss-300x300.jpg 300w, https:\/\/www.atelier-e-six.de\/wordpress\/wp-content\/uploads\/2017\/08\/012sssssss-100x100.jpg 100w, https:\/\/www.atelier-e-six.de\/wordpress\/wp-content\/uploads\/2017\/08\/012sssssss-600x602.jpg 600w, https:\/\/www.atelier-e-six.de\/wordpress\/wp-content\/uploads\/2017\/08\/012sssssss-150x150.jpg 150w, https:\/\/www.atelier-e-six.de\/wordpress\/wp-content\/uploads\/2017\/08\/012sssssss-768x770.jpg 768w\" sizes=\"auto, (max-width: 996px) 100vw, 996px\" \/><\/a><\/p>\n<p dir=\"ltr\" style=\"text-align: center;\">Das Gem\u00e4lde wurde von mir auf Leinwand Keilrahmen handgefertigt in meinem Atelier.<\/p>\n<p dir=\"ltr\" style=\"text-align: center;\">R\u00fcckseitig mit Signatur, vollem Namen, Websitevermerk, Copyright-Hinweis und Entstehungsjahr versehen. Vorderseitige Signatur auf Wunsch.<\/p>\n<p dir=\"ltr\" style=\"text-align: center;\">Sie erhalten das abgebildete Originalgem\u00e4lde mit auf Wunsch zus\u00e4tzlich unmittelbar&nbsp; vor dem Versand angebrachter vorderseitiger Signatur.<\/p>\n<p dir=\"ltr\" style=\"text-align: center;\">Jedes Gem\u00e4lde wird vor dem Versand mit frischem Abschlussfirnis versehen.<\/p>\n<p dir=\"ltr\" style=\"text-align: center;\">Die Gem\u00e4lde werden&nbsp; weiterhin oder zuk\u00fcnftig auf meiner Website www.atelier-e-six.de und www.elisabethsix.de ver\u00f6ffentlicht bleiben.<\/p>\n<p dir=\"ltr\" style=\"text-align: center;\">COPYRIGHT E.SIX<\/p>\n","protected":false},"excerpt":{"rendered":"<p>Acrylgem\u00e4lde von Elisabeth Six 30 mal 30 cm&nbsp; auf Leinwand Keilrahmen Das Gem\u00e4lde wurde von mir auf Leinwand Keilrahmen handgefertigt in meinem Atelier. R\u00fcckseitig mit Signatur, vollem Namen, Websitevermerk, Copyright-Hinweis und Entstehungsjahr versehen. Vorderseitige Signatur auf Wunsch. Sie erhalten das abgebildete Originalgem\u00e4lde mit auf Wunsch zus\u00e4tzlich unmittelbar&nbsp; vor dem Versand<\/p>\n","protected":false},"featured_media":462,"comment_status":"closed","ping_status":"closed","template":"","meta":{"ngg_post_thumbnail":0},"product_cat":[69,58,8],"product_tag":[],"class_list":["post-477","product","type-product","status-publish","has-post-thumbnail","hentry","product_cat-0-e-100-e","product_cat-30-x-30-cm","product_cat-acrylgemaelde"],"_links":{"self":[{"href":"https:\/\/www.atelier-e-six.de\/wordpress\/wp-json\/wp\/v2\/product\/477","targetHints":{"allow":["GET"]}}],"collection":[{"href":"https:\/\/www.atelier-e-six.de\/wordpress\/wp-json\/wp\/v2\/product"}],"about":[{"href":"https:\/\/www.atelier-e-six.de\/wordpress\/wp-json\/wp\/v2\/types\/product"}],"replies":[{"embeddable":true,"href":"https:\/\/www.atelier-e-six.de\/wordpress\/wp-json\/wp\/v2\/comments?post=477"}],"wp:featuredmedia":[{"embeddable":true,"href":"https:\/\/www.atelier-e-six.de\/wordpress\/wp-json\/wp\/v2\/media\/462"}],"wp:attachment":[{"href":"https:\/\/www.atelier-e-six.de\/wordpress\/wp-json\/wp\/v2\/media?parent=477"}],"wp:term":[{"taxonomy":"product_cat","embeddable":true,"href":"https:\/\/www.atelier-e-six.de\/wordpress\/wp-json\/wp\/v2\/product_cat?post=477"},{"taxonomy":"product_tag","embeddable":true,"href":"https:\/\/www.atelier-e-six.de\/wordpress\/wp-json\/wp\/v2\/product_tag?post=477"}],"curies":[{"name":"wp","href":"https:\/\/api.w.org\/{rel}","templated":true}]}}