{"id":484,"date":"2017-08-17T09:00:04","date_gmt":"2017-08-17T07:00:04","guid":{"rendered":"https:\/\/www.atelier-e-six.de\/wordpress\/?post_type=product&#038;p=484"},"modified":"2018-10-06T23:46:34","modified_gmt":"2018-10-06T21:46:34","slug":"oelbild-30-x-30-cm-2","status":"publish","type":"product","link":"https:\/\/www.atelier-e-six.de\/wordpress\/produkt\/oelbild-30-x-30-cm-2\/","title":{"rendered":"\u00d6lbild 30 x 30 cm"},"content":{"rendered":"<p dir=\"ltr\" style=\"text-align: center;\">\u00d6lgem\u00e4lde von Elisabeth Six 30 mal 30 cm&nbsp; auf Leinwand Keilrahmen<\/p>\n<p dir=\"ltr\" style=\"text-align: center;\"><a href=\"https:\/\/www.atelier-e-six.de\/wordpress\/wp-content\/uploads\/2017\/08\/024r.jpg\" target=\"_blank\" rel=\"noopener\"><img loading=\"lazy\" decoding=\"async\" class=\"aligncenter wp-image-465 size-full\" src=\"https:\/\/www.atelier-e-six.de\/wordpress\/wp-content\/uploads\/2017\/08\/024r.jpg\" alt=\"\" width=\"1008\" height=\"1025\" srcset=\"https:\/\/www.atelier-e-six.de\/wordpress\/wp-content\/uploads\/2017\/08\/024r.jpg 1008w, https:\/\/www.atelier-e-six.de\/wordpress\/wp-content\/uploads\/2017\/08\/024r-600x610.jpg 600w, https:\/\/www.atelier-e-six.de\/wordpress\/wp-content\/uploads\/2017\/08\/024r-295x300.jpg 295w, https:\/\/www.atelier-e-six.de\/wordpress\/wp-content\/uploads\/2017\/08\/024r-768x781.jpg 768w, https:\/\/www.atelier-e-six.de\/wordpress\/wp-content\/uploads\/2017\/08\/024r-1007x1024.jpg 1007w\" sizes=\"auto, (max-width: 1008px) 100vw, 1008px\" \/><\/a><\/p>\n<p dir=\"ltr\" style=\"text-align: center;\">Das Gem\u00e4lde wurde von mir auf Leinwand Keilrahmen handgefertigt in meinem Atelier.<\/p>\n<p dir=\"ltr\" style=\"text-align: center;\">R\u00fcckseitig mit Signatur, vollem Namen, Websitevermerk, Copyright-Hinweis und Entstehungsjahr versehen. Vorderseitige Signatur auf Wunsch.<\/p>\n<p dir=\"ltr\" style=\"text-align: center;\">Sie erhalten das abgebildete Originalgem\u00e4lde mit auf Wunsch zus\u00e4tzlich unmittelbar&nbsp; vor dem Versand angebrachter vorderseitiger Signatur.<\/p>\n<p dir=\"ltr\" style=\"text-align: center;\">Jedes Gem\u00e4lde wird vor dem Versand mit frischem Abschlussfirnis versehen.<\/p>\n<p dir=\"ltr\" style=\"text-align: center;\">Die Gem\u00e4lde werden&nbsp; weiterhin oder zuk\u00fcnftig auf meiner Website www.atelier-e-six.de und www.elisabethsix.de ver\u00f6ffentlicht bleiben.<\/p>\n<p dir=\"ltr\" style=\"text-align: center;\">COPYRIGHT E.SIX<\/p>\n","protected":false},"excerpt":{"rendered":"<p>\u00d6lgem\u00e4lde von Elisabeth Six 30 mal 30 cm&nbsp; auf Leinwand Keilrahmen Das Gem\u00e4lde wurde von mir auf Leinwand Keilrahmen handgefertigt in meinem Atelier. R\u00fcckseitig mit Signatur, vollem Namen, Websitevermerk, Copyright-Hinweis und Entstehungsjahr versehen. Vorderseitige Signatur auf Wunsch. Sie erhalten das abgebildete Originalgem\u00e4lde mit auf Wunsch zus\u00e4tzlich unmittelbar&nbsp; vor dem Versand<\/p>\n","protected":false},"featured_media":465,"comment_status":"closed","ping_status":"closed","template":"","meta":{"ngg_post_thumbnail":0},"product_cat":[70,58,7],"product_tag":[],"class_list":["post-484","product","type-product","status-publish","has-post-thumbnail","hentry","product_cat-101-e-200-e","product_cat-30-x-30-cm","product_cat-oelgemaelde"],"_links":{"self":[{"href":"https:\/\/www.atelier-e-six.de\/wordpress\/wp-json\/wp\/v2\/product\/484","targetHints":{"allow":["GET"]}}],"collection":[{"href":"https:\/\/www.atelier-e-six.de\/wordpress\/wp-json\/wp\/v2\/product"}],"about":[{"href":"https:\/\/www.atelier-e-six.de\/wordpress\/wp-json\/wp\/v2\/types\/product"}],"replies":[{"embeddable":true,"href":"https:\/\/www.atelier-e-six.de\/wordpress\/wp-json\/wp\/v2\/comments?post=484"}],"wp:featuredmedia":[{"embeddable":true,"href":"https:\/\/www.atelier-e-six.de\/wordpress\/wp-json\/wp\/v2\/media\/465"}],"wp:attachment":[{"href":"https:\/\/www.atelier-e-six.de\/wordpress\/wp-json\/wp\/v2\/media?parent=484"}],"wp:term":[{"taxonomy":"product_cat","embeddable":true,"href":"https:\/\/www.atelier-e-six.de\/wordpress\/wp-json\/wp\/v2\/product_cat?post=484"},{"taxonomy":"product_tag","embeddable":true,"href":"https:\/\/www.atelier-e-six.de\/wordpress\/wp-json\/wp\/v2\/product_tag?post=484"}],"curies":[{"name":"wp","href":"https:\/\/api.w.org\/{rel}","templated":true}]}}