{"id":597,"date":"2017-09-14T14:02:57","date_gmt":"2017-09-14T12:02:57","guid":{"rendered":"https:\/\/www.atelier-e-six.de\/wordpress\/?post_type=product&#038;p=597"},"modified":"2018-10-06T23:31:04","modified_gmt":"2018-10-06T21:31:04","slug":"acrylbild-24-x-18-cm-2","status":"publish","type":"product","link":"https:\/\/www.atelier-e-six.de\/wordpress\/produkt\/acrylbild-24-x-18-cm-2\/","title":{"rendered":"Acrylbild 24 x 18 cm"},"content":{"rendered":"<p dir=\"ltr\" style=\"text-align: center;\">Acrylgem\u00e4lde von Elisabeth Six Miniatur 24 &nbsp;mal 18 cm&nbsp; auf Leinwand Keilrahmen<\/p>\n<p style=\"text-align: center;\"><a href=\"https:\/\/www.atelier-e-six.de\/wordpress\/wp-content\/uploads\/2017\/09\/17sep6-2.jpg\" target=\"_blank\" rel=\"noopener\"><img loading=\"lazy\" decoding=\"async\" class=\"aligncenter wp-image-598 size-large\" src=\"https:\/\/www.atelier-e-six.de\/wordpress\/wp-content\/uploads\/2017\/09\/17sep6-2-752x1024.jpg\" alt=\"\" width=\"752\" height=\"1024\" srcset=\"https:\/\/www.atelier-e-six.de\/wordpress\/wp-content\/uploads\/2017\/09\/17sep6-2-752x1024.jpg 752w, https:\/\/www.atelier-e-six.de\/wordpress\/wp-content\/uploads\/2017\/09\/17sep6-2-600x817.jpg 600w, https:\/\/www.atelier-e-six.de\/wordpress\/wp-content\/uploads\/2017\/09\/17sep6-2-220x300.jpg 220w, https:\/\/www.atelier-e-six.de\/wordpress\/wp-content\/uploads\/2017\/09\/17sep6-2-768x1045.jpg 768w\" sizes=\"auto, (max-width: 752px) 100vw, 752px\" \/><\/a><\/p>\n<p dir=\"ltr\" style=\"text-align: center;\">Das Gem\u00e4lde wurde von mir auf Leinwand Keilrahmen handgefertigt in meinem Atelier.<\/p>\n<p dir=\"ltr\" style=\"text-align: center;\">R\u00fcckseitig mit Signatur, vollem Namen, Websitevermerk, Copyright-Hinweis und Entstehungsjahr versehen. Vorderseitige Signatur auf Wunsch.<\/p>\n<p dir=\"ltr\" style=\"text-align: center;\">Sie erhalten das abgebildete Originalgem\u00e4lde mit auf Wunsch zus\u00e4tzlich unmittelbar&nbsp; vor dem Versand angebrachter vorderseitiger Signatur.<\/p>\n<p dir=\"ltr\" style=\"text-align: center;\">Jedes Gem\u00e4lde wird vor dem Versand mit frischem Abschlussfirnis versehen.<\/p>\n<p dir=\"ltr\" style=\"text-align: center;\">Die Gem\u00e4lde werden&nbsp; weiterhin oder zuk\u00fcnftig auf meiner Website www.atelier-e-six.de und www.elisabethsix.de ver\u00f6ffentlicht bleiben.<\/p>\n<p dir=\"ltr\" style=\"text-align: center;\">COPYRIGHT E.SIX<\/p>\n","protected":false},"excerpt":{"rendered":"<p>Acrylgem\u00e4lde von Elisabeth Six Miniatur 24 &nbsp;mal 18 cm&nbsp; auf Leinwand Keilrahmen Das Gem\u00e4lde wurde von mir auf Leinwand Keilrahmen handgefertigt in meinem Atelier. R\u00fcckseitig mit Signatur, vollem Namen, Websitevermerk, Copyright-Hinweis und Entstehungsjahr versehen. Vorderseitige Signatur auf Wunsch. Sie erhalten das abgebildete Originalgem\u00e4lde mit auf Wunsch zus\u00e4tzlich unmittelbar&nbsp; vor dem<\/p>\n","protected":false},"featured_media":598,"comment_status":"closed","ping_status":"closed","template":"","meta":{"ngg_post_thumbnail":0},"product_cat":[69,34,8],"product_tag":[79,76],"class_list":["post-597","product","type-product","status-publish","has-post-thumbnail","hentry","product_cat-0-e-100-e","product_cat-24-x-18-cm","product_cat-acrylgemaelde","product_tag-abstract-art","product_tag-elisabeth-six"],"_links":{"self":[{"href":"https:\/\/www.atelier-e-six.de\/wordpress\/wp-json\/wp\/v2\/product\/597","targetHints":{"allow":["GET"]}}],"collection":[{"href":"https:\/\/www.atelier-e-six.de\/wordpress\/wp-json\/wp\/v2\/product"}],"about":[{"href":"https:\/\/www.atelier-e-six.de\/wordpress\/wp-json\/wp\/v2\/types\/product"}],"replies":[{"embeddable":true,"href":"https:\/\/www.atelier-e-six.de\/wordpress\/wp-json\/wp\/v2\/comments?post=597"}],"wp:featuredmedia":[{"embeddable":true,"href":"https:\/\/www.atelier-e-six.de\/wordpress\/wp-json\/wp\/v2\/media\/598"}],"wp:attachment":[{"href":"https:\/\/www.atelier-e-six.de\/wordpress\/wp-json\/wp\/v2\/media?parent=597"}],"wp:term":[{"taxonomy":"product_cat","embeddable":true,"href":"https:\/\/www.atelier-e-six.de\/wordpress\/wp-json\/wp\/v2\/product_cat?post=597"},{"taxonomy":"product_tag","embeddable":true,"href":"https:\/\/www.atelier-e-six.de\/wordpress\/wp-json\/wp\/v2\/product_tag?post=597"}],"curies":[{"name":"wp","href":"https:\/\/api.w.org\/{rel}","templated":true}]}}