{"id":821,"date":"2017-12-15T18:11:36","date_gmt":"2017-12-15T17:11:36","guid":{"rendered":"https:\/\/www.atelier-e-six.de\/wordpress\/?post_type=product&#038;p=821"},"modified":"2018-03-23T16:40:58","modified_gmt":"2018-03-23T15:40:58","slug":"oelbild-15-x-15-cm-kopie","status":"publish","type":"product","link":"https:\/\/www.atelier-e-six.de\/wordpress\/produkt\/oelbild-15-x-15-cm-kopie\/","title":{"rendered":"\u00d6lbild 15 x 15 cm"},"content":{"rendered":"<p class=\"content__title\" style=\"text-align: center;\"><span style=\"font-size: large; color: #003366;\"><span style=\"font-family: 'Times New Roman';\">\u00d6lgem\u00e4lde MINIATUR <\/span><span style=\"font-family: 'Times New Roman';\">15 mal 15 cm inclusive Rahmen.<\/span><\/span><\/p>\n<p style=\"text-align: center;\"><a href=\"https:\/\/www.atelier-e-six.de\/wordpress\/wp-content\/uploads\/2017\/12\/17sep2.jpg\"><img loading=\"lazy\" decoding=\"async\" class=\"aligncenter size-large wp-image-826\" src=\"https:\/\/www.atelier-e-six.de\/wordpress\/wp-content\/uploads\/2017\/12\/17sep2-996x1024.jpg\" alt=\"Elisabeth Six painting abstract red\" width=\"780\" height=\"802\" srcset=\"https:\/\/www.atelier-e-six.de\/wordpress\/wp-content\/uploads\/2017\/12\/17sep2-996x1024.jpg 996w, https:\/\/www.atelier-e-six.de\/wordpress\/wp-content\/uploads\/2017\/12\/17sep2-600x617.jpg 600w, https:\/\/www.atelier-e-six.de\/wordpress\/wp-content\/uploads\/2017\/12\/17sep2-292x300.jpg 292w, https:\/\/www.atelier-e-six.de\/wordpress\/wp-content\/uploads\/2017\/12\/17sep2-768x789.jpg 768w, https:\/\/www.atelier-e-six.de\/wordpress\/wp-content\/uploads\/2017\/12\/17sep2.jpg 2041w\" sizes=\"auto, (max-width: 780px) 100vw, 780px\" \/><\/a><\/p>\n<p dir=\"ltr\" style=\"text-align: center;\">\u00d6lgem\u00e4lde von Elisabeth Six<\/p>\n<p dir=\"ltr\">Das Gem\u00e4lde wurde von mir auf Leinwand Keilrahmen handgefertigt in unserem Atelier.<\/p>\n<p dir=\"ltr\">R\u00fcckseitig mit Signatur, vollem Namen, Websitevermerk, Copyright-Hinweis und Entstehungsjahr versehen. Vorderseitige Signatur auf Wunsch.<\/p>\n<p dir=\"ltr\">Sie erhalten das abgebildete Originalgem\u00e4lde mit auf Wunsch zus\u00e4tzlich unmittelbar&nbsp; vor dem Versand angebrachter vorderseitiger Signatur.<\/p>\n<p dir=\"ltr\">Jedes Gem\u00e4lde wird vor dem Versand mit frischem Abschlussfirnis versehen. Sandbilder erhalten einen Mattfirnis, \u00d6lgem\u00e4lde und Acrylbilder einen Glanzfirnis.<\/p>\n<p dir=\"ltr\">Die Gem\u00e4lde werden&nbsp; weiterhin oder zuk\u00fcnftig auf meiner Website www.atelier-e-six.de und www.elisabethsix.de ver\u00f6ffentlicht bleiben.<\/p>\n<p dir=\"ltr\">COPYRIGHT E.SIX<\/p>\n<p class=\"content__title\" style=\"text-align: center;\"><span style=\"color: #003366; font-family: 'Times New Roman'; font-size: large;\">&nbsp;&nbsp;<\/span><\/p>\n<p style=\"text-align: center;\">&nbsp;<\/p>\n","protected":false},"excerpt":{"rendered":"<p>\u00d6lgem\u00e4lde MINIATUR 15 mal 15 cm inclusive Rahmen. \u00d6lgem\u00e4lde von Elisabeth Six Das Gem\u00e4lde wurde von mir auf Leinwand Keilrahmen handgefertigt in unserem Atelier. R\u00fcckseitig mit Signatur, vollem Namen, Websitevermerk, Copyright-Hinweis und Entstehungsjahr versehen. Vorderseitige Signatur auf Wunsch. Sie erhalten das abgebildete Originalgem\u00e4lde mit auf Wunsch zus\u00e4tzlich unmittelbar&nbsp; vor dem<\/p>\n","protected":false},"featured_media":826,"comment_status":"closed","ping_status":"closed","template":"","meta":{"ngg_post_thumbnail":0},"product_cat":[70,52,114,9,7],"product_tag":[79,76],"class_list":["post-821","product","type-product","status-publish","has-post-thumbnail","hentry","product_cat-101-e-200-e","product_cat-15-x-15-cm","product_cat-miniatur-incl-rahmen","product_cat-miniaturen","product_cat-oelgemaelde","product_tag-abstract-art","product_tag-elisabeth-six"],"_links":{"self":[{"href":"https:\/\/www.atelier-e-six.de\/wordpress\/wp-json\/wp\/v2\/product\/821","targetHints":{"allow":["GET"]}}],"collection":[{"href":"https:\/\/www.atelier-e-six.de\/wordpress\/wp-json\/wp\/v2\/product"}],"about":[{"href":"https:\/\/www.atelier-e-six.de\/wordpress\/wp-json\/wp\/v2\/types\/product"}],"replies":[{"embeddable":true,"href":"https:\/\/www.atelier-e-six.de\/wordpress\/wp-json\/wp\/v2\/comments?post=821"}],"wp:featuredmedia":[{"embeddable":true,"href":"https:\/\/www.atelier-e-six.de\/wordpress\/wp-json\/wp\/v2\/media\/826"}],"wp:attachment":[{"href":"https:\/\/www.atelier-e-six.de\/wordpress\/wp-json\/wp\/v2\/media?parent=821"}],"wp:term":[{"taxonomy":"product_cat","embeddable":true,"href":"https:\/\/www.atelier-e-six.de\/wordpress\/wp-json\/wp\/v2\/product_cat?post=821"},{"taxonomy":"product_tag","embeddable":true,"href":"https:\/\/www.atelier-e-six.de\/wordpress\/wp-json\/wp\/v2\/product_tag?post=821"}],"curies":[{"name":"wp","href":"https:\/\/api.w.org\/{rel}","templated":true}]}}